{"id":10952,"date":"2026-01-23T11:06:28","date_gmt":"2026-01-23T10:06:28","guid":{"rendered":"https:\/\/intra-dev-2.excellis.org\/?page_id=10952"},"modified":"2026-02-05T14:55:47","modified_gmt":"2026-02-05T13:55:47","slug":"documentation-scientifique","status":"publish","type":"page","link":"https:\/\/intra-dev-2.excellis.org\/?page_id=10952","title":{"rendered":"Espace Europe"},"content":{"rendered":"\t\t<div data-elementor-type=\"wp-page\" data-elementor-id=\"10952\" class=\"elementor elementor-10952\" data-elementor-post-type=\"page\">\n\t\t\t\t<div class=\"elementor-element elementor-element-1823a9b e-flex e-con-boxed e-con e-parent\" data-id=\"1823a9b\" data-element_type=\"container\" data-e-type=\"container\">\n\t\t\t\t\t<div class=\"e-con-inner\">\n\t\t<div class=\"elementor-element elementor-element-779fedf e-con-full e-flex e-con e-child\" data-id=\"779fedf\" data-element_type=\"container\" data-e-type=\"container\" data-settings=\"{&quot;background_background&quot;:&quot;classic&quot;}\">\n\t\t<div class=\"elementor-element elementor-element-f356fe2 e-con-full e-flex e-con e-child\" data-id=\"f356fe2\" data-element_type=\"container\" data-e-type=\"container\">\n\t\t\t\t<div class=\"elementor-element elementor-element-9907bd5 elementor-widget elementor-widget-ova_list_link\" data-id=\"9907bd5\" data-element_type=\"widget\" data-e-type=\"widget\" data-widget_type=\"ova_list_link.default\">\n\t\t\t\t<div class=\"elementor-widget-container\">\n\t\t\t\t\t\t\t<div class=\"ova_list_link box-shadow\">\n\t\t\t\t\t\t<h3 class=\"title\">\n\t\t\t\tMenu\t\t\t<\/h3>\n\t\t\t\t\t\t\t\t\t<ul class=\"content\">\n\t\t\t\t\t\t\t\t\t<li class=\"item\">\n\t\t\t\t\t\t<a href=\"https:\/\/intra-dev-2.excellis.org\/?page_id=7095\">\n\t\t\t\t\t\t\tVie du Laboratoire\t\t\t\t\t\t\t\t\t\t\t\t\t\t<span class=\"icon\">\n\t\t\t\t\t\t\t\t<i data-feather=\"chevron-right\"><\/i>\n\t\t\t\t\t\t\t<\/span>\n\t\t\t\t\t\t    \t\t\t\t\t\t    \t\t\t\t\t\t\t<span class=\"icon-hover\">\n\t\t\t\t\t\t\t\t<i data-feather=\"arrow-right\"><\/i>\n\t\t\t\t\t\t\t<\/span>\n\t\t\t\t\t\t\t \t\t\t\t\t\t<\/a>\n\n\t\t\t\t\t<\/li>\n\t\t\t\t\t\t\t\t\t<li class=\"item\">\n\t\t\t\t\t\t<a href=\"https:\/\/intra-dev-2.excellis.org\/?page_id=10783\">\n\t\t\t\t\t\t\tFinances\t\t\t\t\t\t\t\t\t\t\t\t\t\t<span class=\"icon\">\n\t\t\t\t\t\t\t\t<i data-feather=\"chevron-right\"><\/i>\n\t\t\t\t\t\t\t<\/span>\n\t\t\t\t\t\t    \t\t\t\t\t\t    \t\t\t\t\t\t\t<span class=\"icon-hover\">\n\t\t\t\t\t\t\t\t<i data-feather=\"arrow-right\"><\/i>\n\t\t\t\t\t\t\t<\/span>\n\t\t\t\t\t\t\t \t\t\t\t\t\t<\/a>\n\n\t\t\t\t\t<\/li>\n\t\t\t\t\t\t\t\t\t<li class=\"item\">\n\t\t\t\t\t\t<a href=\"https:\/\/intra-dev-2.excellis.org\/?page_id=10801\">\n\t\t\t\t\t\t\tRessources Humaines\t\t\t\t\t\t\t\t\t\t\t\t\t\t<span class=\"icon\">\n\t\t\t\t\t\t\t\t<i data-feather=\"chevron-right\"><\/i>\n\t\t\t\t\t\t\t<\/span>\n\t\t\t\t\t\t    \t\t\t\t\t\t    \t\t\t\t\t\t\t<span class=\"icon-hover\">\n\t\t\t\t\t\t\t\t<i data-feather=\"arrow-right\"><\/i>\n\t\t\t\t\t\t\t<\/span>\n\t\t\t\t\t\t\t \t\t\t\t\t\t<\/a>\n\n\t\t\t\t\t<\/li>\n\t\t\t\t\t\t\t\t\t<li class=\"item\">\n\t\t\t\t\t\t<a href=\"https:\/\/intra-dev-2.excellis.org\/?page_id=10838\">\n\t\t\t\t\t\t\tCommunication\t\t\t\t\t\t\t\t\t\t\t\t\t\t<span class=\"icon\">\n\t\t\t\t\t\t\t\t<i data-feather=\"chevron-right\"><\/i>\n\t\t\t\t\t\t\t<\/span>\n\t\t\t\t\t\t    \t\t\t\t\t\t    \t\t\t\t\t\t\t<span class=\"icon-hover\">\n\t\t\t\t\t\t\t\t<i data-feather=\"arrow-right\"><\/i>\n\t\t\t\t\t\t\t<\/span>\n\t\t\t\t\t\t\t \t\t\t\t\t\t<\/a>\n\n\t\t\t\t\t<\/li>\n\t\t\t\t\t\t\t\t\t<li class=\"item\">\n\t\t\t\t\t\t<a href=\"https:\/\/intra-dev-2.excellis.org\/?page_id=10894\">\n\t\t\t\t\t\t\tServices Num\u00e9riques\t\t\t\t\t\t\t\t\t\t\t\t\t\t<span class=\"icon\">\n\t\t\t\t\t\t\t\t<i data-feather=\"chevron-right\"><\/i>\n\t\t\t\t\t\t\t<\/span>\n\t\t\t\t\t\t    \t\t\t\t\t\t    \t\t\t\t\t\t\t<span class=\"icon-hover\">\n\t\t\t\t\t\t\t\t<i data-feather=\"arrow-right\"><\/i>\n\t\t\t\t\t\t\t<\/span>\n\t\t\t\t\t\t\t \t\t\t\t\t\t<\/a>\n\n\t\t\t\t\t<\/li>\n\t\t\t\t\t\t\t\t\t<li class=\"item\">\n\t\t\t\t\t\t<a href=\"https:\/\/intra-dev-2.excellis.org\/?page_id=11059\">\n\t\t\t\t\t\t\tDocumentation Scientifique\t\t\t\t\t\t\t\t\t\t\t\t\t\t<span class=\"icon\">\n\t\t\t\t\t\t\t\t<i data-feather=\"chevron-right\"><\/i>\n\t\t\t\t\t\t\t<\/span>\n\t\t\t\t\t\t    \t\t\t\t\t\t    \t\t\t\t\t\t\t<span class=\"icon-hover\">\n\t\t\t\t\t\t\t\t<i data-feather=\"arrow-right\"><\/i>\n\t\t\t\t\t\t\t<\/span>\n\t\t\t\t\t\t\t \t\t\t\t\t\t<\/a>\n\n\t\t\t\t\t<\/li>\n\t\t\t\t\t\t\t\t\t<li class=\"item\">\n\t\t\t\t\t\t<a href=\"https:\/\/intra-dev-2.excellis.org\/?page_id=10998\">\n\t\t\t\t\t\t\tHygi\u00e8ne et S\u00e9curit\u00e9\t\t\t\t\t\t\t\t\t\t\t\t\t\t<span class=\"icon\">\n\t\t\t\t\t\t\t\t<i data-feather=\"chevron-right\"><\/i>\n\t\t\t\t\t\t\t<\/span>\n\t\t\t\t\t\t    \t\t\t\t\t\t    \t\t\t\t\t\t\t<span class=\"icon-hover\">\n\t\t\t\t\t\t\t\t<i data-feather=\"arrow-right\"><\/i>\n\t\t\t\t\t\t\t<\/span>\n\t\t\t\t\t\t\t \t\t\t\t\t\t<\/a>\n\n\t\t\t\t\t<\/li>\n\t\t\t\t\t\t\t\t\t<li class=\"item\">\n\t\t\t\t\t\t<a href=\"https:\/\/intra-dev-2.excellis.org\/?page_id=11011\">\n\t\t\t\t\t\t\tPlateformes\t\t\t\t\t\t\t\t\t\t\t\t\t\t<span class=\"icon\">\n\t\t\t\t\t\t\t\t<i data-feather=\"chevron-right\"><\/i>\n\t\t\t\t\t\t\t<\/span>\n\t\t\t\t\t\t    \t\t\t\t\t\t    \t\t\t\t\t\t\t<span class=\"icon-hover\">\n\t\t\t\t\t\t\t\t<i data-feather=\"arrow-right\"><\/i>\n\t\t\t\t\t\t\t<\/span>\n\t\t\t\t\t\t\t \t\t\t\t\t\t<\/a>\n\n\t\t\t\t\t<\/li>\n\t\t\t\t\t\t\t\t\t<li class=\"item\">\n\t\t\t\t\t\t<a href=\"https:\/\/intra-dev-2.excellis.org\/?page_id=11059\">\n\t\t\t\t\t\t\tM\u00e9diation Scientifique\t\t\t\t\t\t\t\t\t\t\t\t\t\t<span class=\"icon\">\n\t\t\t\t\t\t\t\t<i data-feather=\"chevron-right\"><\/i>\n\t\t\t\t\t\t\t<\/span>\n\t\t\t\t\t\t    \t\t\t\t\t\t    \t\t\t\t\t\t\t<span class=\"icon-hover\">\n\t\t\t\t\t\t\t\t<i data-feather=\"arrow-right\"><\/i>\n\t\t\t\t\t\t\t<\/span>\n\t\t\t\t\t\t\t \t\t\t\t\t\t<\/a>\n\n\t\t\t\t\t<\/li>\n\t\t\t\t\t\t\t\t\t<li class=\"item\">\n\t\t\t\t\t\t<a href=\"https:\/\/intra-dev-2.excellis.org\/?page_id=10952\">\n\t\t\t\t\t\t\tEurope\t\t\t\t\t\t\t\t\t\t\t\t\t\t<span class=\"icon\">\n\t\t\t\t\t\t\t\t<i data-feather=\"chevron-right\"><\/i>\n\t\t\t\t\t\t\t<\/span>\n\t\t\t\t\t\t    \t\t\t\t\t\t    \t\t\t\t\t\t\t<span class=\"icon-hover\">\n\t\t\t\t\t\t\t\t<i data-feather=\"arrow-right\"><\/i>\n\t\t\t\t\t\t\t<\/span>\n\t\t\t\t\t\t\t \t\t\t\t\t\t<\/a>\n\n\t\t\t\t\t<\/li>\n\t\t\t\t\t\t\t\t\t<li class=\"item\">\n\t\t\t\t\t\t<a href=\"https:\/\/intra-dev-2.excellis.org\/?page_id=12330\">\n\t\t\t\t\t\t\tEspace Nouvelle Direction\t\t\t\t\t\t\t\t\t\t\t\t\t\t<span class=\"icon\">\n\t\t\t\t\t\t\t\t<i data-feather=\"chevron-right\"><\/i>\n\t\t\t\t\t\t\t<\/span>\n\t\t\t\t\t\t    \t\t\t\t\t\t    \t\t\t\t\t\t\t<span class=\"icon-hover\">\n\t\t\t\t\t\t\t\t<i data-feather=\"arrow-right\"><\/i>\n\t\t\t\t\t\t\t<\/span>\n\t\t\t\t\t\t\t \t\t\t\t\t\t<\/a>\n\n\t\t\t\t\t<\/li>\n\t\t\t\t\t\t\t<\/ul>\n\t\t\t\t\t<\/div>\n\t\t\t\t\t\t<\/div>\n\t\t\t\t<\/div>\n\t\t\t\t<\/div>\n\t\t<div class=\"elementor-element elementor-element-e8b9baa e-con-full e-flex e-con e-child\" data-id=\"e8b9baa\" data-element_type=\"container\" data-e-type=\"container\">\n\t\t<div class=\"elementor-element elementor-element-fba6d2b e-con-full e-flex e-con e-child\" data-id=\"fba6d2b\" data-element_type=\"container\" data-e-type=\"container\">\n\t\t<div class=\"elementor-element elementor-element-8142000 e-con-full e-flex e-con e-child\" data-id=\"8142000\" data-element_type=\"container\" data-e-type=\"container\">\n\t\t\t\t<div class=\"elementor-element elementor-element-11b56d4 elementor-widget elementor-widget-image\" data-id=\"11b56d4\" data-element_type=\"widget\" data-e-type=\"widget\" data-widget_type=\"image.default\">\n\t\t\t\t\t\t\t\t\t\t\t\t\t\t\t\t<a href=\"https:\/\/intra-dev-2.excellis.org\/?page_id=12712\">\n\t\t\t\t\t\t\t<img fetchpriority=\"high\" decoding=\"async\" width=\"340\" height=\"230\" src=\"https:\/\/intra-dev-2.excellis.org\/wp-content\/uploads\/2026\/02\/10.1.png\" class=\"attachment-large size-large wp-image-12307\" alt=\"\" srcset=\"https:\/\/intra-dev-2.excellis.org\/wp-content\/uploads\/2026\/02\/10.1.png 340w, https:\/\/intra-dev-2.excellis.org\/wp-content\/uploads\/2026\/02\/10.1-300x203.png 300w\" sizes=\"(max-width: 340px) 100vw, 340px\" \/>\t\t\t\t\t\t\t\t<\/a>\n\t\t\t\t\t\t\t\t\t\t\t\t\t\t\t<\/div>\n\t\t\t\t<div class=\"elementor-element elementor-element-4b2d57b elementor-widget elementor-widget-heading\" data-id=\"4b2d57b\" data-element_type=\"widget\" data-e-type=\"widget\" data-widget_type=\"heading.default\">\n\t\t\t\t\t<h3 class=\"elementor-heading-title elementor-size-default\">Infos Pratiques<\/h3>\t\t\t\t<\/div>\n\t\t\t\t<div class=\"elementor-element elementor-element-f70db04 elementor-widget elementor-widget-text-editor\" data-id=\"f70db04\" data-element_type=\"widget\" data-e-type=\"widget\" data-widget_type=\"text-editor.default\">\n\t\t\t\t\t\t\t\t\t<div class=\"text\"><div class=\"page__soustitre\"><p class=\"text-align-center\">Lorem ipsum dolor sit amet, consectetur adipiscing elit. Vivamus eget libero nec orci varius facilisis non at urna.<\/p><\/div><\/div>\t\t\t\t\t\t\t\t<\/div>\n\t\t\t\t<\/div>\n\t\t<div class=\"elementor-element elementor-element-1fefbe8 e-con-full e-flex e-con e-child\" data-id=\"1fefbe8\" data-element_type=\"container\" data-e-type=\"container\">\n\t\t\t\t<div class=\"elementor-element elementor-element-9734880 elementor-widget elementor-widget-image\" data-id=\"9734880\" data-element_type=\"widget\" data-e-type=\"widget\" data-widget_type=\"image.default\">\n\t\t\t\t\t\t\t\t\t\t\t\t\t\t\t\t<a href=\"https:\/\/intra-dev-2.excellis.org\/?page_id=12717\">\n\t\t\t\t\t\t\t<img decoding=\"async\" width=\"340\" height=\"230\" src=\"https:\/\/intra-dev-2.excellis.org\/wp-content\/uploads\/2026\/02\/10.20png.png\" class=\"attachment-large size-large wp-image-12308\" alt=\"\" srcset=\"https:\/\/intra-dev-2.excellis.org\/wp-content\/uploads\/2026\/02\/10.20png.png 340w, https:\/\/intra-dev-2.excellis.org\/wp-content\/uploads\/2026\/02\/10.20png-300x203.png 300w\" sizes=\"(max-width: 340px) 100vw, 340px\" \/>\t\t\t\t\t\t\t\t<\/a>\n\t\t\t\t\t\t\t\t\t\t\t\t\t\t\t<\/div>\n\t\t\t\t<div class=\"elementor-element elementor-element-cfa47c8 elementor-widget elementor-widget-heading\" data-id=\"cfa47c8\" data-element_type=\"widget\" data-e-type=\"widget\" data-widget_type=\"heading.default\">\n\t\t\t\t\t<h3 class=\"elementor-heading-title elementor-size-default\">Newsletters<\/h3>\t\t\t\t<\/div>\n\t\t\t\t<div class=\"elementor-element elementor-element-8541828 elementor-widget elementor-widget-text-editor\" data-id=\"8541828\" data-element_type=\"widget\" data-e-type=\"widget\" data-widget_type=\"text-editor.default\">\n\t\t\t\t\t\t\t\t\t<div class=\"text\"><div class=\"page__soustitre\"><p class=\"text-align-center\">Lorem ipsum dolor sit amet, consectetur adipiscing elit. Vivamus eget libero nec orci varius facilisis non at urna.<\/p><\/div><\/div>\t\t\t\t\t\t\t\t<\/div>\n\t\t\t\t<\/div>\n\t\t<div class=\"elementor-element elementor-element-5a2a284 e-con-full e-flex e-con e-child\" data-id=\"5a2a284\" data-element_type=\"container\" data-e-type=\"container\">\n\t\t\t\t<div class=\"elementor-element elementor-element-d8de37c elementor-widget elementor-widget-image\" data-id=\"d8de37c\" data-element_type=\"widget\" data-e-type=\"widget\" data-widget_type=\"image.default\">\n\t\t\t\t\t\t\t\t\t\t\t\t\t\t\t\t<a href=\"https:\/\/intra-dev-2.excellis.org\/?page_id=12722\">\n\t\t\t\t\t\t\t<img decoding=\"async\" width=\"340\" height=\"230\" src=\"https:\/\/intra-dev-2.excellis.org\/wp-content\/uploads\/2026\/02\/10.3.png\" class=\"attachment-large size-large wp-image-12309\" alt=\"\" srcset=\"https:\/\/intra-dev-2.excellis.org\/wp-content\/uploads\/2026\/02\/10.3.png 340w, https:\/\/intra-dev-2.excellis.org\/wp-content\/uploads\/2026\/02\/10.3-300x203.png 300w\" sizes=\"(max-width: 340px) 100vw, 340px\" \/>\t\t\t\t\t\t\t\t<\/a>\n\t\t\t\t\t\t\t\t\t\t\t\t\t\t\t<\/div>\n\t\t\t\t<div class=\"elementor-element elementor-element-40f9538 elementor-widget elementor-widget-heading\" data-id=\"40f9538\" data-element_type=\"widget\" data-e-type=\"widget\" data-widget_type=\"heading.default\">\n\t\t\t\t\t<h3 class=\"elementor-heading-title elementor-size-default\">Documents Utiles<\/h3>\t\t\t\t<\/div>\n\t\t\t\t<div class=\"elementor-element elementor-element-0c104db elementor-widget elementor-widget-text-editor\" data-id=\"0c104db\" data-element_type=\"widget\" data-e-type=\"widget\" data-widget_type=\"text-editor.default\">\n\t\t\t\t\t\t\t\t\t<div class=\"text\"><div class=\"page__soustitre\"><p class=\"text-align-center\">Lorem ipsum dolor sit amet, consectetur adipiscing elit. Vivamus eget libero nec orci varius facilisis non at urna.<\/p><\/div><\/div>\t\t\t\t\t\t\t\t<\/div>\n\t\t\t\t<\/div>\n\t\t\t\t<\/div>\n\t\t<div class=\"elementor-element elementor-element-2af07bc e-con-full e-flex e-con e-child\" data-id=\"2af07bc\" data-element_type=\"container\" data-e-type=\"container\">\n\t\t<div class=\"elementor-element elementor-element-55d64ab e-con-full e-flex e-con e-child\" data-id=\"55d64ab\" data-element_type=\"container\" data-e-type=\"container\">\n\t\t\t\t<div class=\"elementor-element elementor-element-40d3087 elementor-widget elementor-widget-image\" data-id=\"40d3087\" data-element_type=\"widget\" data-e-type=\"widget\" data-widget_type=\"image.default\">\n\t\t\t\t\t\t\t\t\t\t\t\t\t\t\t\t<a href=\"https:\/\/intra-dev-2.excellis.org\/?page_id=12727\">\n\t\t\t\t\t\t\t<img loading=\"lazy\" decoding=\"async\" width=\"340\" height=\"230\" src=\"https:\/\/intra-dev-2.excellis.org\/wp-content\/uploads\/2026\/02\/10.4.png\" class=\"attachment-large size-large wp-image-12310\" alt=\"\" srcset=\"https:\/\/intra-dev-2.excellis.org\/wp-content\/uploads\/2026\/02\/10.4.png 340w, https:\/\/intra-dev-2.excellis.org\/wp-content\/uploads\/2026\/02\/10.4-300x203.png 300w\" sizes=\"(max-width: 340px) 100vw, 340px\" \/>\t\t\t\t\t\t\t\t<\/a>\n\t\t\t\t\t\t\t\t\t\t\t\t\t\t\t<\/div>\n\t\t\t\t<div class=\"elementor-element elementor-element-1bd7381 elementor-widget elementor-widget-heading\" data-id=\"1bd7381\" data-element_type=\"widget\" data-e-type=\"widget\" data-widget_type=\"heading.default\">\n\t\t\t\t\t<h3 class=\"elementor-heading-title elementor-size-default\">Appels \u00e0 Projets<\/h3>\t\t\t\t<\/div>\n\t\t\t\t<div class=\"elementor-element elementor-element-84205d9 elementor-widget elementor-widget-text-editor\" data-id=\"84205d9\" data-element_type=\"widget\" data-e-type=\"widget\" data-widget_type=\"text-editor.default\">\n\t\t\t\t\t\t\t\t\t<div class=\"text\"><div class=\"page__soustitre\"><p class=\"text-align-center\">Lorem ipsum dolor sit amet, consectetur adipiscing elit. Vivamus eget libero nec orci varius facilisis non at urna.<\/p><\/div><\/div>\t\t\t\t\t\t\t\t<\/div>\n\t\t\t\t<\/div>\n\t\t<div class=\"elementor-element elementor-element-647fcbc e-con-full e-flex e-con e-child\" data-id=\"647fcbc\" data-element_type=\"container\" data-e-type=\"container\">\n\t\t\t\t<div class=\"elementor-element elementor-element-3b6a818 elementor-widget elementor-widget-image\" data-id=\"3b6a818\" data-element_type=\"widget\" data-e-type=\"widget\" data-widget_type=\"image.default\">\n\t\t\t\t\t\t\t\t\t\t\t\t\t\t\t\t<a href=\"https:\/\/intra-dev-2.excellis.org\/?page_id=12732\">\n\t\t\t\t\t\t\t<img loading=\"lazy\" decoding=\"async\" width=\"340\" height=\"230\" src=\"https:\/\/intra-dev-2.excellis.org\/wp-content\/uploads\/2026\/02\/10.5.png\" class=\"attachment-large size-large wp-image-12311\" alt=\"\" srcset=\"https:\/\/intra-dev-2.excellis.org\/wp-content\/uploads\/2026\/02\/10.5.png 340w, https:\/\/intra-dev-2.excellis.org\/wp-content\/uploads\/2026\/02\/10.5-300x203.png 300w\" sizes=\"(max-width: 340px) 100vw, 340px\" \/>\t\t\t\t\t\t\t\t<\/a>\n\t\t\t\t\t\t\t\t\t\t\t\t\t\t\t<\/div>\n\t\t\t\t<div class=\"elementor-element elementor-element-3b0802c elementor-widget elementor-widget-heading\" data-id=\"3b0802c\" data-element_type=\"widget\" data-e-type=\"widget\" data-widget_type=\"heading.default\">\n\t\t\t\t\t<h3 class=\"elementor-heading-title elementor-size-default\">Types de Financements\n<\/h3>\t\t\t\t<\/div>\n\t\t\t\t<div class=\"elementor-element elementor-element-b433d99 elementor-widget elementor-widget-text-editor\" data-id=\"b433d99\" data-element_type=\"widget\" data-e-type=\"widget\" data-widget_type=\"text-editor.default\">\n\t\t\t\t\t\t\t\t\t<div class=\"text\"><div class=\"page__soustitre\"><p class=\"text-align-center\">Lorem ipsum dolor sit amet, consectetur adipiscing elit. Vivamus eget libero nec orci varius facilisis non at urna.<\/p><\/div><\/div>\t\t\t\t\t\t\t\t<\/div>\n\t\t\t\t<\/div>\n\t\t<div class=\"elementor-element elementor-element-b2ee8dd e-con-full e-flex e-con e-child\" data-id=\"b2ee8dd\" data-element_type=\"container\" data-e-type=\"container\">\n\t\t\t\t<\/div>\n\t\t\t\t<\/div>\n\t\t\t\t<\/div>\n\t\t\t\t<\/div>\n\t\t\t\t\t<\/div>\n\t\t\t\t<\/div>\n\t\t\t\t<\/div>\n\t\t","protected":false},"excerpt":{"rendered":"<p>Menu Vie du Laboratoire Finances Ressources Humaines Communication Services Num\u00e9riques Documentation Scientifique Hygi\u00e8ne et S\u00e9curit\u00e9 Plateformes M\u00e9diation Scientifique Europe Espace Nouvelle Direction Infos Pratiques Lorem ipsum dolor sit amet, consectetur adipiscing elit. Vivamus eget libero nec orci varius facilisis non at urna. Newsletters Lorem ipsum dolor sit amet, consectetur adipiscing elit. Vivamus eget libero nec [&hellip;]<\/p>\n","protected":false},"author":2,"featured_media":0,"parent":6180,"menu_order":10,"comment_status":"closed","ping_status":"closed","template":"","meta":{"rs_blank_template":"","rs_page_bg_color":"","slide_template_v7":"","footnotes":""},"class_list":["post-10952","page","type-page","status-publish","hentry"],"lang":"fr","translations":{"fr":10952},"pll_sync_post":[],"_links":{"self":[{"href":"https:\/\/intra-dev-2.excellis.org\/index.php?rest_route=\/wp\/v2\/pages\/10952","targetHints":{"allow":["GET"]}}],"collection":[{"href":"https:\/\/intra-dev-2.excellis.org\/index.php?rest_route=\/wp\/v2\/pages"}],"about":[{"href":"https:\/\/intra-dev-2.excellis.org\/index.php?rest_route=\/wp\/v2\/types\/page"}],"author":[{"embeddable":true,"href":"https:\/\/intra-dev-2.excellis.org\/index.php?rest_route=\/wp\/v2\/users\/2"}],"replies":[{"embeddable":true,"href":"https:\/\/intra-dev-2.excellis.org\/index.php?rest_route=%2Fwp%2Fv2%2Fcomments&post=10952"}],"version-history":[{"count":53,"href":"https:\/\/intra-dev-2.excellis.org\/index.php?rest_route=\/wp\/v2\/pages\/10952\/revisions"}],"predecessor-version":[{"id":12739,"href":"https:\/\/intra-dev-2.excellis.org\/index.php?rest_route=\/wp\/v2\/pages\/10952\/revisions\/12739"}],"up":[{"embeddable":true,"href":"https:\/\/intra-dev-2.excellis.org\/index.php?rest_route=\/wp\/v2\/pages\/6180"}],"wp:attachment":[{"href":"https:\/\/intra-dev-2.excellis.org\/index.php?rest_route=%2Fwp%2Fv2%2Fmedia&parent=10952"}],"curies":[{"name":"wp","href":"https:\/\/api.w.org\/{rel}","templated":true}]}}