{"id":11127,"date":"2026-01-27T11:15:51","date_gmt":"2026-01-27T10:15:51","guid":{"rendered":"https:\/\/intra-dev-2.excellis.org\/?page_id=11127"},"modified":"2026-02-05T17:02:24","modified_gmt":"2026-02-05T16:02:24","slug":"mediation-culturelle-et-scientifique","status":"publish","type":"page","link":"https:\/\/intra-dev-2.excellis.org\/?page_id=11127","title":{"rendered":"M\u00e9diation Scientifique et Culturelle"},"content":{"rendered":"\t\t<div data-elementor-type=\"wp-page\" data-elementor-id=\"11127\" class=\"elementor elementor-11127\" data-elementor-post-type=\"page\">\n\t\t\t\t<div class=\"elementor-element elementor-element-c9a71ef e-flex e-con-boxed e-con e-parent\" data-id=\"c9a71ef\" data-element_type=\"container\" data-e-type=\"container\">\n\t\t\t\t\t<div class=\"e-con-inner\">\n\t\t<div class=\"elementor-element elementor-element-1a2f05e e-con-full e-flex e-con e-child\" data-id=\"1a2f05e\" data-element_type=\"container\" data-e-type=\"container\" data-settings=\"{&quot;background_background&quot;:&quot;classic&quot;}\">\n\t\t\t\t<div class=\"elementor-element elementor-element-de34dad elementor-widget elementor-widget-text-editor\" data-id=\"de34dad\" data-element_type=\"widget\" data-e-type=\"widget\" data-widget_type=\"text-editor.default\">\n\t\t\t\t\t\t\t\t\t<p>Le GIPSA-lab participe \u00e0 diff\u00e9rentes actions de M\u00e9diation Scientifique et Culturelle initi\u00e9es au niveau europ\u00e9en, national, r\u00e9gional ou interne au laboratoire, telles que\u00a0<a class=\"ext\" title=\"Site Maths \u00e0 Modeler (s'ouvre dans une nouvelle fen\u00eatre)\" href=\"https:\/\/mathsamodeler.ujf-grenoble.fr\/\" target=\"_blank\" rel=\"noopener noreferrer\" data-extlink=\"\"><strong>Maths \u00e0 Modeler<\/strong><\/a>, les\u00a0<a class=\"ext\" title=\"Journ\u00e9es du Patrimoine (s'ouvre dans une nouvelle fen\u00eatre)\" href=\"https:\/\/journeesdupatrimoine.culture.gouv.fr\/\" target=\"_blank\" rel=\"noopener noreferrer\" data-extlink=\"\"><strong>Journ\u00e9es du Patrimoine<\/strong><\/a>, la\u00a0<a class=\"ext\" title=\"Site Semaine du Cerveau (s'ouvre dans une nouvelle fen\u00eatre)\" href=\"https:\/\/www.semaineducerveau.fr\/\" target=\"_blank\" rel=\"noopener noreferrer\" data-extlink=\"\"><strong>Semaine du Cerveau<\/strong><\/a>, la\u00a0<a class=\"ext\" title=\"Site F\u00eate de la Science (s'ouvre dans une nouvelle fen\u00eatre)\" href=\"https:\/\/www.fetedelascience.fr\/\" target=\"_blank\" rel=\"noopener noreferrer\" data-extlink=\"\"><strong>F\u00eate de la Science<\/strong><\/a>, les\u00a0<a class=\"ext\" title=\"Site Rendez-voous aux jardins (s'ouvre dans une nouvelle fen\u00eatre)\" href=\"https:\/\/rendezvousauxjardins.culture.gouv.fr\/\" target=\"_blank\" rel=\"noopener noreferrer\" data-extlink=\"\"><strong>Rendez-vous aux Jardins<\/strong><\/a>, l&rsquo;<a class=\"ext\" title=\"Cha\u00eene YouTube (s'ouvre dans une nouvelle fen\u00eatre)\" href=\"https:\/\/www.youtube.com\/@ateliersciencesetvoix4598\" target=\"_blank\" rel=\"noopener noreferrer\" data-extlink=\"\"><strong>Atelier Sciences et Voix<\/strong><\/a>\u00a0ou\u00a0<strong>Les Rendez-vous du Jeudi<\/strong>.<\/p>\t\t\t\t\t\t\t\t<\/div>\n\t\t<div class=\"elementor-element elementor-element-e321eae e-con-full e-flex e-con e-child\" data-id=\"e321eae\" data-element_type=\"container\" data-e-type=\"container\">\n\t\t<div class=\"elementor-element elementor-element-77533d5 e-con-full e-flex e-con e-child\" data-id=\"77533d5\" data-element_type=\"container\" data-e-type=\"container\">\n\t\t\t\t<div class=\"elementor-element elementor-element-befc05a elementor-widget elementor-widget-image\" data-id=\"befc05a\" data-element_type=\"widget\" data-e-type=\"widget\" data-widget_type=\"image.default\">\n\t\t\t\t\t\t\t\t\t\t\t\t\t\t\t<img fetchpriority=\"high\" decoding=\"async\" width=\"480\" height=\"295\" src=\"https:\/\/intra-dev-2.excellis.org\/wp-content\/uploads\/2026\/02\/MSC1.png\" class=\"attachment-large size-large wp-image-12184\" alt=\"\" srcset=\"https:\/\/intra-dev-2.excellis.org\/wp-content\/uploads\/2026\/02\/MSC1.png 480w, https:\/\/intra-dev-2.excellis.org\/wp-content\/uploads\/2026\/02\/MSC1-300x184.png 300w\" sizes=\"(max-width: 480px) 100vw, 480px\" \/>\t\t\t\t\t\t\t\t\t\t\t\t\t\t\t<\/div>\n\t\t\t\t<div class=\"elementor-element elementor-element-cf225c2 elementor-widget elementor-widget-text-editor\" data-id=\"cf225c2\" data-element_type=\"widget\" data-e-type=\"widget\" data-widget_type=\"text-editor.default\">\n\t\t\t\t\t\t\t\t\t<p><strong>R\u00e9f\u00e9rente GIPSA<\/strong> : <strong>I. SIVIGNON<\/strong><\/p>\t\t\t\t\t\t\t\t<\/div>\n\t\t\t\t<\/div>\n\t\t<div class=\"elementor-element elementor-element-e7b9a43 e-con-full e-flex e-con e-child\" data-id=\"e7b9a43\" data-element_type=\"container\" data-e-type=\"container\">\n\t\t\t\t<div class=\"elementor-element elementor-element-75d47a0 elementor-widget elementor-widget-image\" data-id=\"75d47a0\" data-element_type=\"widget\" data-e-type=\"widget\" data-widget_type=\"image.default\">\n\t\t\t\t\t\t\t\t\t\t\t\t\t\t\t<img decoding=\"async\" width=\"480\" height=\"295\" src=\"https:\/\/intra-dev-2.excellis.org\/wp-content\/uploads\/2026\/02\/MSC2.png\" class=\"attachment-large size-large wp-image-12186\" alt=\"\" srcset=\"https:\/\/intra-dev-2.excellis.org\/wp-content\/uploads\/2026\/02\/MSC2.png 480w, https:\/\/intra-dev-2.excellis.org\/wp-content\/uploads\/2026\/02\/MSC2-300x184.png 300w\" sizes=\"(max-width: 480px) 100vw, 480px\" \/>\t\t\t\t\t\t\t\t\t\t\t\t\t\t\t<\/div>\n\t\t\t\t<div class=\"elementor-element elementor-element-cf97418 elementor-widget elementor-widget-text-editor\" data-id=\"cf97418\" data-element_type=\"widget\" data-e-type=\"widget\" data-widget_type=\"text-editor.default\">\n\t\t\t\t\t\t\t\t\t<p><strong>R\u00e9f\u00e9rent GIPSA<\/strong> : <strong>C. VILAIN<\/strong><\/p>\t\t\t\t\t\t\t\t<\/div>\n\t\t\t\t<\/div>\n\t\t<div class=\"elementor-element elementor-element-0be1b3a e-con-full e-flex e-con e-child\" data-id=\"0be1b3a\" data-element_type=\"container\" data-e-type=\"container\">\n\t\t\t\t<div class=\"elementor-element elementor-element-88b9378 elementor-widget elementor-widget-image\" data-id=\"88b9378\" data-element_type=\"widget\" data-e-type=\"widget\" data-widget_type=\"image.default\">\n\t\t\t\t\t\t\t\t\t\t\t\t\t\t\t<img decoding=\"async\" width=\"480\" height=\"295\" src=\"https:\/\/intra-dev-2.excellis.org\/wp-content\/uploads\/2026\/02\/MSC3.png\" class=\"attachment-large size-large wp-image-12187\" alt=\"\" srcset=\"https:\/\/intra-dev-2.excellis.org\/wp-content\/uploads\/2026\/02\/MSC3.png 480w, https:\/\/intra-dev-2.excellis.org\/wp-content\/uploads\/2026\/02\/MSC3-300x184.png 300w\" sizes=\"(max-width: 480px) 100vw, 480px\" \/>\t\t\t\t\t\t\t\t\t\t\t\t\t\t\t<\/div>\n\t\t\t\t<div class=\"elementor-element elementor-element-d80353c elementor-widget elementor-widget-text-editor\" data-id=\"d80353c\" data-element_type=\"widget\" data-e-type=\"widget\" data-widget_type=\"text-editor.default\">\n\t\t\t\t\t\t\t\t\t<p>Lorem ipsum dolor sit amet, consectetur adipiscing elit. Ut elit tellus, luctus nec ullamcorper mattis, pulvinar dapibus leo.<\/p>\t\t\t\t\t\t\t\t<\/div>\n\t\t\t\t<\/div>\n\t\t\t\t<\/div>\n\t\t<div class=\"elementor-element elementor-element-22b3715 e-con-full e-flex e-con e-child\" data-id=\"22b3715\" data-element_type=\"container\" data-e-type=\"container\">\n\t\t<div class=\"elementor-element elementor-element-d029ed4 e-con-full e-flex e-con e-child\" data-id=\"d029ed4\" data-element_type=\"container\" data-e-type=\"container\">\n\t\t\t\t<div class=\"elementor-element elementor-element-5ab4a56 elementor-widget elementor-widget-image\" data-id=\"5ab4a56\" data-element_type=\"widget\" data-e-type=\"widget\" data-widget_type=\"image.default\">\n\t\t\t\t\t\t\t\t\t\t\t\t\t\t\t<img loading=\"lazy\" decoding=\"async\" width=\"600\" height=\"447\" src=\"https:\/\/intra-dev-2.excellis.org\/wp-content\/uploads\/2025\/12\/Fete-de-la-Science-Evenements.png\" class=\"attachment-large size-large wp-image-9401\" alt=\"\" srcset=\"https:\/\/intra-dev-2.excellis.org\/wp-content\/uploads\/2025\/12\/Fete-de-la-Science-Evenements.png 600w, https:\/\/intra-dev-2.excellis.org\/wp-content\/uploads\/2025\/12\/Fete-de-la-Science-Evenements-300x224.png 300w, https:\/\/intra-dev-2.excellis.org\/wp-content\/uploads\/2025\/12\/Fete-de-la-Science-Evenements-560x417.png 560w\" sizes=\"(max-width: 600px) 100vw, 600px\" \/>\t\t\t\t\t\t\t\t\t\t\t\t\t\t\t<\/div>\n\t\t\t\t<div class=\"elementor-element elementor-element-6f9844c elementor-widget elementor-widget-text-editor\" data-id=\"6f9844c\" data-element_type=\"widget\" data-e-type=\"widget\" data-widget_type=\"text-editor.default\">\n\t\t\t\t\t\t\t\t\t<p><strong>GIPSA<\/strong> : <strong>Communication <\/strong><strong>et<\/strong><strong> M\u00e9diation Scientifique et Culturelle<\/strong><\/p>\t\t\t\t\t\t\t\t<\/div>\n\t\t\t\t<\/div>\n\t\t<div class=\"elementor-element elementor-element-5714257 e-con-full e-flex e-con e-child\" data-id=\"5714257\" data-element_type=\"container\" data-e-type=\"container\">\n\t\t\t\t<div class=\"elementor-element elementor-element-2dbc8e8 elementor-widget elementor-widget-image\" data-id=\"2dbc8e8\" data-element_type=\"widget\" data-e-type=\"widget\" data-widget_type=\"image.default\">\n\t\t\t\t\t\t\t\t\t\t\t\t\t\t\t<img loading=\"lazy\" decoding=\"async\" width=\"460\" height=\"281\" src=\"https:\/\/intra-dev-2.excellis.org\/wp-content\/uploads\/2026\/02\/Web2_Image_RDVJardins_Mediation-2.jpg\" class=\"attachment-large size-large wp-image-12784\" alt=\"\" srcset=\"https:\/\/intra-dev-2.excellis.org\/wp-content\/uploads\/2026\/02\/Web2_Image_RDVJardins_Mediation-2.jpg 460w, https:\/\/intra-dev-2.excellis.org\/wp-content\/uploads\/2026\/02\/Web2_Image_RDVJardins_Mediation-2-300x183.jpg 300w\" sizes=\"(max-width: 460px) 100vw, 460px\" \/>\t\t\t\t\t\t\t\t\t\t\t\t\t\t\t<\/div>\n\t\t\t\t<div class=\"elementor-element elementor-element-d76ec9f elementor-widget elementor-widget-text-editor\" data-id=\"d76ec9f\" data-element_type=\"widget\" data-e-type=\"widget\" data-widget_type=\"text-editor.default\">\n\t\t\t\t\t\t\t\t\t<p><strong>R\u00e9f\u00e9rente GIPSA<\/strong> : <strong>C. CHAUVIN-PAYAN<\/strong><\/p>\t\t\t\t\t\t\t\t<\/div>\n\t\t\t\t<\/div>\n\t\t<div class=\"elementor-element elementor-element-41e0ed7 e-con-full e-flex e-con e-child\" data-id=\"41e0ed7\" data-element_type=\"container\" data-e-type=\"container\">\n\t\t\t\t<div class=\"elementor-element elementor-element-5fdc7c0 elementor-widget elementor-widget-image\" data-id=\"5fdc7c0\" data-element_type=\"widget\" data-e-type=\"widget\" data-widget_type=\"image.default\">\n\t\t\t\t\t\t\t\t\t\t\t\t\t\t\t<img loading=\"lazy\" decoding=\"async\" width=\"457\" height=\"281\" src=\"https:\/\/intra-dev-2.excellis.org\/wp-content\/uploads\/2026\/02\/Web2_Image_ScienceetVoix_Mediation.jpg\" class=\"attachment-large size-large wp-image-12785\" alt=\"\" srcset=\"https:\/\/intra-dev-2.excellis.org\/wp-content\/uploads\/2026\/02\/Web2_Image_ScienceetVoix_Mediation.jpg 457w, https:\/\/intra-dev-2.excellis.org\/wp-content\/uploads\/2026\/02\/Web2_Image_ScienceetVoix_Mediation-300x184.jpg 300w\" sizes=\"(max-width: 457px) 100vw, 457px\" \/>\t\t\t\t\t\t\t\t\t\t\t\t\t\t\t<\/div>\n\t\t\t\t<div class=\"elementor-element elementor-element-6f9859b elementor-widget elementor-widget-text-editor\" data-id=\"6f9859b\" data-element_type=\"widget\" data-e-type=\"widget\" data-widget_type=\"text-editor.default\">\n\t\t\t\t\t\t\t\t\t<p><strong>R\u00e9f\u00e9rente GIPSA<\/strong> : <strong>N. HENRICH BERNARDONI<\/strong><\/p>\t\t\t\t\t\t\t\t<\/div>\n\t\t\t\t<\/div>\n\t\t\t\t<\/div>\n\t\t<div class=\"elementor-element elementor-element-da6d672 e-con-full e-flex e-con e-child\" data-id=\"da6d672\" data-element_type=\"container\" data-e-type=\"container\">\n\t\t<div class=\"elementor-element elementor-element-7d7f6f9 e-con-full e-flex e-con e-child\" data-id=\"7d7f6f9\" data-element_type=\"container\" data-e-type=\"container\">\n\t\t\t\t<div class=\"elementor-element elementor-element-055b7ac elementor-widget elementor-widget-image\" data-id=\"055b7ac\" data-element_type=\"widget\" data-e-type=\"widget\" data-widget_type=\"image.default\">\n\t\t\t\t\t\t\t\t\t\t\t\t\t\t\t<img loading=\"lazy\" decoding=\"async\" width=\"462\" height=\"286\" src=\"https:\/\/intra-dev-2.excellis.org\/wp-content\/uploads\/2026\/02\/Web2_Image_RendezVousduJeudi_Mediation.jpg\" class=\"attachment-large size-large wp-image-12786\" alt=\"\" srcset=\"https:\/\/intra-dev-2.excellis.org\/wp-content\/uploads\/2026\/02\/Web2_Image_RendezVousduJeudi_Mediation.jpg 462w, https:\/\/intra-dev-2.excellis.org\/wp-content\/uploads\/2026\/02\/Web2_Image_RendezVousduJeudi_Mediation-300x186.jpg 300w\" sizes=\"(max-width: 462px) 100vw, 462px\" \/>\t\t\t\t\t\t\t\t\t\t\t\t\t\t\t<\/div>\n\t\t\t\t<div class=\"elementor-element elementor-element-5dd6fe5 elementor-widget elementor-widget-text-editor\" data-id=\"5dd6fe5\" data-element_type=\"widget\" data-e-type=\"widget\" data-widget_type=\"text-editor.default\">\n\t\t\t\t\t\t\t\t\t<p><strong>R\u00e9f\u00e9rentes GIPSA : <\/strong><strong>P. REYNIER<\/strong><strong> &amp; <\/strong><strong>C. CHAUVIN-PAYAN<\/strong><\/p>\t\t\t\t\t\t\t\t<\/div>\n\t\t\t\t<\/div>\n\t\t<div class=\"elementor-element elementor-element-92ce661 e-con-full e-flex e-con e-child\" data-id=\"92ce661\" data-element_type=\"container\" data-e-type=\"container\">\n\t\t\t\t<div class=\"elementor-element elementor-element-0b4e8c3 elementor-widget elementor-widget-image\" data-id=\"0b4e8c3\" data-element_type=\"widget\" data-e-type=\"widget\" data-widget_type=\"image.default\">\n\t\t\t\t\t\t\t\t\t\t\t\t\t\t\t<img decoding=\"async\" src=\"https:\/\/intra-dev-2.excellis.org\/wp-content\/plugins\/elementor\/assets\/images\/placeholder.png\" title=\"\" alt=\"\" loading=\"lazy\" \/>\t\t\t\t\t\t\t\t\t\t\t\t\t\t\t<\/div>\n\t\t\t\t<div class=\"elementor-element elementor-element-e04f532 elementor-widget elementor-widget-text-editor\" data-id=\"e04f532\" data-element_type=\"widget\" data-e-type=\"widget\" data-widget_type=\"text-editor.default\">\n\t\t\t\t\t\t\t\t\t<p>Lorem ipsum dolor sit amet, consectetur adipiscing elit. Ut elit tellus, luctus nec ullamcorper mattis, pulvinar dapibus leo.<\/p>\t\t\t\t\t\t\t\t<\/div>\n\t\t\t\t<\/div>\n\t\t<div class=\"elementor-element elementor-element-7674213 e-con-full e-flex e-con e-child\" data-id=\"7674213\" data-element_type=\"container\" data-e-type=\"container\">\n\t\t\t\t<div class=\"elementor-element elementor-element-873c220 elementor-widget elementor-widget-image\" data-id=\"873c220\" data-element_type=\"widget\" data-e-type=\"widget\" data-widget_type=\"image.default\">\n\t\t\t\t\t\t\t\t\t\t\t\t\t\t\t<img decoding=\"async\" src=\"https:\/\/intra-dev-2.excellis.org\/wp-content\/plugins\/elementor\/assets\/images\/placeholder.png\" title=\"\" alt=\"\" loading=\"lazy\" \/>\t\t\t\t\t\t\t\t\t\t\t\t\t\t\t<\/div>\n\t\t\t\t<div class=\"elementor-element elementor-element-d73bcc7 elementor-widget elementor-widget-text-editor\" data-id=\"d73bcc7\" data-element_type=\"widget\" data-e-type=\"widget\" data-widget_type=\"text-editor.default\">\n\t\t\t\t\t\t\t\t\t<p>Lorem ipsum dolor sit amet, consectetur adipiscing elit. Ut elit tellus, luctus nec ullamcorper mattis, pulvinar dapibus leo.<\/p>\t\t\t\t\t\t\t\t<\/div>\n\t\t\t\t<\/div>\n\t\t\t\t<\/div>\n\t\t\t\t<\/div>\n\t\t\t\t\t<\/div>\n\t\t\t\t<\/div>\n\t\t\t\t<\/div>\n\t\t","protected":false},"excerpt":{"rendered":"<p>Le GIPSA-lab participe \u00e0 diff\u00e9rentes actions de M\u00e9diation Scientifique et Culturelle initi\u00e9es au niveau europ\u00e9en, national, r\u00e9gional ou interne au laboratoire, telles que\u00a0Maths \u00e0 Modeler, les\u00a0Journ\u00e9es du Patrimoine, la\u00a0Semaine du Cerveau, la\u00a0F\u00eate de la Science, les\u00a0Rendez-vous aux Jardins, l&rsquo;Atelier Sciences et Voix\u00a0ou\u00a0Les Rendez-vous du Jeudi. R\u00e9f\u00e9rente GIPSA : I. SIVIGNON R\u00e9f\u00e9rent GIPSA : C. VILAIN [&hellip;]<\/p>\n","protected":false},"author":2,"featured_media":0,"parent":6418,"menu_order":0,"comment_status":"closed","ping_status":"closed","template":"","meta":{"rs_blank_template":"","rs_page_bg_color":"","slide_template_v7":"","footnotes":""},"class_list":["post-11127","page","type-page","status-publish","hentry"],"lang":"fr","translations":{"fr":11127},"pll_sync_post":[],"_links":{"self":[{"href":"https:\/\/intra-dev-2.excellis.org\/index.php?rest_route=\/wp\/v2\/pages\/11127","targetHints":{"allow":["GET"]}}],"collection":[{"href":"https:\/\/intra-dev-2.excellis.org\/index.php?rest_route=\/wp\/v2\/pages"}],"about":[{"href":"https:\/\/intra-dev-2.excellis.org\/index.php?rest_route=\/wp\/v2\/types\/page"}],"author":[{"embeddable":true,"href":"https:\/\/intra-dev-2.excellis.org\/index.php?rest_route=\/wp\/v2\/users\/2"}],"replies":[{"embeddable":true,"href":"https:\/\/intra-dev-2.excellis.org\/index.php?rest_route=%2Fwp%2Fv2%2Fcomments&post=11127"}],"version-history":[{"count":26,"href":"https:\/\/intra-dev-2.excellis.org\/index.php?rest_route=\/wp\/v2\/pages\/11127\/revisions"}],"predecessor-version":[{"id":12795,"href":"https:\/\/intra-dev-2.excellis.org\/index.php?rest_route=\/wp\/v2\/pages\/11127\/revisions\/12795"}],"up":[{"embeddable":true,"href":"https:\/\/intra-dev-2.excellis.org\/index.php?rest_route=\/wp\/v2\/pages\/6418"}],"wp:attachment":[{"href":"https:\/\/intra-dev-2.excellis.org\/index.php?rest_route=%2Fwp%2Fv2%2Fmedia&parent=11127"}],"curies":[{"name":"wp","href":"https:\/\/api.w.org\/{rel}","templated":true}]}}