{"id":11690,"date":"2026-01-29T17:25:50","date_gmt":"2026-01-29T16:25:50","guid":{"rendered":"https:\/\/intra-dev-2.excellis.org\/?page_id=11690"},"modified":"2026-01-30T11:12:11","modified_gmt":"2026-01-30T10:12:11","slug":"associations","status":"publish","type":"page","link":"https:\/\/intra-dev-2.excellis.org\/?page_id=11690","title":{"rendered":"Associations"},"content":{"rendered":"\t\t<div data-elementor-type=\"wp-page\" data-elementor-id=\"11690\" class=\"elementor elementor-11690\" data-elementor-post-type=\"page\">\n\t\t\t\t<div class=\"elementor-element elementor-element-64e50170 e-flex e-con-boxed e-con e-parent\" data-id=\"64e50170\" data-element_type=\"container\" data-e-type=\"container\" data-settings=\"{&quot;background_background&quot;:&quot;classic&quot;}\">\n\t\t\t\t\t<div class=\"e-con-inner\">\n\t\t<div class=\"elementor-element elementor-element-731048e7 e-con-full e-flex e-con e-child\" data-id=\"731048e7\" data-element_type=\"container\" data-e-type=\"container\" data-settings=\"{&quot;background_background&quot;:&quot;classic&quot;}\">\n\t\t<div class=\"elementor-element elementor-element-18546b93 e-con-full e-flex e-con e-child\" data-id=\"18546b93\" data-element_type=\"container\" data-e-type=\"container\">\n\t\t<div class=\"elementor-element elementor-element-487626d6 e-con-full e-flex e-con e-child\" data-id=\"487626d6\" data-element_type=\"container\" data-e-type=\"container\">\n\t\t\t\t<div class=\"elementor-element elementor-element-9719440 elementor-widget elementor-widget-ova_list_link\" data-id=\"9719440\" data-element_type=\"widget\" data-e-type=\"widget\" data-widget_type=\"ova_list_link.default\">\n\t\t\t\t<div class=\"elementor-widget-container\">\n\t\t\t\t\t\t\t<div class=\"ova_list_link box-shadow\">\n\t\t\t\t\t\t<h3 class=\"title\">\n\t\t\t\tAnimation\t\t\t<\/h3>\n\t\t\t\t\t\t\t\t\t<ul class=\"content\">\n\t\t\t\t\t\t\t\t\t<li class=\"item\">\n\t\t\t\t\t\t<a href=\"https:\/\/intra-dev-2.excellis.org\/?page_id=11127\">\n\t\t\t\t\t\t\tM\u00e9diation Culturelle et Scientifique\t\t\t\t\t\t\t\t\t\t\t\t\t\t<span class=\"icon\">\n\t\t\t\t\t\t\t\t<i data-feather=\"chevron-right\"><\/i>\n\t\t\t\t\t\t\t<\/span>\n\t\t\t\t\t\t    \t\t\t\t\t\t    \t\t\t\t\t\t\t<span class=\"icon-hover\">\n\t\t\t\t\t\t\t\t<i data-feather=\"arrow-right\"><\/i>\n\t\t\t\t\t\t\t<\/span>\n\t\t\t\t\t\t\t \t\t\t\t\t\t<\/a>\n\n\t\t\t\t\t<\/li>\n\t\t\t\t\t\t\t\t\t<li class=\"item\">\n\t\t\t\t\t\t<a href=\"#\">\n\t\t\t\t\t\t\tAssociations\t\t\t\t\t\t\t\t\t\t\t\t\t\t<span class=\"icon\">\n\t\t\t\t\t\t\t\t<i data-feather=\"chevron-right\"><\/i>\n\t\t\t\t\t\t\t<\/span>\n\t\t\t\t\t\t    \t\t\t\t\t\t    \t\t\t\t\t\t\t<span class=\"icon-hover\">\n\t\t\t\t\t\t\t\t<i data-feather=\"arrow-right\"><\/i>\n\t\t\t\t\t\t\t<\/span>\n\t\t\t\t\t\t\t \t\t\t\t\t\t<\/a>\n\n\t\t\t\t\t<\/li>\n\t\t\t\t\t\t\t<\/ul>\n\t\t\t\t\t<\/div>\n\t\t\t\t\t\t<\/div>\n\t\t\t\t<\/div>\n\t\t\t\t<\/div>\n\t\t\t\t<\/div>\n\t\t<div class=\"elementor-element elementor-element-33a07553 e-con-full e-flex e-con e-child\" data-id=\"33a07553\" data-element_type=\"container\" data-e-type=\"container\">\n\t\t<div class=\"elementor-element elementor-element-225630a0 e-con-full e-flex e-con e-child\" data-id=\"225630a0\" data-element_type=\"container\" data-e-type=\"container\">\n\t\t<div class=\"elementor-element elementor-element-41114c5 e-con-full e-flex e-con e-child\" data-id=\"41114c5\" data-element_type=\"container\" data-e-type=\"container\">\n\t\t<div class=\"elementor-element elementor-element-7c636f8f e-con-full e-flex e-con e-child\" data-id=\"7c636f8f\" data-element_type=\"container\" data-e-type=\"container\">\n\t\t\t\t<div class=\"elementor-element elementor-element-aa7cb7 elementor-widget elementor-widget-image\" data-id=\"aa7cb7\" data-element_type=\"widget\" data-e-type=\"widget\" data-widget_type=\"image.default\">\n\t\t\t\t\t\t\t\t\t\t\t\t\t\t\t<img fetchpriority=\"high\" decoding=\"async\" width=\"480\" height=\"479\" src=\"https:\/\/intra-dev-2.excellis.org\/wp-content\/uploads\/2026\/01\/GIPSA-Doc-480-x-480.png\" class=\"attachment-large size-large wp-image-11694\" alt=\"\" srcset=\"https:\/\/intra-dev-2.excellis.org\/wp-content\/uploads\/2026\/01\/GIPSA-Doc-480-x-480.png 480w, https:\/\/intra-dev-2.excellis.org\/wp-content\/uploads\/2026\/01\/GIPSA-Doc-480-x-480-300x300.png 300w, https:\/\/intra-dev-2.excellis.org\/wp-content\/uploads\/2026\/01\/GIPSA-Doc-480-x-480-150x150.png 150w\" sizes=\"(max-width: 480px) 100vw, 480px\" \/>\t\t\t\t\t\t\t\t\t\t\t\t\t\t\t<\/div>\n\t\t\t\t<\/div>\n\t\t<div class=\"elementor-element elementor-element-c8ee65e e-con-full e-flex e-con e-child\" data-id=\"c8ee65e\" data-element_type=\"container\" data-e-type=\"container\">\n\t\t\t\t<div class=\"elementor-element elementor-element-5932e7de elementor-widget elementor-widget-text-editor\" data-id=\"5932e7de\" data-element_type=\"widget\" data-e-type=\"widget\" data-widget_type=\"text-editor.default\">\n\t\t\t\t\t\t\t\t\t<p>Le GipsADoc est l&rsquo;association des doctorants du GIPSA-lab. Son but est de favoriser l&rsquo;accueil et l&rsquo;int\u00e9gration des doctorants au sein du GIPSA-lab, de les informer sur les possibilit\u00e9s qui leur sont ouvertes au cours de leur th\u00e8se et d&rsquo;encourager les \u00e9changes scientifiques et culturels via l&rsquo;organisation de diverses activit\u00e9s (sorties, s\u00e9minaires, &#8230;).<\/p>\t\t\t\t\t\t\t\t<\/div>\n\t\t\t\t<div class=\"elementor-element elementor-element-5b69ce4 elementor-align-right elementor-widget elementor-widget-button\" data-id=\"5b69ce4\" data-element_type=\"widget\" data-e-type=\"widget\" data-widget_type=\"button.default\">\n\t\t\t\t\t\t\t\t\t\t<a class=\"elementor-button elementor-button-link elementor-size-sm\" href=\"https:\/\/gipsadoc.gricad-pages.univ-grenoble-alpes.fr\/\">\n\t\t\t\t\t\t<span class=\"elementor-button-content-wrapper\">\n\t\t\t\t\t\t\t\t\t<span class=\"elementor-button-text\">Cliquez ici<\/span>\n\t\t\t\t\t<\/span>\n\t\t\t\t\t<\/a>\n\t\t\t\t\t\t\t\t<\/div>\n\t\t\t\t<\/div>\n\t\t\t\t<\/div>\n\t\t<div class=\"elementor-element elementor-element-57e4106 e-con-full e-flex e-con e-child\" data-id=\"57e4106\" data-element_type=\"container\" data-e-type=\"container\">\n\t\t<div class=\"elementor-element elementor-element-1cf79a5 e-con-full e-flex e-con e-child\" data-id=\"1cf79a5\" data-element_type=\"container\" data-e-type=\"container\">\n\t\t\t\t<div class=\"elementor-element elementor-element-016aab2 elementor-widget elementor-widget-spacer\" data-id=\"016aab2\" data-element_type=\"widget\" data-e-type=\"widget\" data-widget_type=\"spacer.default\">\n\t\t\t\t\t\t\t<div class=\"elementor-spacer\">\n\t\t\t<div class=\"elementor-spacer-inner\"><\/div>\n\t\t<\/div>\n\t\t\t\t\t\t<\/div>\n\t\t\t\t<div class=\"elementor-element elementor-element-f49de4b elementor-widget elementor-widget-heading\" data-id=\"f49de4b\" data-element_type=\"widget\" data-e-type=\"widget\" data-widget_type=\"heading.default\">\n\t\t\t\t\t<h2 class=\"elementor-heading-title elementor-size-default\">Association Christian BENO\u00ceT<\/h2>\t\t\t\t<\/div>\n\t\t\t\t<\/div>\n\t\t<div class=\"elementor-element elementor-element-7e34eb5 e-con-full e-flex e-con e-child\" data-id=\"7e34eb5\" data-element_type=\"container\" data-e-type=\"container\">\n\t\t\t\t<div class=\"elementor-element elementor-element-defdd5d elementor-widget elementor-widget-text-editor\" data-id=\"defdd5d\" data-element_type=\"widget\" data-e-type=\"widget\" data-widget_type=\"text-editor.default\">\n\t\t\t\t\t\t\t\t\t<p>L&rsquo;Association Christian Benoit a \u00e9t\u00e9 fond\u00e9e le 26 avril 1999, en m\u00e9moire de Christian Beno\u00eet, chercheur dans le domaine de la communication vocale. Avant son d\u00e9c\u00e8s en avril 1998, Christian Beno\u00eet avait effectu\u00e9 l&rsquo;essentiel de ses recherches sur la synth\u00e8se et le traitement audiovisuel de la parole \u00e0 l&rsquo;ICP de Grenoble. L&rsquo;association a pour but de soutenir des projets qui contribuent \u00e0 promouvoir et \u00e0 d\u00e9velopper la recherche dans le domaine de la communication vocale, notamment par le biais du Prix Christian Beno\u00eet.<\/p>\t\t\t\t\t\t\t\t<\/div>\n\t\t\t\t<div class=\"elementor-element elementor-element-45ad842 elementor-align-right elementor-widget elementor-widget-button\" data-id=\"45ad842\" data-element_type=\"widget\" data-e-type=\"widget\" data-widget_type=\"button.default\">\n\t\t\t\t\t\t\t\t\t\t<a class=\"elementor-button elementor-button-link elementor-size-sm\" href=\"#\">\n\t\t\t\t\t\t<span class=\"elementor-button-content-wrapper\">\n\t\t\t\t\t\t\t\t\t<span class=\"elementor-button-text\">Cliquez ici<\/span>\n\t\t\t\t\t<\/span>\n\t\t\t\t\t<\/a>\n\t\t\t\t\t\t\t\t<\/div>\n\t\t\t\t<\/div>\n\t\t\t\t<\/div>\n\t\t\t\t<\/div>\n\t\t\t\t<\/div>\n\t\t\t\t<\/div>\n\t\t\t\t\t<\/div>\n\t\t\t\t<\/div>\n\t\t\t\t<\/div>\n\t\t","protected":false},"excerpt":{"rendered":"<p>Animation M\u00e9diation Culturelle et Scientifique Associations Le GipsADoc est l&rsquo;association des doctorants du GIPSA-lab. Son but est de favoriser l&rsquo;accueil et l&rsquo;int\u00e9gration des doctorants au sein du GIPSA-lab, de les informer sur les possibilit\u00e9s qui leur sont ouvertes au cours de leur th\u00e8se et d&rsquo;encourager les \u00e9changes scientifiques et culturels via l&rsquo;organisation de diverses activit\u00e9s [&hellip;]<\/p>\n","protected":false},"author":2,"featured_media":0,"parent":6418,"menu_order":1,"comment_status":"closed","ping_status":"closed","template":"","meta":{"rs_blank_template":"","rs_page_bg_color":"","slide_template_v7":"","footnotes":""},"class_list":["post-11690","page","type-page","status-publish","hentry"],"lang":"fr","translations":{"fr":11690},"pll_sync_post":[],"_links":{"self":[{"href":"https:\/\/intra-dev-2.excellis.org\/index.php?rest_route=\/wp\/v2\/pages\/11690","targetHints":{"allow":["GET"]}}],"collection":[{"href":"https:\/\/intra-dev-2.excellis.org\/index.php?rest_route=\/wp\/v2\/pages"}],"about":[{"href":"https:\/\/intra-dev-2.excellis.org\/index.php?rest_route=\/wp\/v2\/types\/page"}],"author":[{"embeddable":true,"href":"https:\/\/intra-dev-2.excellis.org\/index.php?rest_route=\/wp\/v2\/users\/2"}],"replies":[{"embeddable":true,"href":"https:\/\/intra-dev-2.excellis.org\/index.php?rest_route=%2Fwp%2Fv2%2Fcomments&post=11690"}],"version-history":[{"count":10,"href":"https:\/\/intra-dev-2.excellis.org\/index.php?rest_route=\/wp\/v2\/pages\/11690\/revisions"}],"predecessor-version":[{"id":11800,"href":"https:\/\/intra-dev-2.excellis.org\/index.php?rest_route=\/wp\/v2\/pages\/11690\/revisions\/11800"}],"up":[{"embeddable":true,"href":"https:\/\/intra-dev-2.excellis.org\/index.php?rest_route=\/wp\/v2\/pages\/6418"}],"wp:attachment":[{"href":"https:\/\/intra-dev-2.excellis.org\/index.php?rest_route=%2Fwp%2Fv2%2Fmedia&parent=11690"}],"curies":[{"name":"wp","href":"https:\/\/api.w.org\/{rel}","templated":true}]}}