{"id":6382,"date":"2025-11-24T08:59:45","date_gmt":"2025-11-24T07:59:45","guid":{"rendered":"https:\/\/intra-dev-2.excellis.org\/?page_id=6382"},"modified":"2026-04-01T13:11:44","modified_gmt":"2026-04-01T11:11:44","slug":"recherche","status":"publish","type":"page","link":"https:\/\/intra-dev-2.excellis.org\/?page_id=6382","title":{"rendered":"Recherche"},"content":{"rendered":"\t\t<div data-elementor-type=\"wp-page\" data-elementor-id=\"6382\" class=\"elementor elementor-6382\" data-elementor-post-type=\"page\">\n\t\t\t\t<div class=\"elementor-element elementor-element-5d43410 e-flex e-con-boxed e-con e-parent\" data-id=\"5d43410\" data-element_type=\"container\" data-e-type=\"container\" data-settings=\"{&quot;background_background&quot;:&quot;classic&quot;}\">\n\t\t\t\t\t<div class=\"e-con-inner\">\n\t\t<div class=\"elementor-element elementor-element-dbb5153 e-con-full e-flex e-con e-child\" data-id=\"dbb5153\" data-element_type=\"container\" data-e-type=\"container\">\n\t\t\t\t<div class=\"elementor-element elementor-element-d9eb53f elementor-widget elementor-widget-ova_list_link\" data-id=\"d9eb53f\" data-element_type=\"widget\" data-e-type=\"widget\" data-widget_type=\"ova_list_link.default\">\n\t\t\t\t<div class=\"elementor-widget-container\">\n\t\t\t\t\t\t\t<div class=\"ova_list_link box-shadow\">\n\t\t\t\t\t\t<h3 class=\"title\">\n\t\t\t\tLes D\u00e9partements de Recherche\t\t\t<\/h3>\n\t\t\t\t\t\t\t\t\t<ul class=\"content\">\n\t\t\t\t\t\t\t\t\t<li class=\"item\">\n\t\t\t\t\t\t<a href=\"https:\/\/intra-dev-2.excellis.org\/?page_id=8476\">\n\t\t\t\t\t\t\tD\u00e9partement Automatique et S\u00fbret\u00e9 des syst\u00e8mes (DAS)\t\t\t\t\t\t\t\t\t\t\t\t\t\t<span class=\"icon\">\n\t\t\t\t\t\t\t\t<i data-feather=\"chevron-right\"><\/i>\n\t\t\t\t\t\t\t<\/span>\n\t\t\t\t\t\t    \t\t\t\t\t\t    \t\t\t\t\t\t\t<span class=\"icon-hover\">\n\t\t\t\t\t\t\t\t<i data-feather=\"arrow-right\"><\/i>\n\t\t\t\t\t\t\t<\/span>\n\t\t\t\t\t\t\t \t\t\t\t\t\t<\/a>\n\n\t\t\t\t\t<\/li>\n\t\t\t\t\t\t\t\t\t<li class=\"item\">\n\t\t\t\t\t\t<a href=\"https:\/\/intra-dev-2.excellis.org\/?page_id=8504\">\n\t\t\t\t\t\t\tD\u00e9partement Science des Donn\u00e9es (DSD)\t\t\t\t\t\t\t\t\t\t\t\t\t\t<span class=\"icon\">\n\t\t\t\t\t\t\t\t<i data-feather=\"chevron-right\"><\/i>\n\t\t\t\t\t\t\t<\/span>\n\t\t\t\t\t\t    \t\t\t\t\t\t    \t\t\t\t\t\t\t<span class=\"icon-hover\">\n\t\t\t\t\t\t\t\t<i data-feather=\"arrow-right\"><\/i>\n\t\t\t\t\t\t\t<\/span>\n\t\t\t\t\t\t\t \t\t\t\t\t\t<\/a>\n\n\t\t\t\t\t<\/li>\n\t\t\t\t\t\t\t\t\t<li class=\"item\">\n\t\t\t\t\t\t<a href=\"https:\/\/intra-dev-2.excellis.org\/?page_id=7959\">\n\t\t\t\t\t\t\tD\u00e9partement G\u00e9om\u00e9trie, Apprentissage, Information et Algorithmes (GAIA)\t\t\t\t\t\t\t\t\t\t\t\t\t\t<span class=\"icon\">\n\t\t\t\t\t\t\t\t<i data-feather=\"chevron-right\"><\/i>\n\t\t\t\t\t\t\t<\/span>\n\t\t\t\t\t\t    \t\t\t\t\t\t    \t\t\t\t\t\t\t<span class=\"icon-hover\">\n\t\t\t\t\t\t\t\t<i data-feather=\"arrow-right\"><\/i>\n\t\t\t\t\t\t\t<\/span>\n\t\t\t\t\t\t\t \t\t\t\t\t\t<\/a>\n\n\t\t\t\t\t<\/li>\n\t\t\t\t\t\t\t\t\t<li class=\"item\">\n\t\t\t\t\t\t<a href=\"https:\/\/intra-dev-2.excellis.org\/?page_id=8512\">\n\t\t\t\t\t\t\tD\u00e9partement Parole et Cognition (DPC)\t\t\t\t\t\t\t\t\t\t\t\t\t\t<span class=\"icon\">\n\t\t\t\t\t\t\t\t<i data-feather=\"chevron-right\"><\/i>\n\t\t\t\t\t\t\t<\/span>\n\t\t\t\t\t\t    \t\t\t\t\t\t    \t\t\t\t\t\t\t<span class=\"icon-hover\">\n\t\t\t\t\t\t\t\t<i data-feather=\"arrow-right\"><\/i>\n\t\t\t\t\t\t\t<\/span>\n\t\t\t\t\t\t\t \t\t\t\t\t\t<\/a>\n\n\t\t\t\t\t<\/li>\n\t\t\t\t\t\t\t<\/ul>\n\t\t\t\t\t<\/div>\n\t\t\t\t\t\t<\/div>\n\t\t\t\t<\/div>\n\t\t\t\t<div class=\"elementor-element elementor-element-91a8bed elementor-widget elementor-widget-ova_list_link\" data-id=\"91a8bed\" data-element_type=\"widget\" data-e-type=\"widget\" data-widget_type=\"ova_list_link.default\">\n\t\t\t\t<div class=\"elementor-widget-container\">\n\t\t\t\t\t\t\t<div class=\"ova_list_link box-shadow\">\n\t\t\t\t\t\t\t\t\t<ul class=\"content\">\n\t\t\t\t\t\t\t\t\t<li class=\"item\">\n\t\t\t\t\t\t<a href=\"https:\/\/intra-dev-2.excellis.org\/?page_id=8034\">\n\t\t\t\t\t\t\tProjets de Recherche\t\t\t\t\t\t\t\t\t\t\t\t\t\t<span class=\"icon\">\n\t\t\t\t\t\t\t\t<i data-feather=\"chevron-right\"><\/i>\n\t\t\t\t\t\t\t<\/span>\n\t\t\t\t\t\t    \t\t\t\t\t\t    \t\t\t\t\t\t\t<span class=\"icon-hover\">\n\t\t\t\t\t\t\t\t<i data-feather=\"arrow-right\"><\/i>\n\t\t\t\t\t\t\t<\/span>\n\t\t\t\t\t\t\t \t\t\t\t\t\t<\/a>\n\n\t\t\t\t\t<\/li>\n\t\t\t\t\t\t\t\t\t<li class=\"item\">\n\t\t\t\t\t\t<a href=\"https:\/\/intra-dev-2.excellis.org\/?page_id=7972\">\n\t\t\t\t\t\t\tPlateformes\t\t\t\t\t\t\t\t\t\t\t\t\t\t<span class=\"icon\">\n\t\t\t\t\t\t\t\t<i data-feather=\"chevron-right\"><\/i>\n\t\t\t\t\t\t\t<\/span>\n\t\t\t\t\t\t    \t\t\t\t\t\t    \t\t\t\t\t\t\t<span class=\"icon-hover\">\n\t\t\t\t\t\t\t\t<i data-feather=\"arrow-right\"><\/i>\n\t\t\t\t\t\t\t<\/span>\n\t\t\t\t\t\t\t \t\t\t\t\t\t<\/a>\n\n\t\t\t\t\t<\/li>\n\t\t\t\t\t\t\t<\/ul>\n\t\t\t\t\t<\/div>\n\t\t\t\t\t\t<\/div>\n\t\t\t\t<\/div>\n\t\t\t\t<\/div>\n\t\t<div class=\"elementor-element elementor-element-578cc1a e-con-full e-flex e-con e-child\" data-id=\"578cc1a\" data-element_type=\"container\" data-e-type=\"container\">\n\t\t<div class=\"elementor-element elementor-element-e20a96f e-con-full e-flex e-con e-child\" data-id=\"e20a96f\" data-element_type=\"container\" data-e-type=\"container\">\n\t\t<div class=\"elementor-element elementor-element-89d7d99 e-con-full e-flex e-con e-child\" data-id=\"89d7d99\" data-element_type=\"container\" data-e-type=\"container\">\n\t\t\t\t<div class=\"elementor-element elementor-element-d6fdef1 elementor-drop-cap-yes elementor-drop-cap-view-default elementor-widget elementor-widget-text-editor\" data-id=\"d6fdef1\" data-element_type=\"widget\" data-e-type=\"widget\" data-settings=\"{&quot;drop_cap&quot;:&quot;yes&quot;}\" data-widget_type=\"text-editor.default\">\n\t\t\t\t\t\t\t\t\t<p>Les \u00e9quipes scientifiques du GIPSA-lab m\u00e8nent des recherches, \u00e0 la fois th\u00e9oriques et appliqu\u00e9es, dans les domaines de l\u2019<strong>automatique<\/strong>, du <strong>signal<\/strong>, des <strong>images<\/strong>, de la <strong>parole<\/strong>, de la <strong>cognition<\/strong>, de la <strong>robotique<\/strong> et de l\u2019<strong>apprentissage<\/strong>. Sous tutelle du <strong>CNRS<\/strong>, de <strong>Grenoble INP &#8211; UGA<\/strong> et de l&rsquo;<strong>Universit\u00e9 de Grenoble Alpes<\/strong>, le laboratoire est conventionn\u00e9 avec <strong>Inria<\/strong> et l&rsquo;<strong>OSUG<\/strong> et d\u00e9veloppe des collaborations avec de nombreux partenaires.<\/p>\t\t\t\t\t\t\t\t<\/div>\n\t\t\t\t<div class=\"elementor-element elementor-element-3d45572 elementor-widget elementor-widget-heading\" data-id=\"3d45572\" data-element_type=\"widget\" data-e-type=\"widget\" data-widget_type=\"heading.default\">\n\t\t\t\t\t<h3 class=\"elementor-heading-title elementor-size-default\">Les 16 \u00e9quipes de recherche du GIPSA-lab sont organis\u00e9es en 4 D\u00e9partements :\n<\/h3>\t\t\t\t<\/div>\n\t\t\t\t<\/div>\n\t\t<div class=\"elementor-element elementor-element-b53da98 e-con-full e-flex e-con e-child\" data-id=\"b53da98\" data-element_type=\"container\" data-e-type=\"container\">\n\t\t\t\t<div class=\"elementor-element elementor-element-760a314 elementor-widget elementor-widget-image\" data-id=\"760a314\" data-element_type=\"widget\" data-e-type=\"widget\" data-widget_type=\"image.default\">\n\t\t\t\t\t\t\t\t\t\t\t\t\t\t\t<img fetchpriority=\"high\" decoding=\"async\" width=\"480\" height=\"480\" src=\"https:\/\/intra-dev-2.excellis.org\/wp-content\/uploads\/2025\/11\/gipsa_pictos_trefle_2022_0.png\" class=\"attachment-large size-large wp-image-6691\" alt=\"\" srcset=\"https:\/\/intra-dev-2.excellis.org\/wp-content\/uploads\/2025\/11\/gipsa_pictos_trefle_2022_0.png 480w, https:\/\/intra-dev-2.excellis.org\/wp-content\/uploads\/2025\/11\/gipsa_pictos_trefle_2022_0-300x300.png 300w, https:\/\/intra-dev-2.excellis.org\/wp-content\/uploads\/2025\/11\/gipsa_pictos_trefle_2022_0-150x150.png 150w\" sizes=\"(max-width: 480px) 100vw, 480px\" \/>\t\t\t\t\t\t\t\t\t\t\t\t\t\t\t<\/div>\n\t\t\t\t<\/div>\n\t\t\t\t<\/div>\n\t\t<div class=\"elementor-element elementor-element-a55a1ee e-con-full e-flex e-con e-child\" data-id=\"a55a1ee\" data-element_type=\"container\" data-e-type=\"container\">\n\t\t\t\t<div class=\"elementor-element elementor-element-ffc5964 elementor-widget elementor-widget-ova_list_checked\" data-id=\"ffc5964\" data-element_type=\"widget\" data-e-type=\"widget\" data-widget_type=\"ova_list_checked.default\">\n\t\t\t\t<div class=\"elementor-widget-container\">\n\t\t\t\t\t\t\t\n\t\t<div class=\"ova_list_checked\" >\n\t\t\t\t\t\t\t<ul>\n\t\t\t\t\t\t\t\t\t<li class=\"item\">\n\t\t\t\t\t\t<i data-feather=\"check-circle\"><\/i>\n\t\t\t\t\t\t<span>le D\u00e9partement Automatique et S\u00fbret\u00e9 des syst\u00e8mes (DAS)<\/span>\n\t\t\t\t\t<\/li>\n\t\t\t\t\t\t\t\t\t<li class=\"item\">\n\t\t\t\t\t\t<i data-feather=\"check-circle\"><\/i>\n\t\t\t\t\t\t<span>Le D\u00e9partement Science des Donn\u00e9es (DSD)<\/span>\n\t\t\t\t\t<\/li>\n\t\t\t\t\t\t\t\t\t<li class=\"item\">\n\t\t\t\t\t\t<i data-feather=\"check-circle\"><\/i>\n\t\t\t\t\t\t<span>Le D\u00e9partement G\u00e9om\u00e9trie, Apprentissage, Information et Algorithmes (GAIA)<\/span>\n\t\t\t\t\t<\/li>\n\t\t\t\t\t\t\t\t\t<li class=\"item\">\n\t\t\t\t\t\t<i data-feather=\"check-circle\"><\/i>\n\t\t\t\t\t\t<span>Le D\u00e9partement Parole et Cognition (DPC)<\/span>\n\t\t\t\t\t<\/li>\n\t\t\t\t\t\t\t\t<\/ul>\n\t\t\t\n\t\t<\/div>\n\n\t\t\t\t\t\t<\/div>\n\t\t\t\t<\/div>\n\t\t\t\t<div class=\"elementor-element elementor-element-7586a2c elementor-widget elementor-widget-text-editor\" data-id=\"7586a2c\" data-element_type=\"widget\" data-e-type=\"widget\" data-widget_type=\"text-editor.default\">\n\t\t\t\t\t\t\t\t\t<section><div><section id=\"block-gipsat-content\" class=\"block-gipsat-content block block-system block-system-main-block\"><article id=\"node-11\"><div class=\"view-mode-full\"><div class=\"body field field-node--body field-name-body field-type-text-with-summary field-label-hidden\"><div class=\"field-items\"><div class=\"field-item\"><p><a href=\"https:\/\/intra-dev-2.excellis.org\/wp-content\/uploads\/2025\/11\/Organigramme-general_septembre2024.pdf\">Organigramme G\u00e9n\u00e9ral du Laboratoire<\/a>\u00a0(PDF &#8211; mise \u00e0 jour : sept. 2024)<\/p><\/div><\/div><\/div><\/div><\/article><\/section><\/div><\/section>\t\t\t\t\t\t\t\t<\/div>\n\t\t\t\t<\/div>\n\t\t\t\t<\/div>\n\t\t\t\t\t<\/div>\n\t\t\t\t<\/div>\n\t\t\t\t<\/div>\n\t\t","protected":false},"excerpt":{"rendered":"<p>Les D\u00e9partements de Recherche D\u00e9partement Automatique et S\u00fbret\u00e9 des syst\u00e8mes (DAS) D\u00e9partement Science des Donn\u00e9es (DSD) D\u00e9partement G\u00e9om\u00e9trie, Apprentissage, Information et Algorithmes (GAIA) D\u00e9partement Parole et Cognition (DPC) Projets de Recherche Plateformes Les \u00e9quipes scientifiques du GIPSA-lab m\u00e8nent des recherches, \u00e0 la fois th\u00e9oriques et appliqu\u00e9es, dans les domaines de l\u2019automatique, du signal, des images, [&hellip;]<\/p>\n","protected":false},"author":2,"featured_media":0,"parent":0,"menu_order":2,"comment_status":"closed","ping_status":"closed","template":"","meta":{"rs_blank_template":"","rs_page_bg_color":"","slide_template_v7":"","footnotes":""},"class_list":["post-6382","page","type-page","status-publish","hentry"],"lang":"fr","translations":{"fr":6382,"en":6696},"pll_sync_post":[],"_links":{"self":[{"href":"https:\/\/intra-dev-2.excellis.org\/index.php?rest_route=\/wp\/v2\/pages\/6382","targetHints":{"allow":["GET"]}}],"collection":[{"href":"https:\/\/intra-dev-2.excellis.org\/index.php?rest_route=\/wp\/v2\/pages"}],"about":[{"href":"https:\/\/intra-dev-2.excellis.org\/index.php?rest_route=\/wp\/v2\/types\/page"}],"author":[{"embeddable":true,"href":"https:\/\/intra-dev-2.excellis.org\/index.php?rest_route=\/wp\/v2\/users\/2"}],"replies":[{"embeddable":true,"href":"https:\/\/intra-dev-2.excellis.org\/index.php?rest_route=%2Fwp%2Fv2%2Fcomments&post=6382"}],"version-history":[{"count":61,"href":"https:\/\/intra-dev-2.excellis.org\/index.php?rest_route=\/wp\/v2\/pages\/6382\/revisions"}],"predecessor-version":[{"id":14967,"href":"https:\/\/intra-dev-2.excellis.org\/index.php?rest_route=\/wp\/v2\/pages\/6382\/revisions\/14967"}],"wp:attachment":[{"href":"https:\/\/intra-dev-2.excellis.org\/index.php?rest_route=%2Fwp%2Fv2%2Fmedia&parent=6382"}],"curies":[{"name":"wp","href":"https:\/\/api.w.org\/{rel}","templated":true}]}}