{"id":6397,"date":"2025-11-24T10:21:41","date_gmt":"2025-11-24T09:21:41","guid":{"rendered":"https:\/\/intra-dev-2.excellis.org\/?page_id=6397"},"modified":"2026-01-29T17:18:13","modified_gmt":"2026-01-29T16:18:13","slug":"publications","status":"publish","type":"page","link":"https:\/\/intra-dev-2.excellis.org\/?page_id=6397","title":{"rendered":"Publications"},"content":{"rendered":"\t\t<div data-elementor-type=\"wp-page\" data-elementor-id=\"6397\" class=\"elementor elementor-6397\" data-elementor-post-type=\"page\">\n\t\t\t\t<div class=\"elementor-element elementor-element-5d43410 e-flex e-con-boxed e-con e-parent\" data-id=\"5d43410\" data-element_type=\"container\" data-e-type=\"container\" data-settings=\"{&quot;background_background&quot;:&quot;classic&quot;}\">\n\t\t\t\t\t<div class=\"e-con-inner\">\n\t\t<div class=\"elementor-element elementor-element-dbb5153 e-con-full e-flex e-con e-child\" data-id=\"dbb5153\" data-element_type=\"container\" data-e-type=\"container\">\n\t\t\t\t<div class=\"elementor-element elementor-element-760cde3 elementor-widget elementor-widget-ova_list_link\" data-id=\"760cde3\" data-element_type=\"widget\" data-e-type=\"widget\" data-widget_type=\"ova_list_link.default\">\n\t\t\t\t<div class=\"elementor-widget-container\">\n\t\t\t\t\t\t\t<div class=\"ova_list_link box-shadow\">\n\t\t\t\t\t\t<h3 class=\"title\">\n\t\t\t\tPublications\t\t\t<\/h3>\n\t\t\t\t\t\t\t\t\t<ul class=\"content\">\n\t\t\t\t\t\t\t\t\t<li class=\"item\">\n\t\t\t\t\t\t<a href=\"https:\/\/intra-dev-2.excellis.org\/?page_id=7003\">\n\t\t\t\t\t\t\tDerni\u00e8res publications\t\t\t\t\t\t\t\t\t\t\t\t\t\t<span class=\"icon\">\n\t\t\t\t\t\t\t\t<i data-feather=\"chevron-right\"><\/i>\n\t\t\t\t\t\t\t<\/span>\n\t\t\t\t\t\t    \t\t\t\t\t\t    \t\t\t\t\t\t\t<span class=\"icon-hover\">\n\t\t\t\t\t\t\t\t<i data-feather=\"arrow-right\"><\/i>\n\t\t\t\t\t\t\t<\/span>\n\t\t\t\t\t\t\t \t\t\t\t\t\t<\/a>\n\n\t\t\t\t\t<\/li>\n\t\t\t\t\t\t\t\t\t<li class=\"item\">\n\t\t\t\t\t\t<a href=\"https:\/\/intra-dev-2.excellis.org\/?page_id=7881\">\n\t\t\t\t\t\t\tParutions du GIPSA-lab\t\t\t\t\t\t\t\t\t\t\t\t\t\t<span class=\"icon\">\n\t\t\t\t\t\t\t\t<i data-feather=\"chevron-right\"><\/i>\n\t\t\t\t\t\t\t<\/span>\n\t\t\t\t\t\t    \t\t\t\t\t\t    \t\t\t\t\t\t\t<span class=\"icon-hover\">\n\t\t\t\t\t\t\t\t<i data-feather=\"arrow-right\"><\/i>\n\t\t\t\t\t\t\t<\/span>\n\t\t\t\t\t\t\t \t\t\t\t\t\t<\/a>\n\n\t\t\t\t\t<\/li>\n\t\t\t\t\t\t\t\t\t<li class=\"item\">\n\t\t\t\t\t\t<a href=\"https:\/\/intra-dev-2.excellis.org\/?page_id=11263\">\n\t\t\t\t\t\t\tToutes les Actualit\u00e9s\t\t\t\t\t\t\t\t\t\t\t\t\t\t<span class=\"icon\">\n\t\t\t\t\t\t\t\t<i data-feather=\"chevron-right\"><\/i>\n\t\t\t\t\t\t\t<\/span>\n\t\t\t\t\t\t    \t\t\t\t\t\t    \t\t\t\t\t\t\t<span class=\"icon-hover\">\n\t\t\t\t\t\t\t\t<i data-feather=\"arrow-right\"><\/i>\n\t\t\t\t\t\t\t<\/span>\n\t\t\t\t\t\t\t \t\t\t\t\t\t<\/a>\n\n\t\t\t\t\t<\/li>\n\t\t\t\t\t\t\t<\/ul>\n\t\t\t\t\t<\/div>\n\t\t\t\t\t\t<\/div>\n\t\t\t\t<\/div>\n\t\t\t\t<\/div>\n\t\t<div class=\"elementor-element elementor-element-578cc1a e-con-full e-flex e-con e-child\" data-id=\"578cc1a\" data-element_type=\"container\" data-e-type=\"container\">\n\t\t\t\t<div class=\"elementor-element elementor-element-6bb1aa8 elementor-drop-cap-yes elementor-drop-cap-view-default elementor-widget elementor-widget-text-editor\" data-id=\"6bb1aa8\" data-element_type=\"widget\" data-e-type=\"widget\" data-settings=\"{&quot;drop_cap&quot;:&quot;yes&quot;}\" data-widget_type=\"text-editor.default\">\n\t\t\t\t\t\t\t\t\t<p class=\"whitespace-break-spaces\">Cette section centralise l\u2019ensemble des travaux de recherche, ouvrages, th\u00e8ses et actualit\u00e9s scientifiques produits par les membres de notre laboratoire. Que vous soyez chercheur, \u00e9tudiant, partenaire ou simplement curieux, vous trouverez ici un aper\u00e7u de l\u2019excellence et de la diversit\u00e9 de nos contributions \u00e0 la communaut\u00e9 scientifique.<\/p>\t\t\t\t\t\t\t\t<\/div>\n\t\t\t\t<div class=\"elementor-element elementor-element-3293de6 elementor-widget elementor-widget-heading\" data-id=\"3293de6\" data-element_type=\"widget\" data-e-type=\"widget\" data-widget_type=\"heading.default\">\n\t\t\t\t\t<h3 class=\"elementor-heading-title elementor-size-default\">Explorez nos publications par cat\u00e9gorie :\n\n\n\n\n<\/h3>\t\t\t\t<\/div>\n\t\t\t\t<div class=\"elementor-element elementor-element-b4d7d73 elementor-widget elementor-widget-text-editor\" data-id=\"b4d7d73\" data-element_type=\"widget\" data-e-type=\"widget\" data-widget_type=\"text-editor.default\">\n\t\t\t\t\t\t\t\t\t<p><strong><a class=\"fade-in\" href=\"lien_vers_sous-page\" target=\"_blank\" rel=\"nofollow noopener noreferrer external\">Derni\u00e8res publications<\/a><\/strong>\u00a0<span style=\"letter-spacing: 0px;\">D\u00e9couvrez les <\/span><strong style=\"letter-spacing: 0px;\">articles r\u00e9cents<\/strong><span style=\"letter-spacing: 0px;\"> publi\u00e9s par nos chercheurs dans des revues et conf\u00e9rences internationales. Cette section est mise \u00e0 jour r\u00e9guli\u00e8rement pour refl\u00e9ter l\u2019actualit\u00e9 de la recherche au GIPSA-lab.<\/span><\/p><p class=\"whitespace-break-spaces\"><strong><a class=\"fade-in\" href=\"lien_vers_sous-page\" target=\"_blank\" rel=\"nofollow noopener noreferrer external\">Parutions<\/a><\/strong> Plongez dans les <strong>ouvrages et revues<\/strong> auxquels nos \u00e9quipes ont contribu\u00e9, qu\u2019il s\u2019agisse d\u2019\u00e9ditions scientifiques, de chapitres de livres ou de num\u00e9ros sp\u00e9ciaux. Une vitrine de notre engagement dans la diffusion des savoirs.<\/p><p class=\"whitespace-break-spaces\"><strong><a class=\"fade-in\" href=\"lien_vers_sous-page\" target=\"_blank\" rel=\"nofollow noopener noreferrer external\">Th\u00e8ses publi\u00e9es<\/a><\/strong> Consultez les <strong>th\u00e8ses soutenues<\/strong> par nos doctorants. Ces travaux, souvent \u00e0 la pointe de l\u2019innovation, illustrent la qualit\u00e9 de la formation par la recherche au GIPSA-lab.<\/p><p class=\"whitespace-break-spaces\"><strong><a class=\"fade-in\" href=\"lien_vers_sous-page\" target=\"_blank\" rel=\"nofollow noopener noreferrer external\">Toutes les actus<\/a><\/strong> Retrouvez ici <strong>l\u2019int\u00e9gralit\u00e9 des actualit\u00e9s<\/strong> li\u00e9es \u00e0 nos publications : annonces de parutions, distinctions, collaborations marquantes, et bien plus encore.<\/p>\t\t\t\t\t\t\t\t<\/div>\n\t\t\t\t<\/div>\n\t\t\t\t\t<\/div>\n\t\t\t\t<\/div>\n\t\t\t\t<\/div>\n\t\t","protected":false},"excerpt":{"rendered":"<p>Publications Derni\u00e8res publications Parutions du GIPSA-lab Toutes les Actualit\u00e9s Cette section centralise l\u2019ensemble des travaux de recherche, ouvrages, th\u00e8ses et actualit\u00e9s scientifiques produits par les membres de notre laboratoire. Que vous soyez chercheur, \u00e9tudiant, partenaire ou simplement curieux, vous trouverez ici un aper\u00e7u de l\u2019excellence et de la diversit\u00e9 de nos contributions \u00e0 la communaut\u00e9 [&hellip;]<\/p>\n","protected":false},"author":2,"featured_media":0,"parent":0,"menu_order":3,"comment_status":"closed","ping_status":"closed","template":"","meta":{"rs_blank_template":"","rs_page_bg_color":"","slide_template_v7":"","footnotes":""},"class_list":["post-6397","page","type-page","status-publish","hentry"],"lang":"fr","translations":{"fr":6397,"en":6710},"pll_sync_post":[],"_links":{"self":[{"href":"https:\/\/intra-dev-2.excellis.org\/index.php?rest_route=\/wp\/v2\/pages\/6397","targetHints":{"allow":["GET"]}}],"collection":[{"href":"https:\/\/intra-dev-2.excellis.org\/index.php?rest_route=\/wp\/v2\/pages"}],"about":[{"href":"https:\/\/intra-dev-2.excellis.org\/index.php?rest_route=\/wp\/v2\/types\/page"}],"author":[{"embeddable":true,"href":"https:\/\/intra-dev-2.excellis.org\/index.php?rest_route=\/wp\/v2\/users\/2"}],"replies":[{"embeddable":true,"href":"https:\/\/intra-dev-2.excellis.org\/index.php?rest_route=%2Fwp%2Fv2%2Fcomments&post=6397"}],"version-history":[{"count":49,"href":"https:\/\/intra-dev-2.excellis.org\/index.php?rest_route=\/wp\/v2\/pages\/6397\/revisions"}],"predecessor-version":[{"id":11689,"href":"https:\/\/intra-dev-2.excellis.org\/index.php?rest_route=\/wp\/v2\/pages\/6397\/revisions\/11689"}],"wp:attachment":[{"href":"https:\/\/intra-dev-2.excellis.org\/index.php?rest_route=%2Fwp%2Fv2%2Fmedia&parent=6397"}],"curies":[{"name":"wp","href":"https:\/\/api.w.org\/{rel}","templated":true}]}}