{"id":7028,"date":"2025-11-28T12:15:33","date_gmt":"2025-11-28T11:15:33","guid":{"rendered":"https:\/\/intra-dev-2.excellis.org\/?page_id=7028"},"modified":"2026-03-16T12:29:35","modified_gmt":"2026-03-16T11:29:35","slug":"le-mot-du-directeur","status":"publish","type":"page","link":"https:\/\/intra-dev-2.excellis.org\/?page_id=7028","title":{"rendered":"Le Mot du Directeur"},"content":{"rendered":"\t\t<div data-elementor-type=\"wp-page\" data-elementor-id=\"7028\" class=\"elementor elementor-7028\" data-elementor-post-type=\"page\">\n\t\t\t\t<div class=\"elementor-element elementor-element-7d06726 e-flex e-con-boxed e-con e-parent\" data-id=\"7d06726\" data-element_type=\"container\" data-e-type=\"container\" data-settings=\"{&quot;background_background&quot;:&quot;classic&quot;}\">\n\t\t\t\t\t<div class=\"e-con-inner\">\n\t\t<div class=\"elementor-element elementor-element-bcee7bc e-con-full e-flex e-con e-child\" data-id=\"bcee7bc\" data-element_type=\"container\" data-e-type=\"container\" data-settings=\"{&quot;background_background&quot;:&quot;classic&quot;}\">\n\t\t<div class=\"elementor-element elementor-element-c921eea e-con-full e-flex e-con e-child\" data-id=\"c921eea\" data-element_type=\"container\" data-e-type=\"container\">\n\t\t\t\t<div class=\"elementor-element elementor-element-f304010 elementor-widget elementor-widget-ova_list_link\" data-id=\"f304010\" data-element_type=\"widget\" data-e-type=\"widget\" data-widget_type=\"ova_list_link.default\">\n\t\t\t\t<div class=\"elementor-widget-container\">\n\t\t\t\t\t\t\t<div class=\"ova_list_link box-shadow\">\n\t\t\t\t\t\t<h3 class=\"title\">\n\t\t\t\t\u00c0 propos du Laboratoire\t\t\t<\/h3>\n\t\t\t\t\t\t\t\t\t<ul class=\"content\">\n\t\t\t\t\t\t\t\t\t<li class=\"item\">\n\t\t\t\t\t\t<a href=\"https:\/\/intra-dev-2.excellis.org\/?page_id=7028\">\n\t\t\t\t\t\t\tLe Mot du Directeur\t\t\t\t\t\t\t\t\t\t\t\t\t\t<span class=\"icon\">\n\t\t\t\t\t\t\t\t<i data-feather=\"chevron-right\"><\/i>\n\t\t\t\t\t\t\t<\/span>\n\t\t\t\t\t\t    \t\t\t\t\t\t    \t\t\t\t\t\t\t<span class=\"icon-hover\">\n\t\t\t\t\t\t\t\t<i data-feather=\"arrow-right\"><\/i>\n\t\t\t\t\t\t\t<\/span>\n\t\t\t\t\t\t\t \t\t\t\t\t\t<\/a>\n\n\t\t\t\t\t<\/li>\n\t\t\t\t\t\t\t\t\t<li class=\"item\">\n\t\t\t\t\t\t<a href=\"https:\/\/intra-dev-2.excellis.org\/?page_id=7230\">\n\t\t\t\t\t\t\tP\u00f4le Administratif et Financier\t\t\t\t\t\t\t\t\t\t\t\t\t\t<span class=\"icon\">\n\t\t\t\t\t\t\t\t<i data-feather=\"chevron-right\"><\/i>\n\t\t\t\t\t\t\t<\/span>\n\t\t\t\t\t\t    \t\t\t\t\t\t    \t\t\t\t\t\t\t<span class=\"icon-hover\">\n\t\t\t\t\t\t\t\t<i data-feather=\"arrow-right\"><\/i>\n\t\t\t\t\t\t\t<\/span>\n\t\t\t\t\t\t\t \t\t\t\t\t\t<\/a>\n\n\t\t\t\t\t<\/li>\n\t\t\t\t\t\t\t\t\t<li class=\"item\">\n\t\t\t\t\t\t<a href=\"https:\/\/intra-dev-2.excellis.org\/?page_id=7319\">\n\t\t\t\t\t\t\tP\u00f4le Technique\t\t\t\t\t\t\t\t\t\t\t\t\t\t<span class=\"icon\">\n\t\t\t\t\t\t\t\t<i data-feather=\"chevron-right\"><\/i>\n\t\t\t\t\t\t\t<\/span>\n\t\t\t\t\t\t    \t\t\t\t\t\t    \t\t\t\t\t\t\t<span class=\"icon-hover\">\n\t\t\t\t\t\t\t\t<i data-feather=\"arrow-right\"><\/i>\n\t\t\t\t\t\t\t<\/span>\n\t\t\t\t\t\t\t \t\t\t\t\t\t<\/a>\n\n\t\t\t\t\t<\/li>\n\t\t\t\t\t\t\t\t\t<li class=\"item\">\n\t\t\t\t\t\t<a href=\"https:\/\/intra-dev-2.excellis.org\/?page_id=7429\">\n\t\t\t\t\t\t\tResponsabilit\u00e9 soci\u00e9tale et environnementale\t\t\t\t\t\t\t\t\t\t\t\t\t\t<span class=\"icon\">\n\t\t\t\t\t\t\t\t<i data-feather=\"chevron-right\"><\/i>\n\t\t\t\t\t\t\t<\/span>\n\t\t\t\t\t\t    \t\t\t\t\t\t    \t\t\t\t\t\t\t<span class=\"icon-hover\">\n\t\t\t\t\t\t\t\t<i data-feather=\"arrow-right\"><\/i>\n\t\t\t\t\t\t\t<\/span>\n\t\t\t\t\t\t\t \t\t\t\t\t\t<\/a>\n\n\t\t\t\t\t<\/li>\n\t\t\t\t\t\t\t<\/ul>\n\t\t\t\t\t<\/div>\n\t\t\t\t\t\t<\/div>\n\t\t\t\t<\/div>\n\t\t\t\t<\/div>\n\t\t<div class=\"elementor-element elementor-element-fdeaaf8 e-con-full e-flex e-con e-child\" data-id=\"fdeaaf8\" data-element_type=\"container\" data-e-type=\"container\">\n\t\t<div class=\"elementor-element elementor-element-4635c37 e-con-full e-flex e-con e-child\" data-id=\"4635c37\" data-element_type=\"container\" data-e-type=\"container\">\n\t\t<div class=\"elementor-element elementor-element-e81489f e-con-full e-flex e-con e-child\" data-id=\"e81489f\" data-element_type=\"container\" data-e-type=\"container\">\n\t\t\t\t<div class=\"elementor-element elementor-element-dd3ceae elementor-widget elementor-widget-ova_heading\" data-id=\"dd3ceae\" data-element_type=\"widget\" data-e-type=\"widget\" data-widget_type=\"ova_heading.default\">\n\t\t\t\t<div class=\"elementor-widget-container\">\n\t\t\t\t\t\t\t<div class=\"ova-heading\">\n\t\t\t\n\t\t\t\t\t\t\t<h3 class=\"title second_font\">Le Mot du Directeur\n<\/h3>\n\t\t\t\n\t\t\t\n\t\t<\/div>\n\t\t\t\t\t\t<\/div>\n\t\t\t\t<\/div>\n\t\t\t\t<div class=\"elementor-element elementor-element-861ff39 elementor-widget elementor-widget-text-editor\" data-id=\"861ff39\" data-element_type=\"widget\" data-e-type=\"widget\" data-widget_type=\"text-editor.default\">\n\t\t\t\t\t\t\t\t\t<p>GIPSA-lab est un laboratoire de recherche mixte du\u00a0<a class=\"ext\" title=\"(s'ouvre dans une nouvelle fen\u00eatre)\" href=\"https:\/\/www.cnrs.fr\/fr\" target=\"_blank\" rel=\"noopener noreferrer\" data-extlink=\"\"><strong>CNRS<\/strong><\/a>, de\u00a0<a href=\"https:\/\/www.grenoble-inp.fr\/\"><strong>Grenoble INP-UGA<\/strong><\/a>\u00a0et de l&rsquo;<a class=\"ext\" title=\"(s'ouvre dans une nouvelle fen\u00eatre)\" href=\"https:\/\/www.univ-grenoble-alpes.fr\/\" target=\"_blank\" rel=\"noopener noreferrer\" data-extlink=\"\"><strong>Universit\u00e9 de Grenoble Alpes<\/strong><\/a>\u00a0; il est conventionn\u00e9 avec\u00a0<a class=\"ext\" title=\"(s'ouvre dans une nouvelle fen\u00eatre)\" href=\"https:\/\/www.inria.fr\/fr\" target=\"_blank\" rel=\"noopener noreferrer\" data-extlink=\"\"><strong>Inria<\/strong><\/a>\u00a0et l&rsquo;<a class=\"ext\" title=\"(s'ouvre dans une nouvelle fen\u00eatre)\" href=\"https:\/\/www.osug.fr\/\" target=\"_blank\" rel=\"noopener noreferrer\" data-extlink=\"\"><strong>Observatoire des Sciences de l&rsquo;Univers de Grenoble<\/strong><\/a>. Il m\u00e8ne des recherches th\u00e9oriques et appliqu\u00e9es sur l\u2019<strong>AUTOMATIQUE<\/strong>, le\u00a0<strong>SIGNAL<\/strong>, les\u00a0<strong>IMAGES<\/strong>, la\u00a0<strong>PAROLE<\/strong>, la\u00a0<strong>COGNITION<\/strong>, la\u00a0<strong>ROBOTIQUE<\/strong>\u00a0et l\u2019<strong>APPRENTISSAGE<\/strong>.<\/p><p>Pluridisciplinaire et \u00e0 l\u2019interface entre l\u2019humain, les mondes physiques et num\u00e9riques, nos recherches se confrontent \u00e0 des mesures, des donn\u00e9es, des observations provenant des syst\u00e8mes physiques, physiologiques, cognitifs.\u00a0<\/p>\t\t\t\t\t\t\t\t<\/div>\n\t\t\t\t<\/div>\n\t\t<div class=\"elementor-element elementor-element-ba0582f e-con-full e-flex e-con e-child\" data-id=\"ba0582f\" data-element_type=\"container\" data-e-type=\"container\">\n\t\t\t\t<div class=\"elementor-element elementor-element-93499ad elementor-widget elementor-widget-image\" data-id=\"93499ad\" data-element_type=\"widget\" data-e-type=\"widget\" data-widget_type=\"image.default\">\n\t\t\t\t\t\t\t\t\t\t\t\t\t\t\t<img fetchpriority=\"high\" decoding=\"async\" width=\"420\" height=\"420\" src=\"https:\/\/intra-dev-2.excellis.org\/wp-content\/uploads\/2025\/11\/Nicolas-Marchand-GIPSA-lab.png\" class=\"attachment-large size-large wp-image-7013\" alt=\"\" srcset=\"https:\/\/intra-dev-2.excellis.org\/wp-content\/uploads\/2025\/11\/Nicolas-Marchand-GIPSA-lab.png 420w, https:\/\/intra-dev-2.excellis.org\/wp-content\/uploads\/2025\/11\/Nicolas-Marchand-GIPSA-lab-300x300.png 300w, https:\/\/intra-dev-2.excellis.org\/wp-content\/uploads\/2025\/11\/Nicolas-Marchand-GIPSA-lab-150x150.png 150w\" sizes=\"(max-width: 420px) 100vw, 420px\" \/>\t\t\t\t\t\t\t\t\t\t\t\t\t\t\t<\/div>\n\t\t\t\t<div class=\"elementor-element elementor-element-5f508cd elementor-widget elementor-widget-text-editor\" data-id=\"5f508cd\" data-element_type=\"widget\" data-e-type=\"widget\" data-widget_type=\"text-editor.default\">\n\t\t\t\t\t\t\t\t\t<p style=\"text-align: center;\"><a href=\"https:\/\/intra-dev-2.excellis.org\/?team=nicolas-marchand\"><strong>Nicolas Marchand<\/strong><\/a> &#8211; Directeur du Laboratoire GIPSA-lab &#8211;\u00a0Cr\u00e9dit photo \u00a9 Nicolas Marchand, GIPSA-lab<\/p>\t\t\t\t\t\t\t\t<\/div>\n\t\t\t\t<\/div>\n\t\t\t\t<\/div>\n\t\t<div class=\"elementor-element elementor-element-0ae8968 e-con-full e-flex e-con e-child\" data-id=\"0ae8968\" data-element_type=\"container\" data-e-type=\"container\">\n\t\t<div class=\"elementor-element elementor-element-7f9a730 e-con-full e-flex e-con e-child\" data-id=\"7f9a730\" data-element_type=\"container\" data-e-type=\"container\">\n\t\t\t\t<div class=\"elementor-element elementor-element-4c37154 elementor-widget elementor-widget-text-editor\" data-id=\"4c37154\" data-element_type=\"widget\" data-e-type=\"widget\" data-widget_type=\"text-editor.default\">\n\t\t\t\t\t\t\t\t\t<p>Elles portent sur la\u00a0<strong>conception de m\u00e9thodologies et d\u2019algorithmes de traitement et d\u2019extraction de l\u2019information, de d\u00e9cisions, d\u2019actions et de communications\u00a0<\/strong>viables, performants et compatibles avec la r\u00e9alit\u00e9 physique et humaine. Nos travaux s&rsquo;appuient sur des th\u00e9ories math\u00e9matiques et informatiques pour le d\u00e9veloppement de mod\u00e8les et d&rsquo;algorithmes, valid\u00e9s par des impl\u00e9mentations mat\u00e9rielles et logicielles.<\/p><p>En s\u2019appuyant sur ses plateformes et ses partenariats,\u00a0<strong>GIPSA-lab<\/strong>\u00a0garde un\u00a0<strong>lien constant avec des applications<\/strong>\u00a0dans des domaines tr\u00e8s vari\u00e9s : la sant\u00e9, l\u2019environnement, l\u2019\u00e9nergie, la g\u00e9ophysique, les syst\u00e8mes embarqu\u00e9s, la m\u00e9catronique, les proc\u00e9d\u00e9s et syst\u00e8mes industriels, les t\u00e9l\u00e9communications, les r\u00e9seaux, les transports et v\u00e9hicules, la s\u00e9curit\u00e9 et la s\u00fbret\u00e9 de fonctionnement, l\u2019interaction homme-machine, l\u2019ing\u00e9nierie linguistique, la physiologie et la biom\u00e9canique\u2026<\/p><p>De part la nature de ses recherches,\u00a0<strong>GIPSA-lab<\/strong>\u00a0est en\u00a0<strong>relation directe et constante avec le milieu \u00e9conomique et la soci\u00e9t\u00e9<\/strong>.<\/p><p>Son potentiel d&rsquo;Enseignants-Chercheurs et Chercheurs est investi dans la formation au niveau des Universit\u00e9s et \u00c9coles d&rsquo;Ing\u00e9nieurs du site grenoblois (Universit\u00e9 Grenoble Alpes).<\/p>\t\t\t\t\t\t\t\t<\/div>\n\t\t\t\t<\/div>\n\t\t\t\t<\/div>\n\t\t\t\t<\/div>\n\t\t\t\t<\/div>\n\t\t\t\t\t<\/div>\n\t\t\t\t<\/div>\n\t\t\t\t<\/div>\n\t\t","protected":false},"excerpt":{"rendered":"<p>\u00c0 propos du Laboratoire Le Mot du Directeur P\u00f4le Administratif et Financier P\u00f4le Technique Responsabilit\u00e9 soci\u00e9tale et environnementale Le Mot du Directeur GIPSA-lab est un laboratoire de recherche mixte du\u00a0CNRS, de\u00a0Grenoble INP-UGA\u00a0et de l&rsquo;Universit\u00e9 de Grenoble Alpes\u00a0; il est conventionn\u00e9 avec\u00a0Inria\u00a0et l&rsquo;Observatoire des Sciences de l&rsquo;Univers de Grenoble. Il m\u00e8ne des recherches th\u00e9oriques et appliqu\u00e9es [&hellip;]<\/p>\n","protected":false},"author":2,"featured_media":0,"parent":6356,"menu_order":1,"comment_status":"closed","ping_status":"closed","template":"","meta":{"rs_blank_template":"","rs_page_bg_color":"","slide_template_v7":"","footnotes":""},"class_list":["post-7028","page","type-page","status-publish","hentry"],"lang":"fr","translations":{"fr":7028,"en":12080},"pll_sync_post":[],"_links":{"self":[{"href":"https:\/\/intra-dev-2.excellis.org\/index.php?rest_route=\/wp\/v2\/pages\/7028","targetHints":{"allow":["GET"]}}],"collection":[{"href":"https:\/\/intra-dev-2.excellis.org\/index.php?rest_route=\/wp\/v2\/pages"}],"about":[{"href":"https:\/\/intra-dev-2.excellis.org\/index.php?rest_route=\/wp\/v2\/types\/page"}],"author":[{"embeddable":true,"href":"https:\/\/intra-dev-2.excellis.org\/index.php?rest_route=\/wp\/v2\/users\/2"}],"replies":[{"embeddable":true,"href":"https:\/\/intra-dev-2.excellis.org\/index.php?rest_route=%2Fwp%2Fv2%2Fcomments&post=7028"}],"version-history":[{"count":100,"href":"https:\/\/intra-dev-2.excellis.org\/index.php?rest_route=\/wp\/v2\/pages\/7028\/revisions"}],"predecessor-version":[{"id":9291,"href":"https:\/\/intra-dev-2.excellis.org\/index.php?rest_route=\/wp\/v2\/pages\/7028\/revisions\/9291"}],"up":[{"embeddable":true,"href":"https:\/\/intra-dev-2.excellis.org\/index.php?rest_route=\/wp\/v2\/pages\/6356"}],"wp:attachment":[{"href":"https:\/\/intra-dev-2.excellis.org\/index.php?rest_route=%2Fwp%2Fv2%2Fmedia&parent=7028"}],"curies":[{"name":"wp","href":"https:\/\/api.w.org\/{rel}","templated":true}]}}