{"id":7881,"date":"2025-12-05T11:26:35","date_gmt":"2025-12-05T10:26:35","guid":{"rendered":"https:\/\/intra-dev-2.excellis.org\/?page_id=7881"},"modified":"2026-01-30T11:23:00","modified_gmt":"2026-01-30T10:23:00","slug":"parutions-du-gipsa-lab","status":"publish","type":"page","link":"https:\/\/intra-dev-2.excellis.org\/?page_id=7881","title":{"rendered":"Parutions du GIPSA-lab"},"content":{"rendered":"\t\t<div data-elementor-type=\"wp-page\" data-elementor-id=\"7881\" class=\"elementor elementor-7881\" data-elementor-post-type=\"page\">\n\t\t\t\t<div class=\"elementor-element elementor-element-cbd54e9 e-flex e-con-boxed e-con e-parent\" data-id=\"cbd54e9\" data-element_type=\"container\" data-e-type=\"container\" data-settings=\"{&quot;background_background&quot;:&quot;classic&quot;}\">\n\t\t\t\t\t<div class=\"e-con-inner\">\n\t\t<div class=\"elementor-element elementor-element-a26ec7f e-con-full e-flex e-con e-child\" data-id=\"a26ec7f\" data-element_type=\"container\" data-e-type=\"container\" data-settings=\"{&quot;background_background&quot;:&quot;classic&quot;}\">\n\t\t<div class=\"elementor-element elementor-element-6461d6a e-con-full e-flex e-con e-child\" data-id=\"6461d6a\" data-element_type=\"container\" data-e-type=\"container\">\n\t\t<div class=\"elementor-element elementor-element-5b078ae e-con-full e-flex e-con e-child\" data-id=\"5b078ae\" data-element_type=\"container\" data-e-type=\"container\">\n\t\t<div class=\"elementor-element elementor-element-32dc7eb e-con-full e-flex e-con e-child\" data-id=\"32dc7eb\" data-element_type=\"container\" data-e-type=\"container\">\n\t\t\t\t<div class=\"elementor-element elementor-element-cd5587d elementor-widget elementor-widget-ova_list_link\" data-id=\"cd5587d\" data-element_type=\"widget\" data-e-type=\"widget\" data-widget_type=\"ova_list_link.default\">\n\t\t\t\t<div class=\"elementor-widget-container\">\n\t\t\t\t\t\t\t<div class=\"ova_list_link box-shadow\">\n\t\t\t\t\t\t<h3 class=\"title\">\n\t\t\t\tPublications\t\t\t<\/h3>\n\t\t\t\t\t\t\t\t\t<ul class=\"content\">\n\t\t\t\t\t\t\t\t\t<li class=\"item\">\n\t\t\t\t\t\t<a href=\"https:\/\/intra-dev-2.excellis.org\/?page_id=7003\">\n\t\t\t\t\t\t\tDerni\u00e8res publications\t\t\t\t\t\t\t\t\t\t\t\t\t\t<span class=\"icon\">\n\t\t\t\t\t\t\t\t<i data-feather=\"chevron-right\"><\/i>\n\t\t\t\t\t\t\t<\/span>\n\t\t\t\t\t\t    \t\t\t\t\t\t    \t\t\t\t\t\t\t<span class=\"icon-hover\">\n\t\t\t\t\t\t\t\t<i data-feather=\"arrow-right\"><\/i>\n\t\t\t\t\t\t\t<\/span>\n\t\t\t\t\t\t\t \t\t\t\t\t\t<\/a>\n\n\t\t\t\t\t<\/li>\n\t\t\t\t\t\t\t\t\t<li class=\"item\">\n\t\t\t\t\t\t<a href=\"https:\/\/intra-dev-2.excellis.org\/?page_id=7881\">\n\t\t\t\t\t\t\tParutions du GIPSA-lab\t\t\t\t\t\t\t\t\t\t\t\t\t\t<span class=\"icon\">\n\t\t\t\t\t\t\t\t<i data-feather=\"chevron-right\"><\/i>\n\t\t\t\t\t\t\t<\/span>\n\t\t\t\t\t\t    \t\t\t\t\t\t    \t\t\t\t\t\t\t<span class=\"icon-hover\">\n\t\t\t\t\t\t\t\t<i data-feather=\"arrow-right\"><\/i>\n\t\t\t\t\t\t\t<\/span>\n\t\t\t\t\t\t\t \t\t\t\t\t\t<\/a>\n\n\t\t\t\t\t<\/li>\n\t\t\t\t\t\t\t\t\t<li class=\"item\">\n\t\t\t\t\t\t<a href=\"https:\/\/intra-dev-2.excellis.org\/?page_id=11263\">\n\t\t\t\t\t\t\tToutes les Actualit\u00e9s\t\t\t\t\t\t\t\t\t\t\t\t\t\t<span class=\"icon\">\n\t\t\t\t\t\t\t\t<i data-feather=\"chevron-right\"><\/i>\n\t\t\t\t\t\t\t<\/span>\n\t\t\t\t\t\t    \t\t\t\t\t\t    \t\t\t\t\t\t\t<span class=\"icon-hover\">\n\t\t\t\t\t\t\t\t<i data-feather=\"arrow-right\"><\/i>\n\t\t\t\t\t\t\t<\/span>\n\t\t\t\t\t\t\t \t\t\t\t\t\t<\/a>\n\n\t\t\t\t\t<\/li>\n\t\t\t\t\t\t\t<\/ul>\n\t\t\t\t\t<\/div>\n\t\t\t\t\t\t<\/div>\n\t\t\t\t<\/div>\n\t\t\t\t<\/div>\n\t\t\t\t<\/div>\n\t\t\t\t<\/div>\n\t\t<div class=\"elementor-element elementor-element-b572c7c e-con-full e-flex e-con e-child\" data-id=\"b572c7c\" data-element_type=\"container\" data-e-type=\"container\">\n\t\t<div class=\"elementor-element elementor-element-8ece245 e-con-full e-flex e-con e-child\" data-id=\"8ece245\" data-element_type=\"container\" data-e-type=\"container\">\n\t\t\t\t<div class=\"elementor-element elementor-element-b949f1e elementor-widget elementor-widget-ova_blog\" data-id=\"b949f1e\" data-element_type=\"widget\" data-e-type=\"widget\" data-widget_type=\"ova_blog.default\">\n\t\t\t\t<div class=\"elementor-widget-container\">\n\t\t\t\t\t\n\t\t<div class=\"ova-blog blog-grid grid_sidebar\">\n\t\t\t<div class=\"ova-wrap-grid\">\n\t\t\t\t\t\t\t<article class=\"post-wrap\">\n\t\t\t\t\t<div class=\"wrap-article\">\n\t\t\t\t\t\t<div class=\"post-media\">\n\t\t\t\t\t\t\t\t\t\t\t\t\t\t\t<a href=\"https:\/\/intra-dev-2.excellis.org\/?p=9546\">\n\n\t\t\t\t\t\t\t\t\t<img decoding=\"async\" alt=\"G\u00e9olinguistique n\u00b025\" src=\"https:\/\/intra-dev-2.excellis.org\/wp-content\/uploads\/2025\/12\/Parution-1-560x293.png\" \n\t\t\t\t\t\t\t\t\t\t\t\n\t\t\t\t\t\t\t\t\t\t\tsrcset=\"https:\/\/intra-dev-2.excellis.org\/wp-content\/uploads\/2025\/12\/Parution-1-560x293.png 560w,\n\t\t\t\t\t\t\t\t\t\t\thttps:\/\/intra-dev-2.excellis.org\/wp-content\/uploads\/2025\/12\/Parution-1-300x157.png 300w\" \n\t\t\t\t\t\t\t\t\t\t\tsizes=\"(max-width: 767px) 100vw, 560px\" >\n\t\t\t\t\t\t\t\t<\/a>\n\t\t\t\t\t\t\t\t\t\t\t\t\t<\/div>\n\t\t\t\t\t\t<div class=\"evgovt-content\">\n\t\t\t\t\t\t\t\t\t\t\t\t\t\t<div class=\"post-meta-date\">\n\t\t\t\t\t\t\t\t<span class=\"post-meta-content-date\">\n\t\t\t\t\t\t\t\t    <span class=\" post-date\">\n\t\t\t\t\t\t\t\t        <span class=\"right second_font\">21 d\u00e9cembre 2025<\/span>\n\t\t\t\t\t\t\t\t    <\/span>\n\t\t\t\t\t\t\t\t<\/span>\n\t\t\t\t\t\t\t<\/div>\n\t\t\t\t\t\t\t\n\t\t\t\t\t\t\t\t\t\t\t\t\t\t<div class=\"post-meta-grid\">\n\t\t\t\t\t\t\t\t<span class=\"post-meta-content-grid\">\n\t\t\t\t\t\t\t\t    \t\t\t\t\t\t\t\t    \t<span class=\"wp-categories\">\n\t\t\t\t\t\t\t\t    \t\t\t\t\t\t\t\t\t\t    \t\t\t<span class=\"slash ova-meta-general\">\n\t\t\t\t\t\t\t\t    \t\t\t\tDans\t\t\t\t\t\t\t\t    \t\t\t<\/span>\n\t\t\t\t\t\t\t\t    \t\t\t\t\t\t\t\t\t\t\t\t    <span class=\" categories\">\n\t\t\t\t\t\t\t\t\t\t        <span class=\"right\"><a href=\"https:\/\/intra-dev-2.excellis.org\/?cat=96\" rel=\"category\">Parutions<\/a><\/span><!-- end right -->             \n\t\t\t\t\t\t\t\t\t\t    <\/span><!-- end categories -->\n\t\t\t\t\t\t\t\t    \t<\/span><!-- end wp-category -->\n\t\t\t\t\t\t\t\t\t\n\t\t\t\t\t\t\t\t    <span class=\" comment\">\n\t\t\t\t\t\t\t\t        <span class=\"right\">\n\t\t\t\t\t\t\t\t        \t<i data-feather=\"message-square\"><\/i>\n\t\t\t\t\t\t\t\t            <a href=\"https:\/\/intra-dev-2.excellis.org\/?p=9546#respond\"> 0<\/a>\t\t\t\t\t\t\t\t        <\/span>                \n\t\t\t\t\t\t\t\t    <\/span>\n\n\t\t\t\t\t\t\t\t<\/span>\n\t\t\t\t\t\t\t<\/div>\n\t\t\t\t\t\t\t\t\t\t\t\t\t\t\t\t\t\t\t\t\t<div class=\"post-title\">\n\t\t\t\t\t\t\t\t<a href=\"https:\/\/intra-dev-2.excellis.org\/?p=9546\" rel=\"bookmark\" title=\"G\u00e9olinguistique n\u00b025\">\n\t\t\t\t\t\t\t\t\t<h2 class=\"post-title\">G\u00e9olinguistique n\u00b025<\/h2>\n\t\t\t\t\t\t\t    <\/a>\n\t\t\t\t\t\t\t<\/div>\n\t\t\t\t\t\t\t\t\t\t\t\t\t\t\t\t\t\t\t\t\t\t\t\t\t\t\t\t<div class=\"post-footer\">\n\t\t\t\t\t\t\t\t<div class=\"egovt-post-readmore\">\n\t\t\t\t\t\t\t\t    <a class=\"btn-readmore second_font\" href=\"https:\/\/intra-dev-2.excellis.org\/?p=9546\">\n\t\t\t\t\t\t\t\t    \tEn savoir plus\t\t\t\t\t\t\t\t    \t<i data-feather=\"arrow-right\"><\/i>\n\t\t\t\t\t\t\t\t    <\/a>\n\t\t\t\t\t\t\t\t<\/div>\n\t\t\t\t\t\t\t<\/div>\n\t\t\t\t\t\t\t\t\t\t\t\t\t<\/div>\n\t\t\t\t\t<\/div>\n\t\t\t\t<\/article>\n\t\t\t\t\t\t\t<article class=\"post-wrap\">\n\t\t\t\t\t<div class=\"wrap-article\">\n\t\t\t\t\t\t<div class=\"post-media\">\n\t\t\t\t\t\t\t\t\t\t\t\t\t\t\t<a href=\"https:\/\/intra-dev-2.excellis.org\/?p=7894\">\n\n\t\t\t\t\t\t\t\t\t<img decoding=\"async\" alt=\"G\u00e9olinguistique n\u00b024\" src=\"https:\/\/intra-dev-2.excellis.org\/wp-content\/uploads\/2025\/12\/Parution-1-560x293.png\" \n\t\t\t\t\t\t\t\t\t\t\t\n\t\t\t\t\t\t\t\t\t\t\tsrcset=\"https:\/\/intra-dev-2.excellis.org\/wp-content\/uploads\/2025\/12\/Parution-1-560x293.png 560w,\n\t\t\t\t\t\t\t\t\t\t\thttps:\/\/intra-dev-2.excellis.org\/wp-content\/uploads\/2025\/12\/Parution-1-300x157.png 300w\" \n\t\t\t\t\t\t\t\t\t\t\tsizes=\"(max-width: 767px) 100vw, 560px\" >\n\t\t\t\t\t\t\t\t<\/a>\n\t\t\t\t\t\t\t\t\t\t\t\t\t<\/div>\n\t\t\t\t\t\t<div class=\"evgovt-content\">\n\t\t\t\t\t\t\t\t\t\t\t\t\t\t<div class=\"post-meta-date\">\n\t\t\t\t\t\t\t\t<span class=\"post-meta-content-date\">\n\t\t\t\t\t\t\t\t    <span class=\" post-date\">\n\t\t\t\t\t\t\t\t        <span class=\"right second_font\">14 mars 2025<\/span>\n\t\t\t\t\t\t\t\t    <\/span>\n\t\t\t\t\t\t\t\t<\/span>\n\t\t\t\t\t\t\t<\/div>\n\t\t\t\t\t\t\t\n\t\t\t\t\t\t\t\t\t\t\t\t\t\t<div class=\"post-meta-grid\">\n\t\t\t\t\t\t\t\t<span class=\"post-meta-content-grid\">\n\t\t\t\t\t\t\t\t    \t\t\t\t\t\t\t\t    \t<span class=\"wp-categories\">\n\t\t\t\t\t\t\t\t    \t\t\t\t\t\t\t\t\t\t    \t\t\t<span class=\"slash ova-meta-general\">\n\t\t\t\t\t\t\t\t    \t\t\t\tDans\t\t\t\t\t\t\t\t    \t\t\t<\/span>\n\t\t\t\t\t\t\t\t    \t\t\t\t\t\t\t\t\t\t\t\t    <span class=\" categories\">\n\t\t\t\t\t\t\t\t\t\t        <span class=\"right\"><a href=\"https:\/\/intra-dev-2.excellis.org\/?cat=96\" rel=\"category\">Parutions<\/a><\/span><!-- end right -->             \n\t\t\t\t\t\t\t\t\t\t    <\/span><!-- end categories -->\n\t\t\t\t\t\t\t\t    \t<\/span><!-- end wp-category -->\n\t\t\t\t\t\t\t\t\t\n\t\t\t\t\t\t\t\t    <span class=\" comment\">\n\t\t\t\t\t\t\t\t        <span class=\"right\">\n\t\t\t\t\t\t\t\t        \t<i data-feather=\"message-square\"><\/i>\n\t\t\t\t\t\t\t\t            <a href=\"https:\/\/intra-dev-2.excellis.org\/?p=7894#respond\"> 0<\/a>\t\t\t\t\t\t\t\t        <\/span>                \n\t\t\t\t\t\t\t\t    <\/span>\n\n\t\t\t\t\t\t\t\t<\/span>\n\t\t\t\t\t\t\t<\/div>\n\t\t\t\t\t\t\t\t\t\t\t\t\t\t\t\t\t\t\t\t\t<div class=\"post-title\">\n\t\t\t\t\t\t\t\t<a href=\"https:\/\/intra-dev-2.excellis.org\/?p=7894\" rel=\"bookmark\" title=\"G\u00e9olinguistique n\u00b024\">\n\t\t\t\t\t\t\t\t\t<h2 class=\"post-title\">G\u00e9olinguistique n\u00b024<\/h2>\n\t\t\t\t\t\t\t    <\/a>\n\t\t\t\t\t\t\t<\/div>\n\t\t\t\t\t\t\t\t\t\t\t\t\t\t\t\t\t\t\t\t\t\t\t\t\t\t\t\t<div class=\"post-footer\">\n\t\t\t\t\t\t\t\t<div class=\"egovt-post-readmore\">\n\t\t\t\t\t\t\t\t    <a class=\"btn-readmore second_font\" href=\"https:\/\/intra-dev-2.excellis.org\/?p=7894\">\n\t\t\t\t\t\t\t\t    \tEn savoir plus\t\t\t\t\t\t\t\t    \t<i data-feather=\"arrow-right\"><\/i>\n\t\t\t\t\t\t\t\t    <\/a>\n\t\t\t\t\t\t\t\t<\/div>\n\t\t\t\t\t\t\t<\/div>\n\t\t\t\t\t\t\t\t\t\t\t\t\t<\/div>\n\t\t\t\t\t<\/div>\n\t\t\t\t<\/article>\n\t\t\t\t\t\t\t<article class=\"post-wrap\">\n\t\t\t\t\t<div class=\"wrap-article\">\n\t\t\t\t\t\t<div class=\"post-media\">\n\t\t\t\t\t\t\t\t\t\t\t\t\t\t\t<a href=\"https:\/\/intra-dev-2.excellis.org\/?p=6824\">\n\n\t\t\t\t\t\t\t\t\t<img decoding=\"async\" alt=\"Revue G\u00e9olinguistique sur Pers\u00e9e : Une Mise en Ligne Historique au Service de la Recherche\" src=\"https:\/\/intra-dev-2.excellis.org\/wp-content\/uploads\/2025\/11\/Image2-1-560x379.png\" \n\t\t\t\t\t\t\t\t\t\t\t\n\t\t\t\t\t\t\t\t\t\t\tsrcset=\"https:\/\/intra-dev-2.excellis.org\/wp-content\/uploads\/2025\/11\/Image2-1-560x379.png 560w,\n\t\t\t\t\t\t\t\t\t\t\thttps:\/\/intra-dev-2.excellis.org\/wp-content\/uploads\/2025\/11\/Image2-1-300x203.png 300w\" \n\t\t\t\t\t\t\t\t\t\t\tsizes=\"(max-width: 767px) 100vw, 560px\" >\n\t\t\t\t\t\t\t\t<\/a>\n\t\t\t\t\t\t\t\t\t\t\t\t\t<\/div>\n\t\t\t\t\t\t<div class=\"evgovt-content\">\n\t\t\t\t\t\t\t\t\t\t\t\t\t\t<div class=\"post-meta-date\">\n\t\t\t\t\t\t\t\t<span class=\"post-meta-content-date\">\n\t\t\t\t\t\t\t\t    <span class=\" post-date\">\n\t\t\t\t\t\t\t\t        <span class=\"right second_font\">7 novembre 2025<\/span>\n\t\t\t\t\t\t\t\t    <\/span>\n\t\t\t\t\t\t\t\t<\/span>\n\t\t\t\t\t\t\t<\/div>\n\t\t\t\t\t\t\t\n\t\t\t\t\t\t\t\t\t\t\t\t\t\t<div class=\"post-meta-grid\">\n\t\t\t\t\t\t\t\t<span class=\"post-meta-content-grid\">\n\t\t\t\t\t\t\t\t    \t\t\t\t\t\t\t\t    \t<span class=\"wp-categories\">\n\t\t\t\t\t\t\t\t    \t\t\t\t\t\t\t\t\t\t    \t\t\t<span class=\"slash ova-meta-general\">\n\t\t\t\t\t\t\t\t    \t\t\t\tDans\t\t\t\t\t\t\t\t    \t\t\t<\/span>\n\t\t\t\t\t\t\t\t    \t\t\t\t\t\t\t\t\t\t\t\t    <span class=\" categories\">\n\t\t\t\t\t\t\t\t\t\t        <span class=\"right\"><a href=\"https:\/\/intra-dev-2.excellis.org\/?cat=96\" rel=\"category\">Parutions<\/a><\/span><!-- end right -->             \n\t\t\t\t\t\t\t\t\t\t    <\/span><!-- end categories -->\n\t\t\t\t\t\t\t\t    \t<\/span><!-- end wp-category -->\n\t\t\t\t\t\t\t\t\t\n\t\t\t\t\t\t\t\t    <span class=\" comment\">\n\t\t\t\t\t\t\t\t        <span class=\"right\">\n\t\t\t\t\t\t\t\t        \t<i data-feather=\"message-square\"><\/i>\n\t\t\t\t\t\t\t\t            <a href=\"https:\/\/intra-dev-2.excellis.org\/?p=6824#respond\"> 0<\/a>\t\t\t\t\t\t\t\t        <\/span>                \n\t\t\t\t\t\t\t\t    <\/span>\n\n\t\t\t\t\t\t\t\t<\/span>\n\t\t\t\t\t\t\t<\/div>\n\t\t\t\t\t\t\t\t\t\t\t\t\t\t\t\t\t\t\t\t\t<div class=\"post-title\">\n\t\t\t\t\t\t\t\t<a href=\"https:\/\/intra-dev-2.excellis.org\/?p=6824\" rel=\"bookmark\" title=\"Revue G\u00e9olinguistique sur Pers\u00e9e : Une Mise en Ligne Historique au Service de la Recherche\">\n\t\t\t\t\t\t\t\t\t<h2 class=\"post-title\">Revue G\u00e9olinguistique sur Pers\u00e9e : Une Mise en Ligne Historique au Service de la Recherche<\/h2>\n\t\t\t\t\t\t\t    <\/a>\n\t\t\t\t\t\t\t<\/div>\n\t\t\t\t\t\t\t\t\t\t\t\t\t\t\t\t\t\t\t\t\t\t\t\t\t\t\t\t<div class=\"post-footer\">\n\t\t\t\t\t\t\t\t<div class=\"egovt-post-readmore\">\n\t\t\t\t\t\t\t\t    <a class=\"btn-readmore second_font\" href=\"https:\/\/intra-dev-2.excellis.org\/?p=6824\">\n\t\t\t\t\t\t\t\t    \tEn savoir plus\t\t\t\t\t\t\t\t    \t<i data-feather=\"arrow-right\"><\/i>\n\t\t\t\t\t\t\t\t    <\/a>\n\t\t\t\t\t\t\t\t<\/div>\n\t\t\t\t\t\t\t<\/div>\n\t\t\t\t\t\t\t\t\t\t\t\t\t<\/div>\n\t\t\t\t\t<\/div>\n\t\t\t\t<\/article>\n\t\t\t\t\t\t<\/div>\n\t\t<\/div>\n\t\t\t\t\t\t<\/div>\n\t\t\t\t<\/div>\n\t\t\t\t<\/div>\n\t\t\t\t<\/div>\n\t\t\t\t<\/div>\n\t\t\t\t\t<\/div>\n\t\t\t\t<\/div>\n\t\t\t\t<\/div>\n\t\t","protected":false},"excerpt":{"rendered":"<p>Publications Derni\u00e8res publications Parutions du GIPSA-lab Toutes les Actualit\u00e9s 21 d\u00e9cembre 2025 Dans Parutions 0 G\u00e9olinguistique n\u00b025 En savoir plus 14 mars 2025 Dans Parutions 0 G\u00e9olinguistique n\u00b024 En savoir plus 7 novembre 2025 Dans Parutions 0 Revue G\u00e9olinguistique sur Pers\u00e9e : Une Mise en Ligne Historique au Service de la Recherche En savoir plus<\/p>\n","protected":false},"author":2,"featured_media":0,"parent":6397,"menu_order":3,"comment_status":"closed","ping_status":"closed","template":"","meta":{"rs_blank_template":"","rs_page_bg_color":"","slide_template_v7":"","footnotes":""},"class_list":["post-7881","page","type-page","status-publish","hentry"],"lang":"fr","translations":{"fr":7881},"pll_sync_post":[],"_links":{"self":[{"href":"https:\/\/intra-dev-2.excellis.org\/index.php?rest_route=\/wp\/v2\/pages\/7881","targetHints":{"allow":["GET"]}}],"collection":[{"href":"https:\/\/intra-dev-2.excellis.org\/index.php?rest_route=\/wp\/v2\/pages"}],"about":[{"href":"https:\/\/intra-dev-2.excellis.org\/index.php?rest_route=\/wp\/v2\/types\/page"}],"author":[{"embeddable":true,"href":"https:\/\/intra-dev-2.excellis.org\/index.php?rest_route=\/wp\/v2\/users\/2"}],"replies":[{"embeddable":true,"href":"https:\/\/intra-dev-2.excellis.org\/index.php?rest_route=%2Fwp%2Fv2%2Fcomments&post=7881"}],"version-history":[{"count":29,"href":"https:\/\/intra-dev-2.excellis.org\/index.php?rest_route=\/wp\/v2\/pages\/7881\/revisions"}],"predecessor-version":[{"id":11289,"href":"https:\/\/intra-dev-2.excellis.org\/index.php?rest_route=\/wp\/v2\/pages\/7881\/revisions\/11289"}],"up":[{"embeddable":true,"href":"https:\/\/intra-dev-2.excellis.org\/index.php?rest_route=\/wp\/v2\/pages\/6397"}],"wp:attachment":[{"href":"https:\/\/intra-dev-2.excellis.org\/index.php?rest_route=%2Fwp%2Fv2%2Fmedia&parent=7881"}],"curies":[{"name":"wp","href":"https:\/\/api.w.org\/{rel}","templated":true}]}}