{"id":8405,"date":"2025-12-10T10:57:18","date_gmt":"2025-12-10T09:57:18","guid":{"rendered":"https:\/\/intra-dev-2.excellis.org\/?page_id=8405"},"modified":"2026-03-31T15:23:54","modified_gmt":"2026-03-31T13:23:54","slug":"service-ressources-humaines","status":"publish","type":"page","link":"https:\/\/intra-dev-2.excellis.org\/?page_id=8405","title":{"rendered":"Service Ressources Humaines"},"content":{"rendered":"\t\t<div data-elementor-type=\"wp-page\" data-elementor-id=\"8405\" class=\"elementor elementor-8405\" data-elementor-post-type=\"page\">\n\t\t\t\t<div class=\"elementor-element elementor-element-cbd54e9 e-flex e-con-boxed e-con e-parent\" data-id=\"cbd54e9\" data-element_type=\"container\" data-e-type=\"container\" data-settings=\"{&quot;background_background&quot;:&quot;classic&quot;}\">\n\t\t\t\t\t<div class=\"e-con-inner\">\n\t\t<div class=\"elementor-element elementor-element-a26ec7f e-con-full e-flex e-con e-child\" data-id=\"a26ec7f\" data-element_type=\"container\" data-e-type=\"container\" data-settings=\"{&quot;background_background&quot;:&quot;classic&quot;}\">\n\t\t<div class=\"elementor-element elementor-element-6461d6a e-con-full e-flex e-con e-child\" data-id=\"6461d6a\" data-element_type=\"container\" data-e-type=\"container\">\n\t\t<div class=\"elementor-element elementor-element-5b078ae e-con-full e-flex e-con e-child\" data-id=\"5b078ae\" data-element_type=\"container\" data-e-type=\"container\">\n\t\t\t\t<div class=\"elementor-element elementor-element-f8b2403 elementor-widget elementor-widget-heading\" data-id=\"f8b2403\" data-element_type=\"widget\" data-e-type=\"widget\" data-widget_type=\"heading.default\">\n\t\t\t\t\t<h2 class=\"elementor-heading-title elementor-size-default\">Responsable du Service<\/h2>\t\t\t\t<\/div>\n\t\t\t\t<div class=\"elementor-element elementor-element-fa1f3eb elementor-widget elementor-widget-image\" data-id=\"fa1f3eb\" data-element_type=\"widget\" data-e-type=\"widget\" data-widget_type=\"image.default\">\n\t\t\t\t\t\t\t\t\t\t\t\t\t\t\t<img fetchpriority=\"high\" decoding=\"async\" width=\"420\" height=\"420\" src=\"https:\/\/intra-dev-2.excellis.org\/wp-content\/uploads\/2026\/03\/Template-photo-de-membre-du-GIPSA.png\" class=\"attachment-large size-large wp-image-14954\" alt=\"\" srcset=\"https:\/\/intra-dev-2.excellis.org\/wp-content\/uploads\/2026\/03\/Template-photo-de-membre-du-GIPSA.png 420w, https:\/\/intra-dev-2.excellis.org\/wp-content\/uploads\/2026\/03\/Template-photo-de-membre-du-GIPSA-300x300.png 300w, https:\/\/intra-dev-2.excellis.org\/wp-content\/uploads\/2026\/03\/Template-photo-de-membre-du-GIPSA-150x150.png 150w\" sizes=\"(max-width: 420px) 100vw, 420px\" \/>\t\t\t\t\t\t\t\t\t\t\t\t\t\t\t<\/div>\n\t\t\t\t<div class=\"elementor-element elementor-element-5fc6c2b elementor-widget elementor-widget-heading\" data-id=\"5fc6c2b\" data-element_type=\"widget\" data-e-type=\"widget\" data-widget_type=\"heading.default\">\n\t\t\t\t\t<h3 class=\"elementor-heading-title elementor-size-default\"><a href=\"https:\/\/intra-dev-2.excellis.org\/?team=lucia-bouffard-tocat\">Lucia BOUFFARD-TOCAT<\/a><\/h3>\t\t\t\t<\/div>\n\t\t\t\t<\/div>\n\t\t\t\t<div class=\"elementor-element elementor-element-0a2d6ae elementor-widget-divider--view-line elementor-widget elementor-widget-divider\" data-id=\"0a2d6ae\" data-element_type=\"widget\" data-e-type=\"widget\" data-widget_type=\"divider.default\">\n\t\t\t\t\t\t\t<div class=\"elementor-divider\">\n\t\t\t<span class=\"elementor-divider-separator\">\n\t\t\t\t\t\t<\/span>\n\t\t<\/div>\n\t\t\t\t\t\t<\/div>\n\t\t\t\t<div class=\"elementor-element elementor-element-8cf678b elementor-widget elementor-widget-heading\" data-id=\"8cf678b\" data-element_type=\"widget\" data-e-type=\"widget\" data-widget_type=\"heading.default\">\n\t\t\t\t\t<h2 class=\"elementor-heading-title elementor-size-default\">Membres de l'\u00c9quipe<\/h2>\t\t\t\t<\/div>\n\t\t\t\t<div class=\"elementor-element elementor-element-18f84b7 elementor-icon-list--layout-traditional elementor-list-item-link-full_width elementor-widget elementor-widget-icon-list\" data-id=\"18f84b7\" data-element_type=\"widget\" data-e-type=\"widget\" data-widget_type=\"icon-list.default\">\n\t\t\t\t\t\t\t<ul class=\"elementor-icon-list-items\">\n\t\t\t\t\t\t\t<li class=\"elementor-icon-list-item\">\n\t\t\t\t\t\t\t\t\t\t\t<a href=\"https:\/\/intra-dev-2.excellis.org\/?team=lucia-bouffard-tocat\">\n\n\t\t\t\t\t\t\t\t\t\t\t<span class=\"elementor-icon-list-text\">BOUFFARD-TOCAT Lucia<\/span>\n\t\t\t\t\t\t\t\t\t\t\t<\/a>\n\t\t\t\t\t\t\t\t\t<\/li>\n\t\t\t\t\t\t\t\t<li class=\"elementor-icon-list-item\">\n\t\t\t\t\t\t\t\t\t\t\t<a href=\"#\">\n\n\t\t\t\t\t\t\t\t\t\t\t<span class=\"elementor-icon-list-text\">CHENEVAS Delphine<\/span>\n\t\t\t\t\t\t\t\t\t\t\t<\/a>\n\t\t\t\t\t\t\t\t\t<\/li>\n\t\t\t\t\t\t\t\t<li class=\"elementor-icon-list-item\">\n\t\t\t\t\t\t\t\t\t\t\t<a href=\"#\">\n\n\t\t\t\t\t\t\t\t\t\t\t<span class=\"elementor-icon-list-text\">JALLIFFIER-TALMAT Virginie<\/span>\n\t\t\t\t\t\t\t\t\t\t\t<\/a>\n\t\t\t\t\t\t\t\t\t<\/li>\n\t\t\t\t\t\t\t\t<li class=\"elementor-icon-list-item\">\n\t\t\t\t\t\t\t\t\t\t\t<a href=\"#\">\n\n\t\t\t\t\t\t\t\t\t\t\t<span class=\"elementor-icon-list-text\">ROMERO Christine<\/span>\n\t\t\t\t\t\t\t\t\t\t\t<\/a>\n\t\t\t\t\t\t\t\t\t<\/li>\n\t\t\t\t\t\t\t\t<li class=\"elementor-icon-list-item\">\n\t\t\t\t\t\t\t\t\t\t\t<a href=\"#\">\n\n\t\t\t\t\t\t\t\t\t\t\t<span class=\"elementor-icon-list-text\">ROUX C\u00e9line<\/span>\n\t\t\t\t\t\t\t\t\t\t\t<\/a>\n\t\t\t\t\t\t\t\t\t<\/li>\n\t\t\t\t\t\t<\/ul>\n\t\t\t\t\t\t<\/div>\n\t\t<div class=\"elementor-element elementor-element-f170f57 e-con-full e-flex e-con e-child\" data-id=\"f170f57\" data-element_type=\"container\" data-e-type=\"container\" data-settings=\"{&quot;background_background&quot;:&quot;classic&quot;}\">\n\t\t\t\t<div class=\"elementor-element elementor-element-311c34b elementor-widget elementor-widget-heading\" data-id=\"311c34b\" data-element_type=\"widget\" data-e-type=\"widget\" data-widget_type=\"heading.default\">\n\t\t\t\t\t<h2 class=\"elementor-heading-title elementor-size-default\">Contact(s)<\/h2>\t\t\t\t<\/div>\n\t\t\t\t<div class=\"elementor-element elementor-element-915c657 elementor-widget elementor-widget-ova_contact_slide\" data-id=\"915c657\" data-element_type=\"widget\" data-e-type=\"widget\" data-settings=\"{&quot;dot_control&quot;:&quot;yes&quot;}\" data-widget_type=\"ova_contact_slide.default\">\n\t\t\t\t<div class=\"elementor-widget-container\">\n\t\t\t\t\t\t\t<div class=\"ova_contact_slide \">\n\t\t\t\n\t\t\t<div class=\"slide-contact owl-carousel owl-theme \" data-options=\"{&quot;items&quot;:1,&quot;slideBy&quot;:1,&quot;margin&quot;:0,&quot;autoplayHoverPause&quot;:false,&quot;loop&quot;:false,&quot;autoplay&quot;:false,&quot;autoplayTimeout&quot;:3000,&quot;smartSpeed&quot;:500,&quot;dots&quot;:true}\">\n\t\t\t\t\n\t\t\t\t\n\t\t\t\t\t\t\t\t\t\t\t<div class=\"item\">\n\t\t\t\t\t\t\t<h3>\n\t\t\t\t\t\t\t\t<a href=\"mailto:rh@gipsa-lab.grenoble-inp.fr\">\n\t\t\t\t\t\t\t\t\tService RH\t\t\t\t\t\t\t\t<\/a>\n\t\t\t\t\t\t\t<\/h3>\n\t\t\t\t\t\t\t<div class=\"address\">\n\t\t\t\t\t\t\t\t<p>\n\t\t\t\t\t\t\t\t\t\t\t\t\t\t\t\t\t<\/p>\n\t\t\t\t\t\t\t<\/div>\n\t\t\t\t\t\t\t\n\t\t\t\t\t\t\t<div class=\"mail\">\n\t\t\t\t\t\t\t\t\n\t\t\t\t\t\t\t\t<a href=\"mailto:\" class=\"email\">\n\t\t\t\t\t\t\t\t\t<i class=\"far fa-envelope\"><\/i>\n\t\t\t\t\t\t\t\t\trh@gipsa-lab.grenoble-inp.fr\t\t\t\t\t\t\t\t<\/a>\n\t\t\t\t\t\t\t<\/div>\n\n\t\t\t\t\t\t\t<div class=\"phone\">\n\n\t\t\t\t\t\t\t\t<a href=\"tel:\">\n\t\t\t\t\t\t\t\t\t<i class=\"fas fa-phone-alt\"><\/i>\n\t\t\t\t\t\t\t\t\t+33 (0)4 76 82 71 31\t\t\t\t\t\t\t\t<\/a>\n\t\t\t\t\t\t\t<\/div>\n\n\t\t\t\t\t\t\t<div class=\"read_more\">\n\t\t\t\t\t\t\t\t<a class=\"second_font\" href=\"mailto:rh@gipsa-lab.grenoble-inp.fr\">\n\t\t\t\t\t\t\t\t\tContacter par mail\t\t\t\t\t\t\t\t<\/a>\n\t\t\t\t\t\t\t<\/div>\n\n\t\t\t\t\t\t<\/div>\n\t\t\t\t\t\n\t\t\t\t\t\t\t<\/div>\n\t\t<\/div>\n\t\t\t\t\t\t<\/div>\n\t\t\t\t<\/div>\n\t\t\t\t<\/div>\n\t\t\t\t<\/div>\n\t\t<div class=\"elementor-element elementor-element-b572c7c e-con-full e-flex e-con e-child\" data-id=\"b572c7c\" data-element_type=\"container\" data-e-type=\"container\">\n\t\t<div class=\"elementor-element elementor-element-8ece245 e-con-full e-flex e-con e-child\" data-id=\"8ece245\" data-element_type=\"container\" data-e-type=\"container\">\n\t\t<div class=\"elementor-element elementor-element-f711917 e-con-full e-flex e-con e-child\" data-id=\"f711917\" data-element_type=\"container\" data-e-type=\"container\">\n\t\t\t\t<div class=\"elementor-element elementor-element-49674c9 elementor-drop-cap-yes elementor-drop-cap-view-default elementor-widget elementor-widget-text-editor\" data-id=\"49674c9\" data-element_type=\"widget\" data-e-type=\"widget\" data-settings=\"{&quot;drop_cap&quot;:&quot;yes&quot;}\" data-widget_type=\"text-editor.default\">\n\t\t\t\t\t\t\t\t\t<div class=\"cell padding-vertical-1\"><p>Le <strong>Service Ressources Humaines <\/strong>du <strong><a title=\"P\u00f4le Administratif et Financier\" href=\"https:\/\/intra-dev-2.excellis.org\/?page_id=7230\" data-entity-type=\"node\" data-entity-uuid=\"ffdf71f7-90ec-4eb8-9a7c-b588faadcb6c\" data-entity-substitution=\"canonical\">P\u00f4le Administratif et Financier<\/a><\/strong> assure l&rsquo;accueil et le suivi de tous les personnels rattach\u00e9s au laboratoire GIPSA-lab \u00a0du GIPSA-lab.<\/p><p>\u00a0<\/p><\/div>\t\t\t\t\t\t\t\t<\/div>\n\t\t\t\t<div class=\"elementor-element elementor-element-2ba86e4 elementor-widget elementor-widget-ova_heading\" data-id=\"2ba86e4\" data-element_type=\"widget\" data-e-type=\"widget\" data-widget_type=\"ova_heading.default\">\n\t\t\t\t<div class=\"elementor-widget-container\">\n\t\t\t\t\t\t\t<div class=\"ova-heading\">\n\t\t\t\n\t\t\t\t\t\t\t<h3 class=\"title second_font\">Missions Principales<\/h3>\n\t\t\t\n\t\t\t\n\t\t<\/div>\n\t\t\t\t\t\t<\/div>\n\t\t\t\t<\/div>\n\t\t\t\t<div class=\"elementor-element elementor-element-d8dda47 elementor-widget elementor-widget-ova_list_checked\" data-id=\"d8dda47\" data-element_type=\"widget\" data-e-type=\"widget\" data-widget_type=\"ova_list_checked.default\">\n\t\t\t\t<div class=\"elementor-widget-container\">\n\t\t\t\t\t\t\t\n\t\t<div class=\"ova_list_checked\" >\n\t\t\t\t\t\t\t<ul>\n\t\t\t\t\t\t\t\t\t<li class=\"item\">\n\t\t\t\t\t\t<i data-feather=\"check-circle\"><\/i>\n\t\t\t\t\t\t<span>G\u00e9rer le\u00a0suivi des dossiers de carri\u00e8re\u00a0des personnels titulaires et les\u00a0recrutements\u00a0des personnels non-titulaires (CDD, doctorants, stagiaires, visiteurs) en relation avec les diff\u00e9rentes tutelles (CNRS, Grenoble INP, UGA\u2026).<\/span>\n\t\t\t\t\t<\/li>\n\t\t\t\t\t\t\t\t\t<li class=\"item\">\n\t\t\t\t\t\t<i data-feather=\"check-circle\"><\/i>\n\t\t\t\t\t\t<span>Alimenter et d\u2019exploiter les bases de donn\u00e9es relatives \u00e0 la gestion du personnel accueilli au laboratoire et d\u2019informer dans le domaine de la\u00a0formation.<\/span>\n\t\t\t\t\t<\/li>\n\t\t\t\t\t\t\t\t<\/ul>\n\t\t\t\n\t\t<\/div>\n\n\t\t\t\t\t\t<\/div>\n\t\t\t\t<\/div>\n\t\t\t\t<\/div>\n\t\t<div class=\"elementor-element elementor-element-4669f0c e-con-full e-flex e-con e-child\" data-id=\"4669f0c\" data-element_type=\"container\" data-e-type=\"container\">\n\t\t\t\t<div class=\"elementor-element elementor-element-acdc591 elementor-widget elementor-widget-image\" data-id=\"acdc591\" data-element_type=\"widget\" data-e-type=\"widget\" data-widget_type=\"image.default\">\n\t\t\t\t\t\t\t\t\t\t\t\t<figure class=\"wp-caption\">\n\t\t\t\t\t\t\t\t\t\t<img decoding=\"async\" width=\"480\" height=\"472\" src=\"https:\/\/intra-dev-2.excellis.org\/wp-content\/uploads\/2025\/12\/Service-Ressources-Humaines2.png\" class=\"attachment-large size-large wp-image-8413\" alt=\"\" srcset=\"https:\/\/intra-dev-2.excellis.org\/wp-content\/uploads\/2025\/12\/Service-Ressources-Humaines2.png 480w, https:\/\/intra-dev-2.excellis.org\/wp-content\/uploads\/2025\/12\/Service-Ressources-Humaines2-300x295.png 300w\" sizes=\"(max-width: 480px) 100vw, 480px\" \/>\t\t\t\t\t\t\t\t\t\t\t<figcaption class=\"widget-image-caption wp-caption-text\">Cr\u00e9dit photo \u00a9 GIPSA-lab<\/figcaption>\n\t\t\t\t\t\t\t\t\t\t<\/figure>\n\t\t\t\t\t\t\t\t\t<\/div>\n\t\t\t\t<\/div>\n\t\t\t\t<\/div>\n\t\t\t\t<div class=\"elementor-element elementor-element-8bfad3e elementor-widget elementor-widget-ova_feature_box_2\" data-id=\"8bfad3e\" data-element_type=\"widget\" data-e-type=\"widget\" data-widget_type=\"ova_feature_box_2.default\">\n\t\t\t\t<div class=\"elementor-widget-container\">\n\t\t\t\t\t\t\t<a class=\"ova_feature_box_2\" href=\"#\">\n\t\t\t<span class=\"ova-content\">\n\t\t\t\t<span class=\"wrap-icon\">\n\t\t\t\t\t<span class=\"icon\">\n\t\t\t\t\t\t<i class=\"flaticon-parthenon\"><\/i>\n\t\t\t\t\t<\/span>\n\t\t\t\t<\/span>\n\t\t\t\t\n\t\t\t\t<span class=\"number second_font\">\n\t\t\t\t\tLaboratoire ZRR\t\t\t\t<\/span>\n\t\t\t\t<span class=\"title second_font\">\n\t\t\t\t\tLe GIPSA-lab est class\u00e9 Zone \u00e0 R\u00e9gime Restrictif (ZRR) : \u00e0 ce titre les s\u00e9jours au laboratoire sont r\u00e8glement\u00e9s et soumis \u00e0 avis du HFSD (Haut Fonctionnaire de S\u00e9curit\u00e9 D\u00e9fense.\t\t\t\t<\/span>\n\t\t\t<\/span>\n\t\t<\/a>\n\t\t\t\t\t\t<\/div>\n\t\t\t\t<\/div>\n\t\t<div class=\"elementor-element elementor-element-ce2e4e0 e-con-full e-flex e-con e-child\" data-id=\"ce2e4e0\" data-element_type=\"container\" data-e-type=\"container\">\n\t\t\t\t<div class=\"elementor-element elementor-element-034d46a elementor-widget elementor-widget-ova_heading\" data-id=\"034d46a\" data-element_type=\"widget\" data-e-type=\"widget\" data-widget_type=\"ova_heading.default\">\n\t\t\t\t<div class=\"elementor-widget-container\">\n\t\t\t\t\t\t\t<div class=\"ova-heading\">\n\t\t\t\n\t\t\t\t\t\t\t<h4 class=\"title second_font\">Missions Secondaires<\/h4>\n\t\t\t\n\t\t\t\n\t\t<\/div>\n\t\t\t\t\t\t<\/div>\n\t\t\t\t<\/div>\n\t\t\t\t<div class=\"elementor-element elementor-element-ab1a361 elementor-widget elementor-widget-heading\" data-id=\"ab1a361\" data-element_type=\"widget\" data-e-type=\"widget\" data-widget_type=\"heading.default\">\n\t\t\t\t\t<h2 class=\"elementor-heading-title elementor-size-default\">Support aux S\u00e9minaires Scientifiques<\/h2>\t\t\t\t<\/div>\n\t\t\t\t<div class=\"elementor-element elementor-element-e577c73 elementor-widget elementor-widget-text-editor\" data-id=\"e577c73\" data-element_type=\"widget\" data-e-type=\"widget\" data-widget_type=\"text-editor.default\">\n\t\t\t\t\t\t\t\t\t<p>Le service coordonne \u00e9galement les <strong>\u00e9v\u00e8nementiels scientifiques<\/strong> \u00e0 l&rsquo;initiative des membres du laboratoire, et plus particuli\u00e8rement les \u00e9coles th\u00e9matiques ou les colloques.<\/p>\t\t\t\t\t\t\t\t<\/div>\n\t\t\t\t<div class=\"elementor-element elementor-element-9f8ebae elementor-widget elementor-widget-ova_events_slide\" data-id=\"9f8ebae\" data-element_type=\"widget\" data-e-type=\"widget\" data-settings=\"{&quot;pause_on_hover&quot;:&quot;yes&quot;,&quot;infinite&quot;:&quot;yes&quot;,&quot;autoplay&quot;:&quot;yes&quot;,&quot;autoplay_speed&quot;:3000,&quot;dot_control&quot;:&quot;no&quot;,&quot;nav_control&quot;:&quot;yes&quot;}\" data-widget_type=\"ova_events_slide.default\">\n\t\t\t\t<div class=\"elementor-widget-container\">\n\t\t\t\t\t\n<div class=\"ovaev-event-element ovaev-event-slide\">\n\t<div class=\"wp-content ovaev-slide owl-carousel owl-theme\" data-options=\"{&quot;items&quot;:3,&quot;slideBy&quot;:1,&quot;margin&quot;:30,&quot;autoplayHoverPause&quot;:true,&quot;loop&quot;:true,&quot;autoplay&quot;:true,&quot;autoplayTimeout&quot;:3000,&quot;smartSpeed&quot;:500,&quot;dots&quot;:false,&quot;nav&quot;:true}\">\n\t\t\n<div class=\"ovaev-content content-grid\">\n\t<div class=\"item\">\n\t\t\n<div class=\"date-event\">\n\n\t<span class=\"date second_font\">\n\t\t02\t<\/span>\n\n\t<span class=\"month-year second_font\">\n\n\t\t<span class=\"month\">\n\t\t\tSep\t\t<\/span>\n\t\t\n\t\t<span class=\"year\">\n\t\t\t2024\t\t<\/span>\n\n\t<\/span>\n\n<\/div>\n\n\t\t<div class=\"desc\">\n\t\t\t\n<div class=\"event-thumbnail\">\n\t<a href=\"https:\/\/intra-dev-2.excellis.org\/?event=ecole-dete-eeauto-2024\" title=\"Ecole d&rsquo;\u00e9t\u00e9 EEAUTO 2024\">\n\t<img decoding=\"async\" width=\"480\" height=\"320\" src=\"https:\/\/intra-dev-2.excellis.org\/wp-content\/uploads\/2026\/02\/EEAUTO_2023_480x320.png\" class=\"attachment-egovt_portfolio_thumb size-egovt_portfolio_thumb wp-post-image\" alt=\"\" \/>\t<\/a>\n<\/div>\t\t\t<div class=\"event_post\">\n\t\t\t\t\t\t\t\t\n<h2 class=\"second_font event_title\">\n\t<a href=\"https:\/\/intra-dev-2.excellis.org\/?event=ecole-dete-eeauto-2024\">\n\t\tEcole d&rsquo;\u00e9t\u00e9 EEAUTO 2024\t<\/a>\n<\/h2>\t\t\t\t\t\t\t\t\n<div class=\"button_event\">\n\t<a class=\"view_detail second_font\" href=\"https:\/\/intra-dev-2.excellis.org\/?event=ecole-dete-eeauto-2024\">\n\t\tPlus de d\u00e9tails\t<\/a>\n<\/div>\t\t\t<\/div>\n\t\t<\/div>\n\t<\/div>\n<\/div>\n<div class=\"ovaev-content content-grid\">\n\t<div class=\"item\">\n\t\t\n<div class=\"date-event\">\n\n\t<span class=\"date second_font\">\n\t\t28\t<\/span>\n\n\t<span class=\"month-year second_font\">\n\n\t\t<span class=\"month\">\n\t\t\tAo\u00fbt\t\t<\/span>\n\t\t\n\t\t<span class=\"year\">\n\t\t\t2023\t\t<\/span>\n\n\t<\/span>\n\n<\/div>\n\n\t\t<div class=\"desc\">\n\t\t\t\n<div class=\"event-thumbnail\">\n\t<a href=\"https:\/\/intra-dev-2.excellis.org\/?event=ecole-dete-eeauto-2023\" title=\"Ecole d&rsquo;\u00e9t\u00e9 EEAUTO 2023\">\n\t<img decoding=\"async\" width=\"480\" height=\"320\" src=\"https:\/\/intra-dev-2.excellis.org\/wp-content\/uploads\/2026\/02\/EEAUTO_2023_480x320.png\" class=\"attachment-egovt_portfolio_thumb size-egovt_portfolio_thumb wp-post-image\" alt=\"\" \/>\t<\/a>\n<\/div>\t\t\t<div class=\"event_post\">\n\t\t\t\t\t\t\t\t\n<h2 class=\"second_font event_title\">\n\t<a href=\"https:\/\/intra-dev-2.excellis.org\/?event=ecole-dete-eeauto-2023\">\n\t\tEcole d&rsquo;\u00e9t\u00e9 EEAUTO 2023\t<\/a>\n<\/h2>\t\t\t\t\t\t\t\t\n<div class=\"button_event\">\n\t<a class=\"view_detail second_font\" href=\"https:\/\/intra-dev-2.excellis.org\/?event=ecole-dete-eeauto-2023\">\n\t\tPlus de d\u00e9tails\t<\/a>\n<\/div>\t\t\t<\/div>\n\t\t<\/div>\n\t<\/div>\n<\/div>\t<\/div>\n<\/div>\t\t\t\t<\/div>\n\t\t\t\t<\/div>\n\t\t\t\t<div class=\"elementor-element elementor-element-09a8fb3 elementor-widget elementor-widget-spacer\" data-id=\"09a8fb3\" data-element_type=\"widget\" data-e-type=\"widget\" data-widget_type=\"spacer.default\">\n\t\t\t\t\t\t\t<div class=\"elementor-spacer\">\n\t\t\t<div class=\"elementor-spacer-inner\"><\/div>\n\t\t<\/div>\n\t\t\t\t\t\t<\/div>\n\t\t\t\t<\/div>\n\t\t\t\t<\/div>\n\t\t\t\t<\/div>\n\t\t\t\t\t<\/div>\n\t\t\t\t<\/div>\n\t\t<div class=\"elementor-element elementor-element-8ea8c5a e-flex e-con-boxed e-con e-parent\" data-id=\"8ea8c5a\" data-element_type=\"container\" data-e-type=\"container\">\n\t\t\t\t\t<div class=\"e-con-inner\">\n\t\t\t\t\t<\/div>\n\t\t\t\t<\/div>\n\t\t\t\t<\/div>\n\t\t","protected":false},"excerpt":{"rendered":"<p>Responsable du Service Lucia BOUFFARD-TOCAT Membres de l&rsquo;\u00c9quipe BOUFFARD-TOCAT Lucia CHENEVAS Delphine JALLIFFIER-TALMAT Virginie ROMERO Christine ROUX C\u00e9line Contact(s) Service RH rh@gipsa-lab.grenoble-inp.fr +33 (0)4 76 82 71 31 Contacter par mail Le Service Ressources Humaines du P\u00f4le Administratif et Financier assure l&rsquo;accueil et le suivi de tous les personnels rattach\u00e9s au laboratoire GIPSA-lab \u00a0du GIPSA-lab. [&hellip;]<\/p>\n","protected":false},"author":2,"featured_media":0,"parent":7230,"menu_order":2,"comment_status":"closed","ping_status":"closed","template":"","meta":{"rs_blank_template":"","rs_page_bg_color":"","slide_template_v7":"","footnotes":""},"class_list":["post-8405","page","type-page","status-publish","hentry"],"lang":"fr","translations":{"fr":8405},"pll_sync_post":[],"_links":{"self":[{"href":"https:\/\/intra-dev-2.excellis.org\/index.php?rest_route=\/wp\/v2\/pages\/8405","targetHints":{"allow":["GET"]}}],"collection":[{"href":"https:\/\/intra-dev-2.excellis.org\/index.php?rest_route=\/wp\/v2\/pages"}],"about":[{"href":"https:\/\/intra-dev-2.excellis.org\/index.php?rest_route=\/wp\/v2\/types\/page"}],"author":[{"embeddable":true,"href":"https:\/\/intra-dev-2.excellis.org\/index.php?rest_route=\/wp\/v2\/users\/2"}],"replies":[{"embeddable":true,"href":"https:\/\/intra-dev-2.excellis.org\/index.php?rest_route=%2Fwp%2Fv2%2Fcomments&post=8405"}],"version-history":[{"count":143,"href":"https:\/\/intra-dev-2.excellis.org\/index.php?rest_route=\/wp\/v2\/pages\/8405\/revisions"}],"predecessor-version":[{"id":14957,"href":"https:\/\/intra-dev-2.excellis.org\/index.php?rest_route=\/wp\/v2\/pages\/8405\/revisions\/14957"}],"up":[{"embeddable":true,"href":"https:\/\/intra-dev-2.excellis.org\/index.php?rest_route=\/wp\/v2\/pages\/7230"}],"wp:attachment":[{"href":"https:\/\/intra-dev-2.excellis.org\/index.php?rest_route=%2Fwp%2Fv2%2Fmedia&parent=8405"}],"curies":[{"name":"wp","href":"https:\/\/api.w.org\/{rel}","templated":true}]}}