{"id":8987,"date":"2025-12-13T18:41:01","date_gmt":"2025-12-13T17:41:01","guid":{"rendered":"https:\/\/intra-dev-2.excellis.org\/?page_id=8987"},"modified":"2026-01-29T10:23:38","modified_gmt":"2026-01-29T09:23:38","slug":"enseignement","status":"publish","type":"page","link":"https:\/\/intra-dev-2.excellis.org\/?page_id=8987","title":{"rendered":"Enseignement"},"content":{"rendered":"\t\t<div data-elementor-type=\"wp-page\" data-elementor-id=\"8987\" class=\"elementor elementor-8987\" data-elementor-post-type=\"page\">\n\t\t\t\t<div class=\"elementor-element elementor-element-cbd54e9 e-flex e-con-boxed e-con e-parent\" data-id=\"cbd54e9\" data-element_type=\"container\" data-e-type=\"container\" data-settings=\"{&quot;background_background&quot;:&quot;classic&quot;}\">\n\t\t\t\t\t<div class=\"e-con-inner\">\n\t\t<div class=\"elementor-element elementor-element-a26ec7f e-con-full e-flex e-con e-child\" data-id=\"a26ec7f\" data-element_type=\"container\" data-e-type=\"container\" data-settings=\"{&quot;background_background&quot;:&quot;classic&quot;}\">\n\t\t<div class=\"elementor-element elementor-element-6461d6a e-con-full e-flex e-con e-child\" data-id=\"6461d6a\" data-element_type=\"container\" data-e-type=\"container\">\n\t\t\t\t<div class=\"elementor-element elementor-element-c3b9340 elementor-widget elementor-widget-ova_list_link\" data-id=\"c3b9340\" data-element_type=\"widget\" data-e-type=\"widget\" data-widget_type=\"ova_list_link.default\">\n\t\t\t\t<div class=\"elementor-widget-container\">\n\t\t\t\t\t\t\t<div class=\"ova_list_link box-shadow\">\n\t\t\t\t\t\t<h3 class=\"title\">\n\t\t\t\tLes Plateformes\t\t\t<\/h3>\n\t\t\t\t\t\t\t\t\t<ul class=\"content\">\n\t\t\t\t\t\t\t\t\t<li class=\"item\">\n\t\t\t\t\t\t<a href=\"https:\/\/intra-dev-2.excellis.org\/?page_id=8961\">\n\t\t\t\t\t\t\tAutomatique Avanc\u00e9e\t\t\t\t\t\t\t\t\t\t\t\t\t\t<span class=\"icon\">\n\t\t\t\t\t\t\t\t<i data-feather=\"chevron-right\"><\/i>\n\t\t\t\t\t\t\t<\/span>\n\t\t\t\t\t\t    \t\t\t\t\t\t    \t\t\t\t\t\t\t<span class=\"icon-hover\">\n\t\t\t\t\t\t\t\t<i data-feather=\"arrow-right\"><\/i>\n\t\t\t\t\t\t\t<\/span>\n\t\t\t\t\t\t\t \t\t\t\t\t\t<\/a>\n\n\t\t\t\t\t<\/li>\n\t\t\t\t\t\t\t\t\t<li class=\"item\">\n\t\t\t\t\t\t<a href=\"https:\/\/intra-dev-2.excellis.org\/?page_id=8987\">\n\t\t\t\t\t\t\tEnseignement\t\t\t\t\t\t\t\t\t\t\t\t\t\t<span class=\"icon\">\n\t\t\t\t\t\t\t\t<i data-feather=\"chevron-right\"><\/i>\n\t\t\t\t\t\t\t<\/span>\n\t\t\t\t\t\t    \t\t\t\t\t\t    \t\t\t\t\t\t\t<span class=\"icon-hover\">\n\t\t\t\t\t\t\t\t<i data-feather=\"arrow-right\"><\/i>\n\t\t\t\t\t\t\t<\/span>\n\t\t\t\t\t\t\t \t\t\t\t\t\t<\/a>\n\n\t\t\t\t\t<\/li>\n\t\t\t\t\t\t\t\t\t<li class=\"item\">\n\t\t\t\t\t\t<a href=\"https:\/\/intra-dev-2.excellis.org\/?page_id=8995\">\n\t\t\t\t\t\t\tHuman Data\t\t\t\t\t\t\t\t\t\t\t\t\t\t<span class=\"icon\">\n\t\t\t\t\t\t\t\t<i data-feather=\"chevron-right\"><\/i>\n\t\t\t\t\t\t\t<\/span>\n\t\t\t\t\t\t    \t\t\t\t\t\t    \t\t\t\t\t\t\t<span class=\"icon-hover\">\n\t\t\t\t\t\t\t\t<i data-feather=\"arrow-right\"><\/i>\n\t\t\t\t\t\t\t<\/span>\n\t\t\t\t\t\t\t \t\t\t\t\t\t<\/a>\n\n\t\t\t\t\t<\/li>\n\t\t\t\t\t\t\t\t\t<li class=\"item\">\n\t\t\t\t\t\t<a href=\"https:\/\/intra-dev-2.excellis.org\/?page_id=8576\">\n\t\t\t\t\t\t\tMesures Avanc\u00e9es\t\t\t\t\t\t\t\t\t\t\t\t\t\t<span class=\"icon\">\n\t\t\t\t\t\t\t\t<i data-feather=\"chevron-right\"><\/i>\n\t\t\t\t\t\t\t<\/span>\n\t\t\t\t\t\t    \t\t\t\t\t\t    \t\t\t\t\t\t\t<span class=\"icon-hover\">\n\t\t\t\t\t\t\t\t<i data-feather=\"arrow-right\"><\/i>\n\t\t\t\t\t\t\t<\/span>\n\t\t\t\t\t\t\t \t\t\t\t\t\t<\/a>\n\n\t\t\t\t\t<\/li>\n\t\t\t\t\t\t\t\t\t<li class=\"item\">\n\t\t\t\t\t\t<a href=\"https:\/\/intra-dev-2.excellis.org\/?page_id=9001\">\n\t\t\t\t\t\t\tRobotique\t\t\t\t\t\t\t\t\t\t\t\t\t\t<span class=\"icon\">\n\t\t\t\t\t\t\t\t<i data-feather=\"chevron-right\"><\/i>\n\t\t\t\t\t\t\t<\/span>\n\t\t\t\t\t\t    \t\t\t\t\t\t    \t\t\t\t\t\t\t<span class=\"icon-hover\">\n\t\t\t\t\t\t\t\t<i data-feather=\"arrow-right\"><\/i>\n\t\t\t\t\t\t\t<\/span>\n\t\t\t\t\t\t\t \t\t\t\t\t\t<\/a>\n\n\t\t\t\t\t<\/li>\n\t\t\t\t\t\t\t<\/ul>\n\t\t\t\t\t<\/div>\n\t\t\t\t\t\t<\/div>\n\t\t\t\t<\/div>\n\t\t\t\t<div class=\"elementor-element elementor-element-2c51c32 elementor-widget elementor-widget-ova_list_link\" data-id=\"2c51c32\" data-element_type=\"widget\" data-e-type=\"widget\" data-widget_type=\"ova_list_link.default\">\n\t\t\t\t<div class=\"elementor-widget-container\">\n\t\t\t\t\t\t\t<div class=\"ova_list_link box-shadow\">\n\t\t\t\t\t\t<h3 class=\"title\">\n\t\t\t\tLes Plateaux Techniques\t\t\t<\/h3>\n\t\t\t\t\t\t\t\t\t<ul class=\"content\">\n\t\t\t\t\t\t\t\t\t<li class=\"item\">\n\t\t\t\t\t\t<a href=\"https:\/\/intra-dev-2.excellis.org\/?p=9053\">\n\t\t\t\t\t\t\tAIDA \t\t\t\t\t\t\t\t\t\t\t\t\t\t<span class=\"icon\">\n\t\t\t\t\t\t\t\t<i data-feather=\"chevron-right\"><\/i>\n\t\t\t\t\t\t\t<\/span>\n\t\t\t\t\t\t    \t\t\t\t\t\t    \t\t\t\t\t\t\t<span class=\"icon-hover\">\n\t\t\t\t\t\t\t\t<i data-feather=\"arrow-right\"><\/i>\n\t\t\t\t\t\t\t<\/span>\n\t\t\t\t\t\t\t \t\t\t\t\t\t<\/a>\n\n\t\t\t\t\t<\/li>\n\t\t\t\t\t\t\t\t\t<li class=\"item\">\n\t\t\t\t\t\t<a href=\"https:\/\/intra-dev-2.excellis.org\/?p=10425\">\n\t\t\t\t\t\t\tG\u00e9olinguistique &amp; Ethnolinguistique\t\t\t\t\t\t\t\t\t\t\t\t\t\t<span class=\"icon\">\n\t\t\t\t\t\t\t\t<i data-feather=\"chevron-right\"><\/i>\n\t\t\t\t\t\t\t<\/span>\n\t\t\t\t\t\t    \t\t\t\t\t\t    \t\t\t\t\t\t\t<span class=\"icon-hover\">\n\t\t\t\t\t\t\t\t<i data-feather=\"arrow-right\"><\/i>\n\t\t\t\t\t\t\t<\/span>\n\t\t\t\t\t\t\t \t\t\t\t\t\t<\/a>\n\n\t\t\t\t\t<\/li>\n\t\t\t\t\t\t\t\t\t<li class=\"item\">\n\t\t\t\t\t\t<a href=\"https:\/\/intra-dev-2.excellis.org\/?p=9701\">\n\t\t\t\t\t\t\tGICS\t\t\t\t\t\t\t\t\t\t\t\t\t\t<span class=\"icon\">\n\t\t\t\t\t\t\t\t<i data-feather=\"chevron-right\"><\/i>\n\t\t\t\t\t\t\t<\/span>\n\t\t\t\t\t\t    \t\t\t\t\t\t    \t\t\t\t\t\t\t<span class=\"icon-hover\">\n\t\t\t\t\t\t\t\t<i data-feather=\"arrow-right\"><\/i>\n\t\t\t\t\t\t\t<\/span>\n\t\t\t\t\t\t\t \t\t\t\t\t\t<\/a>\n\n\t\t\t\t\t<\/li>\n\t\t\t\t\t\t\t\t\t<li class=\"item\">\n\t\t\t\t\t\t<a href=\"https:\/\/intra-dev-2.excellis.org\/?p=8593\">\n\t\t\t\t\t\t\tISEE\t\t\t\t\t\t\t\t\t\t\t\t\t\t<span class=\"icon\">\n\t\t\t\t\t\t\t\t<i data-feather=\"chevron-right\"><\/i>\n\t\t\t\t\t\t\t<\/span>\n\t\t\t\t\t\t    \t\t\t\t\t\t    \t\t\t\t\t\t\t<span class=\"icon-hover\">\n\t\t\t\t\t\t\t\t<i data-feather=\"arrow-right\"><\/i>\n\t\t\t\t\t\t\t<\/span>\n\t\t\t\t\t\t\t \t\t\t\t\t\t<\/a>\n\n\t\t\t\t\t<\/li>\n\t\t\t\t\t\t\t\t\t<li class=\"item\">\n\t\t\t\t\t\t<a href=\"https:\/\/intra-dev-2.excellis.org\/?p=11470\">\n\t\t\t\t\t\t\tPhon\u00e9tique (Th\u00e9odore Rosset)\t\t\t\t\t\t\t\t\t\t\t\t\t\t<span class=\"icon\">\n\t\t\t\t\t\t\t\t<i data-feather=\"chevron-right\"><\/i>\n\t\t\t\t\t\t\t<\/span>\n\t\t\t\t\t\t    \t\t\t\t\t\t    \t\t\t\t\t\t\t<span class=\"icon-hover\">\n\t\t\t\t\t\t\t\t<i data-feather=\"arrow-right\"><\/i>\n\t\t\t\t\t\t\t<\/span>\n\t\t\t\t\t\t\t \t\t\t\t\t\t<\/a>\n\n\t\t\t\t\t<\/li>\n\t\t\t\t\t\t\t\t\t<li class=\"item\">\n\t\t\t\t\t\t<a href=\"https:\/\/intra-dev-2.excellis.org\/?p=11472\">\n\t\t\t\t\t\t\tRIESCO\t\t\t\t\t\t\t\t\t\t\t\t\t\t<span class=\"icon\">\n\t\t\t\t\t\t\t\t<i data-feather=\"chevron-right\"><\/i>\n\t\t\t\t\t\t\t<\/span>\n\t\t\t\t\t\t    \t\t\t\t\t\t    \t\t\t\t\t\t\t<span class=\"icon-hover\">\n\t\t\t\t\t\t\t\t<i data-feather=\"arrow-right\"><\/i>\n\t\t\t\t\t\t\t<\/span>\n\t\t\t\t\t\t\t \t\t\t\t\t\t<\/a>\n\n\t\t\t\t\t<\/li>\n\t\t\t\t\t\t\t\t\t<li class=\"item\">\n\t\t\t\t\t\t<a href=\"https:\/\/intra-dev-2.excellis.org\/?p=10655\">\n\t\t\t\t\t\t\tROBOTME\t\t\t\t\t\t\t\t\t\t\t\t\t\t<span class=\"icon\">\n\t\t\t\t\t\t\t\t<i data-feather=\"chevron-right\"><\/i>\n\t\t\t\t\t\t\t<\/span>\n\t\t\t\t\t\t    \t\t\t\t\t\t    \t\t\t\t\t\t\t<span class=\"icon-hover\">\n\t\t\t\t\t\t\t\t<i data-feather=\"arrow-right\"><\/i>\n\t\t\t\t\t\t\t<\/span>\n\t\t\t\t\t\t\t \t\t\t\t\t\t<\/a>\n\n\t\t\t\t\t<\/li>\n\t\t\t\t\t\t\t<\/ul>\n\t\t\t\t\t<\/div>\n\t\t\t\t\t\t<\/div>\n\t\t\t\t<\/div>\n\t\t\t\t<\/div>\n\t\t<div class=\"elementor-element elementor-element-b572c7c e-con-full e-flex e-con e-child\" data-id=\"b572c7c\" data-element_type=\"container\" data-e-type=\"container\">\n\t\t<div class=\"elementor-element elementor-element-8ece245 e-con-full e-flex e-con e-child\" data-id=\"8ece245\" data-element_type=\"container\" data-e-type=\"container\">\n\t\t<div class=\"elementor-element elementor-element-f711917 e-con-full e-flex e-con e-child\" data-id=\"f711917\" data-element_type=\"container\" data-e-type=\"container\">\n\t\t\t\t<div class=\"elementor-element elementor-element-a5be974 elementor-widget elementor-widget-ova_heading\" data-id=\"a5be974\" data-element_type=\"widget\" data-e-type=\"widget\" data-widget_type=\"ova_heading.default\">\n\t\t\t\t<div class=\"elementor-widget-container\">\n\t\t\t\t\t\t\t<div class=\"ova-heading\">\n\t\t\t\n\t\t\t\t\t\t\t<h2 class=\"title second_font\">Plateforme Enseignement<\/h2>\n\t\t\t\n\t\t\t\n\t\t<\/div>\n\t\t\t\t\t\t<\/div>\n\t\t\t\t<\/div>\n\t\t\t\t<div class=\"elementor-element elementor-element-9991111 elementor-drop-cap-yes elementor-drop-cap-view-default elementor-widget elementor-widget-text-editor\" data-id=\"9991111\" data-element_type=\"widget\" data-e-type=\"widget\" data-settings=\"{&quot;drop_cap&quot;:&quot;yes&quot;}\" data-widget_type=\"text-editor.default\">\n\t\t\t\t\t\t\t\t\t<div class=\"elementor-element elementor-element-8917fed elementor-widget elementor-widget-text-editor\" data-id=\"8917fed\" data-element_type=\"widget\" data-widget_type=\"text-editor.default\"><p class=\"whitespace-break-spaces\" dir=\"auto\">Ax\u00e9e sur les\u00a0<strong><span class=\"followup-block followup-block-hidden cursor-pointer outline-none static inline group-hover\/message:[--hover-opacity:1]\" tabindex=\"0\" data-question=\"Quels secteurs industriels b\u00e9n\u00e9ficient le plus des avanc\u00e9es de cette plateforme ?\" aria-haspopup=\"dialog\" aria-expanded=\"false\" aria-controls=\"radix-_r_kr_\" data-state=\"closed\">probl\u00e9matiques de contr\u00f4le-commande et de diagnostics de syst\u00e8mes dynamiques<\/span><\/strong>, cette plateforme accompagne les projets n\u00e9cessitant des solutions embarqu\u00e9es, complexes et en r\u00e9seau. Ses plateaux techniques sont \u00e9quip\u00e9s pour r\u00e9pondre aux d\u00e9fis industriels et scientifiques les plus exigeants.<\/p><\/div>\t\t\t\t\t\t\t\t<\/div>\n\t\t\t\t<div class=\"elementor-element elementor-element-fa14c43 elementor-widget elementor-widget-heading\" data-id=\"fa14c43\" data-element_type=\"widget\" data-e-type=\"widget\" data-widget_type=\"heading.default\">\n\t\t\t\t\t<h2 class=\"elementor-heading-title elementor-size-default\">Plateaux Techniques de la Plateforme<\/h2>\t\t\t\t<\/div>\n\t\t\t\t<div class=\"elementor-element elementor-element-647a7e3 elementor-widget elementor-widget-ova_blog\" data-id=\"647a7e3\" data-element_type=\"widget\" data-e-type=\"widget\" data-widget_type=\"ova_blog.default\">\n\t\t\t\t<div class=\"elementor-widget-container\">\n\t\t\t\t\t\n\t\t<div class=\"ova-blog blog-grid grid_sidebar\">\n\t\t\t<div class=\"ova-wrap-grid\">\n\t\t\t\t\t\t\t<article class=\"post-wrap\">\n\t\t\t\t\t<div class=\"wrap-article\">\n\t\t\t\t\t\t<div class=\"post-media\">\n\t\t\t\t\t\t\t\t\t\t\t\t\t\t\t<a href=\"https:\/\/intra-dev-2.excellis.org\/?p=9053\">\n\n\t\t\t\t\t\t\t\t\t<img decoding=\"async\" alt=\"Plateau Technique AIDA\" src=\"https:\/\/intra-dev-2.excellis.org\/wp-content\/uploads\/2026\/01\/Plateau-Technique-GIPSA-560x379.png\" \n\t\t\t\t\t\t\t\t\t\t\t\n\t\t\t\t\t\t\t\t\t\t\tsrcset=\"https:\/\/intra-dev-2.excellis.org\/wp-content\/uploads\/2026\/01\/Plateau-Technique-GIPSA-560x379.png 560w,\n\t\t\t\t\t\t\t\t\t\t\thttps:\/\/intra-dev-2.excellis.org\/wp-content\/uploads\/2026\/01\/Plateau-Technique-GIPSA-300x203.png 300w\" \n\t\t\t\t\t\t\t\t\t\t\tsizes=\"(max-width: 767px) 100vw, 560px\" >\n\t\t\t\t\t\t\t\t<\/a>\n\t\t\t\t\t\t\t\t\t\t\t\t\t<\/div>\n\t\t\t\t\t\t<div class=\"evgovt-content\">\n\t\t\t\t\t\t\t\n\t\t\t\t\t\t\t\t\t\t\t\t\t\t\t\t\t\t\t\t\t<div class=\"post-title\">\n\t\t\t\t\t\t\t\t<a href=\"https:\/\/intra-dev-2.excellis.org\/?p=9053\" rel=\"bookmark\" title=\"Plateau Technique AIDA\">\n\t\t\t\t\t\t\t\t\t<h2 class=\"post-title\">Plateau Technique AIDA<\/h2>\n\t\t\t\t\t\t\t    <\/a>\n\t\t\t\t\t\t\t<\/div>\n\t\t\t\t\t\t\t\t\t\t\t\t\t\t\t\t\t\t\t\t\t\t\t\t\t\t\t<\/div>\n\t\t\t\t\t<\/div>\n\t\t\t\t<\/article>\n\t\t\t\t\t\t\t<article class=\"post-wrap\">\n\t\t\t\t\t<div class=\"wrap-article\">\n\t\t\t\t\t\t<div class=\"post-media\">\n\t\t\t\t\t\t\t\t\t\t\t\t\t\t\t<a href=\"https:\/\/intra-dev-2.excellis.org\/?p=10425\">\n\n\t\t\t\t\t\t\t\t\t<img decoding=\"async\" alt=\"Plateau Technique G\u00e9olinguistique &amp; Ethnolinguistique\" src=\"https:\/\/intra-dev-2.excellis.org\/wp-content\/uploads\/2026\/01\/Plateau-Technique-GIPSA-560x379.png\" \n\t\t\t\t\t\t\t\t\t\t\t\n\t\t\t\t\t\t\t\t\t\t\tsrcset=\"https:\/\/intra-dev-2.excellis.org\/wp-content\/uploads\/2026\/01\/Plateau-Technique-GIPSA-560x379.png 560w,\n\t\t\t\t\t\t\t\t\t\t\thttps:\/\/intra-dev-2.excellis.org\/wp-content\/uploads\/2026\/01\/Plateau-Technique-GIPSA-300x203.png 300w\" \n\t\t\t\t\t\t\t\t\t\t\tsizes=\"(max-width: 767px) 100vw, 560px\" >\n\t\t\t\t\t\t\t\t<\/a>\n\t\t\t\t\t\t\t\t\t\t\t\t\t<\/div>\n\t\t\t\t\t\t<div class=\"evgovt-content\">\n\t\t\t\t\t\t\t\n\t\t\t\t\t\t\t\t\t\t\t\t\t\t\t\t\t\t\t\t\t<div class=\"post-title\">\n\t\t\t\t\t\t\t\t<a href=\"https:\/\/intra-dev-2.excellis.org\/?p=10425\" rel=\"bookmark\" title=\"Plateau Technique G\u00e9olinguistique &amp; Ethnolinguistique\">\n\t\t\t\t\t\t\t\t\t<h2 class=\"post-title\">Plateau Technique G\u00e9olinguistique &amp; Ethnolinguistique<\/h2>\n\t\t\t\t\t\t\t    <\/a>\n\t\t\t\t\t\t\t<\/div>\n\t\t\t\t\t\t\t\t\t\t\t\t\t\t\t\t\t\t\t\t\t\t\t\t\t\t\t<\/div>\n\t\t\t\t\t<\/div>\n\t\t\t\t<\/article>\n\t\t\t\t\t\t\t<article class=\"post-wrap\">\n\t\t\t\t\t<div class=\"wrap-article\">\n\t\t\t\t\t\t<div class=\"post-media\">\n\t\t\t\t\t\t\t\t\t\t\t\t\t\t\t<a href=\"https:\/\/intra-dev-2.excellis.org\/?p=9701\">\n\n\t\t\t\t\t\t\t\t\t<img decoding=\"async\" alt=\"Plateau Technique GICS\" src=\"https:\/\/intra-dev-2.excellis.org\/wp-content\/uploads\/2026\/01\/Plateau-Technique-GIPSA-560x379.png\" \n\t\t\t\t\t\t\t\t\t\t\t\n\t\t\t\t\t\t\t\t\t\t\tsrcset=\"https:\/\/intra-dev-2.excellis.org\/wp-content\/uploads\/2026\/01\/Plateau-Technique-GIPSA-560x379.png 560w,\n\t\t\t\t\t\t\t\t\t\t\thttps:\/\/intra-dev-2.excellis.org\/wp-content\/uploads\/2026\/01\/Plateau-Technique-GIPSA-300x203.png 300w\" \n\t\t\t\t\t\t\t\t\t\t\tsizes=\"(max-width: 767px) 100vw, 560px\" >\n\t\t\t\t\t\t\t\t<\/a>\n\t\t\t\t\t\t\t\t\t\t\t\t\t<\/div>\n\t\t\t\t\t\t<div class=\"evgovt-content\">\n\t\t\t\t\t\t\t\n\t\t\t\t\t\t\t\t\t\t\t\t\t\t\t\t\t\t\t\t\t<div class=\"post-title\">\n\t\t\t\t\t\t\t\t<a href=\"https:\/\/intra-dev-2.excellis.org\/?p=9701\" rel=\"bookmark\" title=\"Plateau Technique GICS\">\n\t\t\t\t\t\t\t\t\t<h2 class=\"post-title\">Plateau Technique GICS<\/h2>\n\t\t\t\t\t\t\t    <\/a>\n\t\t\t\t\t\t\t<\/div>\n\t\t\t\t\t\t\t\t\t\t\t\t\t\t\t\t\t\t\t\t\t\t\t\t\t\t\t<\/div>\n\t\t\t\t\t<\/div>\n\t\t\t\t<\/article>\n\t\t\t\t\t\t\t<article class=\"post-wrap\">\n\t\t\t\t\t<div class=\"wrap-article\">\n\t\t\t\t\t\t<div class=\"post-media\">\n\t\t\t\t\t\t\t\t\t\t\t\t\t\t\t<a href=\"https:\/\/intra-dev-2.excellis.org\/?p=8593\">\n\n\t\t\t\t\t\t\t\t\t<img decoding=\"async\" alt=\"Plateau Technique ISEE\" src=\"https:\/\/intra-dev-2.excellis.org\/wp-content\/uploads\/2026\/01\/Plateau-Technique-GIPSA-560x379.png\" \n\t\t\t\t\t\t\t\t\t\t\t\n\t\t\t\t\t\t\t\t\t\t\tsrcset=\"https:\/\/intra-dev-2.excellis.org\/wp-content\/uploads\/2026\/01\/Plateau-Technique-GIPSA-560x379.png 560w,\n\t\t\t\t\t\t\t\t\t\t\thttps:\/\/intra-dev-2.excellis.org\/wp-content\/uploads\/2026\/01\/Plateau-Technique-GIPSA-300x203.png 300w\" \n\t\t\t\t\t\t\t\t\t\t\tsizes=\"(max-width: 767px) 100vw, 560px\" >\n\t\t\t\t\t\t\t\t<\/a>\n\t\t\t\t\t\t\t\t\t\t\t\t\t<\/div>\n\t\t\t\t\t\t<div class=\"evgovt-content\">\n\t\t\t\t\t\t\t\n\t\t\t\t\t\t\t\t\t\t\t\t\t\t\t\t\t\t\t\t\t<div class=\"post-title\">\n\t\t\t\t\t\t\t\t<a href=\"https:\/\/intra-dev-2.excellis.org\/?p=8593\" rel=\"bookmark\" title=\"Plateau Technique ISEE\">\n\t\t\t\t\t\t\t\t\t<h2 class=\"post-title\">Plateau Technique ISEE<\/h2>\n\t\t\t\t\t\t\t    <\/a>\n\t\t\t\t\t\t\t<\/div>\n\t\t\t\t\t\t\t\t\t\t\t\t\t\t\t\t\t\t\t\t\t\t\t\t\t\t\t<\/div>\n\t\t\t\t\t<\/div>\n\t\t\t\t<\/article>\n\t\t\t\t\t\t\t<article class=\"post-wrap\">\n\t\t\t\t\t<div class=\"wrap-article\">\n\t\t\t\t\t\t<div class=\"post-media\">\n\t\t\t\t\t\t\t\t\t\t\t\t\t\t\t<a href=\"https:\/\/intra-dev-2.excellis.org\/?p=11470\">\n\n\t\t\t\t\t\t\t\t\t<img decoding=\"async\" alt=\"Plateau Technique PHON\u00c9TIQUE (Th\u00e9odore Rosset)\" src=\"https:\/\/intra-dev-2.excellis.org\/wp-content\/uploads\/2026\/01\/Plateau-Technique-GIPSA-560x379.png\" \n\t\t\t\t\t\t\t\t\t\t\t\n\t\t\t\t\t\t\t\t\t\t\tsrcset=\"https:\/\/intra-dev-2.excellis.org\/wp-content\/uploads\/2026\/01\/Plateau-Technique-GIPSA-560x379.png 560w,\n\t\t\t\t\t\t\t\t\t\t\thttps:\/\/intra-dev-2.excellis.org\/wp-content\/uploads\/2026\/01\/Plateau-Technique-GIPSA-300x203.png 300w\" \n\t\t\t\t\t\t\t\t\t\t\tsizes=\"(max-width: 767px) 100vw, 560px\" >\n\t\t\t\t\t\t\t\t<\/a>\n\t\t\t\t\t\t\t\t\t\t\t\t\t<\/div>\n\t\t\t\t\t\t<div class=\"evgovt-content\">\n\t\t\t\t\t\t\t\n\t\t\t\t\t\t\t\t\t\t\t\t\t\t\t\t\t\t\t\t\t<div class=\"post-title\">\n\t\t\t\t\t\t\t\t<a href=\"https:\/\/intra-dev-2.excellis.org\/?p=11470\" rel=\"bookmark\" title=\"Plateau Technique PHON\u00c9TIQUE (Th\u00e9odore Rosset)\">\n\t\t\t\t\t\t\t\t\t<h2 class=\"post-title\">Plateau Technique PHON\u00c9TIQUE (Th\u00e9odore Rosset)<\/h2>\n\t\t\t\t\t\t\t    <\/a>\n\t\t\t\t\t\t\t<\/div>\n\t\t\t\t\t\t\t\t\t\t\t\t\t\t\t\t\t\t\t\t\t\t\t\t\t\t\t<\/div>\n\t\t\t\t\t<\/div>\n\t\t\t\t<\/article>\n\t\t\t\t\t\t\t<article class=\"post-wrap\">\n\t\t\t\t\t<div class=\"wrap-article\">\n\t\t\t\t\t\t<div class=\"post-media\">\n\t\t\t\t\t\t\t\t\t\t\t\t\t\t\t<a href=\"https:\/\/intra-dev-2.excellis.org\/?p=11472\">\n\n\t\t\t\t\t\t\t\t\t<img decoding=\"async\" alt=\"Plateau Technique RIESCO\" src=\"https:\/\/intra-dev-2.excellis.org\/wp-content\/uploads\/2026\/01\/Plateau-Technique-GIPSA-560x379.png\" \n\t\t\t\t\t\t\t\t\t\t\t\n\t\t\t\t\t\t\t\t\t\t\tsrcset=\"https:\/\/intra-dev-2.excellis.org\/wp-content\/uploads\/2026\/01\/Plateau-Technique-GIPSA-560x379.png 560w,\n\t\t\t\t\t\t\t\t\t\t\thttps:\/\/intra-dev-2.excellis.org\/wp-content\/uploads\/2026\/01\/Plateau-Technique-GIPSA-300x203.png 300w\" \n\t\t\t\t\t\t\t\t\t\t\tsizes=\"(max-width: 767px) 100vw, 560px\" >\n\t\t\t\t\t\t\t\t<\/a>\n\t\t\t\t\t\t\t\t\t\t\t\t\t<\/div>\n\t\t\t\t\t\t<div class=\"evgovt-content\">\n\t\t\t\t\t\t\t\n\t\t\t\t\t\t\t\t\t\t\t\t\t\t\t\t\t\t\t\t\t<div class=\"post-title\">\n\t\t\t\t\t\t\t\t<a href=\"https:\/\/intra-dev-2.excellis.org\/?p=11472\" rel=\"bookmark\" title=\"Plateau Technique RIESCO\">\n\t\t\t\t\t\t\t\t\t<h2 class=\"post-title\">Plateau Technique RIESCO<\/h2>\n\t\t\t\t\t\t\t    <\/a>\n\t\t\t\t\t\t\t<\/div>\n\t\t\t\t\t\t\t\t\t\t\t\t\t\t\t\t\t\t\t\t\t\t\t\t\t\t\t<\/div>\n\t\t\t\t\t<\/div>\n\t\t\t\t<\/article>\n\t\t\t\t\t\t\t<article class=\"post-wrap\">\n\t\t\t\t\t<div class=\"wrap-article\">\n\t\t\t\t\t\t<div class=\"post-media\">\n\t\t\t\t\t\t\t\t\t\t\t\t\t\t\t<a href=\"https:\/\/intra-dev-2.excellis.org\/?p=10655\">\n\n\t\t\t\t\t\t\t\t\t<img decoding=\"async\" alt=\"Plateau Technique Robotme\" src=\"https:\/\/intra-dev-2.excellis.org\/wp-content\/uploads\/2026\/01\/Plateau-Technique-GIPSA-560x379.png\" \n\t\t\t\t\t\t\t\t\t\t\t\n\t\t\t\t\t\t\t\t\t\t\tsrcset=\"https:\/\/intra-dev-2.excellis.org\/wp-content\/uploads\/2026\/01\/Plateau-Technique-GIPSA-560x379.png 560w,\n\t\t\t\t\t\t\t\t\t\t\thttps:\/\/intra-dev-2.excellis.org\/wp-content\/uploads\/2026\/01\/Plateau-Technique-GIPSA-300x203.png 300w\" \n\t\t\t\t\t\t\t\t\t\t\tsizes=\"(max-width: 767px) 100vw, 560px\" >\n\t\t\t\t\t\t\t\t<\/a>\n\t\t\t\t\t\t\t\t\t\t\t\t\t<\/div>\n\t\t\t\t\t\t<div class=\"evgovt-content\">\n\t\t\t\t\t\t\t\n\t\t\t\t\t\t\t\t\t\t\t\t\t\t\t\t\t\t\t\t\t<div class=\"post-title\">\n\t\t\t\t\t\t\t\t<a href=\"https:\/\/intra-dev-2.excellis.org\/?p=10655\" rel=\"bookmark\" title=\"Plateau Technique Robotme\">\n\t\t\t\t\t\t\t\t\t<h2 class=\"post-title\">Plateau Technique Robotme<\/h2>\n\t\t\t\t\t\t\t    <\/a>\n\t\t\t\t\t\t\t<\/div>\n\t\t\t\t\t\t\t\t\t\t\t\t\t\t\t\t\t\t\t\t\t\t\t\t\t\t\t<\/div>\n\t\t\t\t\t<\/div>\n\t\t\t\t<\/article>\n\t\t\t\t\t\t<\/div>\n\t\t<\/div>\n\t\t\t\t\t\t<\/div>\n\t\t\t\t<\/div>\n\t\t\t\t<div class=\"elementor-element elementor-element-48b41ee elementor-widget elementor-widget-ova_doc_archive\" data-id=\"48b41ee\" data-element_type=\"widget\" data-e-type=\"widget\" data-widget_type=\"ova_doc_archive.default\">\n\t\t\t\t<div class=\"elementor-widget-container\">\n\t\t\t\t\t\n<div class=\"ova_doc_wrap archive-doc one_column\">\n\t\t<div class=\"ova_doc_content\">\n\t\t<div class=\"doc-list-item\">\n\t\t\t\t\t<div class=\"items-doc\">\n\t\t\t\t<div class=\"item\">\n\t\t\t\t\t<div class=\"doc-icon-title\">\n\t\t\t\t\t\t\t\t\t\t\t\t\t<div class=\"icon-doc\">\n\t\t\t\t\t\t\t\t<i class=\"flaticon-files-1\"><\/i>\n\t\t\t\t\t\t\t<\/div>\n\t\t\t\t\t\t\t\t\t\t\t\t<div class=\"doc-title-item\">\n\t\t\t\t\t\t\t\t\t\t\t\t\t\t\t<h2 class=\"doc-title\">\n\t\t\t\t\t\t\t\t\t\t\t\t\t\t\t\t\t\t\t<a href=\"https:\/\/intra-dev-2.excellis.org\/?ova_doc=test\">\n\t\t\t\t\t\t\t\t\t\t\tNotices Plateaux Techniques\t\t\t\t\t\t\t\t\t\t<\/a>\n\t\t\t\t\t\t\t\t\t\t\t\t\t\t\t\t\t<\/h2>\n\t\t\t\t\t\t\t\t\t\t\t\t\t\t<div class=\"doc-meta\">\n\t\t\t\t\t\t\t\t\t\t\t\t\t\t\t\t\t<span class=\" doc-meta-general\">\n\t\t\t\t\t\t\t\t\t\t13 d\u00e9cembre 2025\t\t\t\t\t\t\t\t\t<\/span>\n\t\t\t\t\t\t\t\t\t\t\t\t\t\t\t\t\t\t\t\t\t\t\t\t\t<span class=\" doc-categories\">\n\t\t\t\t\t\t\t\t\t\t\t\t\t<span class=\"separator-in doc-meta-general\">\n\t\t\t\t- Dans\t\t\t<\/span>\n\t\t\t\t\t\t\t<span class=\"cat-doc\">\n\t\t\t\t\t<a href=\"https:\/\/intra-dev-2.excellis.org\/?cat_doc=plateaux-techniques\">\n\t\t\t\t\t\tPlateaux Techniques\t\t\t\t\t<\/a>\n\t\t\t\t<\/span>\n\t\t\t\t<span class=\"separator\">\n\t\t\t\t\t\t\t\t\t<\/span>\n\t\t\t\t\t\t\t\t\t\t\t    <\/span>\n\t\t\t\t\t\t\t\t\t\t\t\t\t\t\t<\/div>\n\t\t\t\t\t\t<\/div>\n\t\t\t\t\t<\/div>\n\t\t\t\t\t\t\t\t\t\t\t<div class=\"doc-readmore\">\n\t\t\t\t\t\t\t<a class=\"second_font\" href=\"https:\/\/intra-dev-2.excellis.org\/?ova_doc=test\">\n\t\t\t\t\t\t\t\tVoir le(s) Document(s)\t\t\t\t\t\t\t<\/a>\n\t\t\t\t\t\t<\/div>\n\t\t\t\t\t\t\t\t\t<\/div>\n\t\t\t<\/div>\n\t\t\t\t<\/div>\n\t<\/div>\n<\/div>\t\t\t\t<\/div>\n\t\t\t\t<\/div>\n\t\t\t\t<\/div>\n\t\t\t\t<\/div>\n\t\t\t\t<\/div>\n\t\t\t\t<\/div>\n\t\t\t\t\t<\/div>\n\t\t\t\t<\/div>\n\t\t\t\t<\/div>\n\t\t","protected":false},"excerpt":{"rendered":"<p>Les Plateformes Automatique Avanc\u00e9e Enseignement Human Data Mesures Avanc\u00e9es Robotique Les Plateaux Techniques AIDA G\u00e9olinguistique &amp; Ethnolinguistique GICS ISEE Phon\u00e9tique (Th\u00e9odore Rosset) RIESCO ROBOTME Plateforme Enseignement Ax\u00e9e sur les\u00a0probl\u00e9matiques de contr\u00f4le-commande et de diagnostics de syst\u00e8mes dynamiques, cette plateforme accompagne les projets n\u00e9cessitant des solutions embarqu\u00e9es, complexes et en r\u00e9seau. Ses plateaux techniques sont \u00e9quip\u00e9s [&hellip;]<\/p>\n","protected":false},"author":2,"featured_media":0,"parent":7972,"menu_order":2,"comment_status":"closed","ping_status":"closed","template":"","meta":{"rs_blank_template":"","rs_page_bg_color":"","slide_template_v7":"","footnotes":""},"class_list":["post-8987","page","type-page","status-publish","hentry"],"lang":"fr","translations":{"fr":8987},"pll_sync_post":[],"_links":{"self":[{"href":"https:\/\/intra-dev-2.excellis.org\/index.php?rest_route=\/wp\/v2\/pages\/8987","targetHints":{"allow":["GET"]}}],"collection":[{"href":"https:\/\/intra-dev-2.excellis.org\/index.php?rest_route=\/wp\/v2\/pages"}],"about":[{"href":"https:\/\/intra-dev-2.excellis.org\/index.php?rest_route=\/wp\/v2\/types\/page"}],"author":[{"embeddable":true,"href":"https:\/\/intra-dev-2.excellis.org\/index.php?rest_route=\/wp\/v2\/users\/2"}],"replies":[{"embeddable":true,"href":"https:\/\/intra-dev-2.excellis.org\/index.php?rest_route=%2Fwp%2Fv2%2Fcomments&post=8987"}],"version-history":[{"count":28,"href":"https:\/\/intra-dev-2.excellis.org\/index.php?rest_route=\/wp\/v2\/pages\/8987\/revisions"}],"predecessor-version":[{"id":11523,"href":"https:\/\/intra-dev-2.excellis.org\/index.php?rest_route=\/wp\/v2\/pages\/8987\/revisions\/11523"}],"up":[{"embeddable":true,"href":"https:\/\/intra-dev-2.excellis.org\/index.php?rest_route=\/wp\/v2\/pages\/7972"}],"wp:attachment":[{"href":"https:\/\/intra-dev-2.excellis.org\/index.php?rest_route=%2Fwp%2Fv2%2Fmedia&parent=8987"}],"curies":[{"name":"wp","href":"https:\/\/api.w.org\/{rel}","templated":true}]}}